{"id":1382,"date":"2025-08-28T19:58:00","date_gmt":"2025-08-28T19:58:00","guid":{"rendered":"https:\/\/hanfufrance.com\/?page_id=1382"},"modified":"2025-08-30T13:10:40","modified_gmt":"2025-08-30T13:10:40","slug":"adhesion","status":"publish","type":"page","link":"https:\/\/hanfufrance.com\/zh\/adhesion\/","title":{"rendered":"Adh\u00e9sion"},"content":{"rendered":"<div data-elementor-type=\"wp-page\" data-elementor-id=\"1382\" class=\"elementor elementor-1382\">\n\t\t\t\t<div class=\"elementor-element elementor-element-ae42d3e e-flex e-con-boxed e-con e-parent\" data-id=\"ae42d3e\" data-element_type=\"container\" data-e-type=\"container\" data-settings=\"{&quot;background_background&quot;:&quot;classic&quot;}\">\n\t\t\t\t\t<div class=\"e-con-inner\">\n\t\t\t\t<div class=\"elementor-element elementor-element-50264fa elementor-widget elementor-widget-spacer\" data-id=\"50264fa\" data-element_type=\"widget\" data-e-type=\"widget\" data-widget_type=\"spacer.default\">\n\t\t\t\t\t\t\t<div class=\"elementor-spacer\">\n\t\t\t<div class=\"elementor-spacer-inner\"><\/div>\n\t\t<\/div>\n\t\t\t\t\t\t<\/div>\n\t\t\t\t<div class=\"elementor-element elementor-element-190d6f9 elementor-invisible elementor-widget elementor-widget-heading\" data-id=\"190d6f9\" data-element_type=\"widget\" data-e-type=\"widget\" data-settings=\"{&quot;_animation&quot;:&quot;zoomIn&quot;}\" data-widget_type=\"heading.default\">\n\t\t\t\t\t<h2 class=\"elementor-heading-title elementor-size-default\">Rejoignez notre association et participez \u00e0 notre aventure !<\/h2>\t\t\t\t<\/div>\n\t\t<div class=\"elementor-element elementor-element-1f61a08 e-con-full e-flex e-con e-child\" data-id=\"1f61a08\" data-element_type=\"container\" data-e-type=\"container\">\n\t\t<div class=\"elementor-element elementor-element-3f1068b e-con-full e-flex elementor-invisible e-con e-child\" data-id=\"3f1068b\" data-element_type=\"container\" data-e-type=\"container\" data-settings=\"{&quot;background_background&quot;:&quot;classic&quot;,&quot;animation&quot;:&quot;zoomInDown&quot;}\">\n\t\t\t\t<div class=\"elementor-element elementor-element-ac34711 elementor-widget elementor-widget-spacer\" data-id=\"ac34711\" data-element_type=\"widget\" data-e-type=\"widget\" data-widget_type=\"spacer.default\">\n\t\t\t\t\t\t\t<div class=\"elementor-spacer\">\n\t\t\t<div class=\"elementor-spacer-inner\"><\/div>\n\t\t<\/div>\n\t\t\t\t\t\t<\/div>\n\t\t\t\t<div class=\"elementor-element elementor-element-00f9c13 elementor-widget__width-initial elementor-widget elementor-widget-text-editor\" data-id=\"00f9c13\" data-element_type=\"widget\" data-e-type=\"widget\" data-widget_type=\"text-editor.default\">\n\t\t\t\t\t\t\t\t\t<p data-start=\"123\" data-end=\"313\"><strong>Notre association a pour mission de promouvoir la culture et de rassembler une communaut\u00e9 dynamique autour de projets, d\u2019\u00e9v\u00e9nements et d\u2019\u00e9changes enrichissants.<\/strong><\/p><p data-start=\"315\" data-end=\"376\">En devenant membre, vous b\u00e9n\u00e9ficiez de nombreux avantages :<\/p><p>&#8211; Int\u00e9gration dans l\u2019un de nos groupes WhatsApp ou WeChat (selon votre langue)<\/p><p data-start=\"460\" data-end=\"517\">&#8211; Informations r\u00e9guli\u00e8res sur nos actualit\u00e9s et activit\u00e9s<\/p><p data-start=\"520\" data-end=\"564\">&#8211; Participation privil\u00e9gi\u00e9e \u00e0 nos \u00e9v\u00e9nements<\/p><p data-start=\"567\" data-end=\"619\">&#8211; Priorit\u00e9 pour devenir b\u00e9n\u00e9vole lors de nos projets<\/p><p data-start=\"622\" data-end=\"681\">&#8211; R\u00e9ductions exclusives sur la location ou l\u2019achat de hanfu<\/p><p data-start=\"684\" data-end=\"754\">&#8211; Invitation \u00e0 collaborer et \u00e0 prendre part \u00e0 des projets passionnants<\/p>\t\t\t\t\t\t\t\t<\/div>\n\t\t\t\t<div class=\"elementor-element elementor-element-157093b elementor-widget elementor-widget-spacer\" data-id=\"157093b\" data-element_type=\"widget\" data-e-type=\"widget\" data-widget_type=\"spacer.default\">\n\t\t\t\t\t\t\t<div class=\"elementor-spacer\">\n\t\t\t<div class=\"elementor-spacer-inner\"><\/div>\n\t\t<\/div>\n\t\t\t\t\t\t<\/div>\n\t\t\t\t<\/div>\n\t\t\t\t<div class=\"elementor-element elementor-element-141e58d elementor-tablet-align-center elementor-align-left elementor-invisible elementor-widget elementor-widget-button\" data-id=\"141e58d\" data-element_type=\"widget\" data-e-type=\"widget\" data-settings=\"{&quot;_animation&quot;:&quot;zoomInDown&quot;}\" data-widget_type=\"button.default\">\n\t\t\t\t\t\t\t\t\t\t<a class=\"elementor-button elementor-button-link elementor-size-md\" href=\"https:\/\/docs.google.com\/forms\/d\/e\/1FAIpQLSfnkSkNlcCafJeIjSoB8TZM4uYwfXM_AcZGZPsHQ0P9yof7uA\/viewform?pli=1\">\n\t\t\t\t\t\t<span class=\"elementor-button-content-wrapper\">\n\t\t\t\t\t\t\t\t\t<span class=\"elementor-button-text\">J'Adh\u00e8re<\/span>\n\t\t\t\t\t<\/span>\n\t\t\t\t\t<\/a>\n\t\t\t\t\t\t\t\t<\/div>\n\t\t\t\t<\/div>\n\t\t\t\t<div class=\"elementor-element elementor-element-70d6fc3 elementor-widget elementor-widget-spacer\" data-id=\"70d6fc3\" data-element_type=\"widget\" data-e-type=\"widget\" data-widget_type=\"spacer.default\">\n\t\t\t\t\t\t\t<div class=\"elementor-spacer\">\n\t\t\t<div class=\"elementor-spacer-inner\"><\/div>\n\t\t<\/div>\n\t\t\t\t\t\t<\/div>\n\t\t\t\t\t<\/div>\n\t\t\t\t<\/div>\n\t\t<div class=\"elementor-element elementor-element-ee275f1 e-flex e-con-boxed e-con e-parent\" data-id=\"ee275f1\" data-element_type=\"container\" data-e-type=\"container\">\n\t\t\t\t\t<div class=\"e-con-inner\">\n\t\t\t\t\t<\/div>\n\t\t\t\t<\/div>\n\t\t\t\t<\/div>","protected":false},"excerpt":{"rendered":"<p>Rejoignez notre association et participez \u00e0 notre aventure ! Notre association a pour mission de promouvoir la culture et de rassembler une communaut\u00e9 dynamique autour de projets, d\u2019\u00e9v\u00e9nements et d\u2019\u00e9changes enrichissants. En devenant membre, vous b\u00e9n\u00e9ficiez de nombreux avantages : &#8211; Int\u00e9gration dans l\u2019un de nos groupes WhatsApp ou WeChat (selon votre langue) &#8211; Informations [&hellip;]<\/p>","protected":false},"author":1,"featured_media":0,"parent":0,"menu_order":0,"comment_status":"closed","ping_status":"closed","template":"","meta":{"ocean_post_layout":"full-screen","ocean_both_sidebars_style":"","ocean_both_sidebars_content_width":0,"ocean_both_sidebars_sidebars_width":0,"ocean_sidebar":"","ocean_second_sidebar":"","ocean_disable_margins":"enable","ocean_add_body_class":"","ocean_shortcode_before_top_bar":"","ocean_shortcode_after_top_bar":"","ocean_shortcode_before_header":"","ocean_shortcode_after_header":"","ocean_has_shortcode":"","ocean_shortcode_after_title":"","ocean_shortcode_before_footer_widgets":"","ocean_shortcode_after_footer_widgets":"","ocean_shortcode_before_footer_bottom":"","ocean_shortcode_after_footer_bottom":"","ocean_display_top_bar":"default","ocean_display_header":"default","ocean_header_style":"","ocean_center_header_left_menu":"","ocean_custom_header_template":"","ocean_custom_logo":0,"ocean_custom_retina_logo":0,"ocean_custom_logo_max_width":0,"ocean_custom_logo_tablet_max_width":0,"ocean_custom_logo_mobile_max_width":0,"ocean_custom_logo_max_height":0,"ocean_custom_logo_tablet_max_height":0,"ocean_custom_logo_mobile_max_height":0,"ocean_header_custom_menu":"","ocean_menu_typo_font_family":"","ocean_menu_typo_font_subset":"","ocean_menu_typo_font_size":0,"ocean_menu_typo_font_size_tablet":0,"ocean_menu_typo_font_size_mobile":0,"ocean_menu_typo_font_size_unit":"px","ocean_menu_typo_font_weight":"","ocean_menu_typo_font_weight_tablet":"","ocean_menu_typo_font_weight_mobile":"","ocean_menu_typo_transform":"","ocean_menu_typo_transform_tablet":"","ocean_menu_typo_transform_mobile":"","ocean_menu_typo_line_height":0,"ocean_menu_typo_line_height_tablet":0,"ocean_menu_typo_line_height_mobile":0,"ocean_menu_typo_line_height_unit":"","ocean_menu_typo_spacing":0,"ocean_menu_typo_spacing_tablet":0,"ocean_menu_typo_spacing_mobile":0,"ocean_menu_typo_spacing_unit":"","ocean_menu_link_color":"","ocean_menu_link_color_hover":"","ocean_menu_link_color_active":"","ocean_menu_link_background":"","ocean_menu_link_hover_background":"","ocean_menu_link_active_background":"","ocean_menu_social_links_bg":"","ocean_menu_social_hover_links_bg":"","ocean_menu_social_links_color":"","ocean_menu_social_hover_links_color":"","ocean_disable_title":"on","ocean_disable_heading":"default","ocean_post_title":"","ocean_post_subheading":"","ocean_post_title_style":"","ocean_post_title_background_color":"","ocean_post_title_background":0,"ocean_post_title_bg_image_position":"","ocean_post_title_bg_image_attachment":"","ocean_post_title_bg_image_repeat":"","ocean_post_title_bg_image_size":"","ocean_post_title_height":0,"ocean_post_title_bg_overlay":0.5,"ocean_post_title_bg_overlay_color":"","ocean_disable_breadcrumbs":"default","ocean_breadcrumbs_color":"","ocean_breadcrumbs_separator_color":"","ocean_breadcrumbs_links_color":"","ocean_breadcrumbs_links_hover_color":"","ocean_display_footer_widgets":"off","ocean_display_footer_bottom":"off","ocean_custom_footer_template":"","footnotes":""},"class_list":["post-1382","page","type-page","status-publish","hentry","entry"],"_links":{"self":[{"href":"https:\/\/hanfufrance.com\/zh\/wp-json\/wp\/v2\/pages\/1382","targetHints":{"allow":["GET"]}}],"collection":[{"href":"https:\/\/hanfufrance.com\/zh\/wp-json\/wp\/v2\/pages"}],"about":[{"href":"https:\/\/hanfufrance.com\/zh\/wp-json\/wp\/v2\/types\/page"}],"author":[{"embeddable":true,"href":"https:\/\/hanfufrance.com\/zh\/wp-json\/wp\/v2\/users\/1"}],"replies":[{"embeddable":true,"href":"https:\/\/hanfufrance.com\/zh\/wp-json\/wp\/v2\/comments?post=1382"}],"version-history":[{"count":19,"href":"https:\/\/hanfufrance.com\/zh\/wp-json\/wp\/v2\/pages\/1382\/revisions"}],"predecessor-version":[{"id":1789,"href":"https:\/\/hanfufrance.com\/zh\/wp-json\/wp\/v2\/pages\/1382\/revisions\/1789"}],"wp:attachment":[{"href":"https:\/\/hanfufrance.com\/zh\/wp-json\/wp\/v2\/media?parent=1382"}],"curies":[{"name":"wp","href":"https:\/\/api.w.org\/{rel}","templated":true}]}}