{"id":174,"date":"2025-08-16T18:09:28","date_gmt":"2025-08-16T18:09:28","guid":{"rendered":"https:\/\/hanfufrance.com\/?page_id=174"},"modified":"2025-08-24T12:44:53","modified_gmt":"2025-08-24T12:44:53","slug":"galerie","status":"publish","type":"page","link":"https:\/\/hanfufrance.com\/zh\/galerie\/","title":{"rendered":"Galerie"},"content":{"rendered":"<div data-elementor-type=\"wp-page\" data-elementor-id=\"174\" class=\"elementor elementor-174\">\n\t\t\t\t\t\t<section class=\"elementor-section elementor-top-section elementor-element elementor-element-2f74b163 elementor-section-stretched elementor-section-boxed elementor-section-height-default elementor-section-height-default\" data-id=\"2f74b163\" data-element_type=\"section\" data-e-type=\"section\" data-settings=\"{&quot;background_background&quot;:&quot;classic&quot;,&quot;stretch_section&quot;:&quot;section-stretched&quot;}\">\n\t\t\t\t\t\t\t<div class=\"elementor-background-overlay\"><\/div>\n\t\t\t\t\t\t\t<div class=\"elementor-container elementor-column-gap-default\">\n\t\t\t\t\t<div class=\"elementor-column elementor-col-100 elementor-top-column elementor-element elementor-element-5492c8be\" data-id=\"5492c8be\" data-element_type=\"column\" data-e-type=\"column\" data-settings=\"{&quot;background_background&quot;:&quot;classic&quot;}\">\n\t\t\t<div class=\"elementor-widget-wrap elementor-element-populated\">\n\t\t\t\t\t\t<section class=\"elementor-section elementor-inner-section elementor-element elementor-element-25b648 elementor-section-boxed elementor-section-height-default elementor-section-height-default\" data-id=\"25b648\" data-element_type=\"section\" data-e-type=\"section\">\n\t\t\t\t\t\t<div class=\"elementor-container elementor-column-gap-default\">\n\t\t\t\t\t<div class=\"elementor-column elementor-col-100 elementor-inner-column elementor-element elementor-element-5ffa33\" data-id=\"5ffa33\" data-element_type=\"column\" data-e-type=\"column\">\n\t\t\t<div class=\"elementor-widget-wrap elementor-element-populated\">\n\t\t\t\t\t\t<div class=\"elementor-element elementor-element-3a6be75b envato-kit-138-bracket elementor-widget elementor-widget-heading\" data-id=\"3a6be75b\" data-element_type=\"widget\" data-e-type=\"widget\" data-widget_type=\"heading.default\">\n\t\t\t\t\t<h3 class=\"elementor-heading-title elementor-size-default\">Un voyage en images au c\u0153ur de nos activit\u00e9s<\/h3>\t\t\t\t<\/div>\n\t\t\t\t<div class=\"elementor-element elementor-element-32740ef6 elementor-widget elementor-widget-heading\" data-id=\"32740ef6\" data-element_type=\"widget\" data-e-type=\"widget\" data-widget_type=\"heading.default\">\n\t\t\t\t\t<h2 class=\"elementor-heading-title elementor-size-default\">Galerie de l\u2019Association Boyan<\/h2>\t\t\t\t<\/div>\n\t\t\t\t<div class=\"elementor-element elementor-element-626bcc24 elementor-widget-divider--view-line elementor-widget elementor-widget-divider\" data-id=\"626bcc24\" data-element_type=\"widget\" data-e-type=\"widget\" data-widget_type=\"divider.default\">\n\t\t\t\t\t\t\t<div class=\"elementor-divider\">\n\t\t\t<span class=\"elementor-divider-separator\">\n\t\t\t\t\t\t<\/span>\n\t\t<\/div>\n\t\t\t\t\t\t<\/div>\n\t\t\t\t<div class=\"elementor-element elementor-element-402224c4 elementor-widget elementor-widget-text-editor\" data-id=\"402224c4\" data-element_type=\"widget\" data-e-type=\"widget\" data-widget_type=\"text-editor.default\">\n\t\t\t\t\t\t\t\t\t<p>D\u00e9couvrez en images la vie de notre association : nos \u00e9v\u00e9nements culturels, nos ateliers, nos rencontres et les moments de partage qui rythment notre communaut\u00e9. Cette galerie refl\u00e8te l\u2019\u00e9nergie, la diversit\u00e9 et la passion de nos membres, r\u00e9unis autour d\u2019un m\u00eame esprit de solidarit\u00e9 et de d\u00e9couverte.<\/p>\t\t\t\t\t\t\t\t<\/div>\n\t\t\t\t\t<\/div>\n\t\t<\/div>\n\t\t\t\t\t<\/div>\n\t\t<\/section>\n\t\t\t\t<div class=\"elementor-element elementor-element-19b66f40 elementor-widget elementor-widget-spacer\" data-id=\"19b66f40\" data-element_type=\"widget\" data-e-type=\"widget\" data-widget_type=\"spacer.default\">\n\t\t\t\t\t\t\t<div class=\"elementor-spacer\">\n\t\t\t<div class=\"elementor-spacer-inner\"><\/div>\n\t\t<\/div>\n\t\t\t\t\t\t<\/div>\n\t\t\t\t<section class=\"elementor-section elementor-inner-section elementor-element elementor-element-4879ec29 elementor-section-full_width elementor-section-height-default elementor-section-height-default\" data-id=\"4879ec29\" data-element_type=\"section\" data-e-type=\"section\">\n\t\t\t\t\t\t<div class=\"elementor-container elementor-column-gap-default\">\n\t\t\t\t\t<div class=\"elementor-column elementor-col-25 elementor-inner-column elementor-element elementor-element-536ab43e\" data-id=\"536ab43e\" data-element_type=\"column\" data-e-type=\"column\">\n\t\t\t<div class=\"elementor-widget-wrap elementor-element-populated\">\n\t\t\t\t\t\t<div class=\"elementor-element elementor-element-46a5ec6a elementor-widget elementor-widget-image\" data-id=\"46a5ec6a\" data-element_type=\"widget\" data-e-type=\"widget\" data-widget_type=\"image.default\">\n\t\t\t\t\t\t\t\t\t\t\t\t\t\t\t<img decoding=\"async\" src=\"https:\/\/hanfufrance.com\/wp-content\/uploads\/elementor\/thumbs\/lion-animal-nature-predator-40835-raq9xg7pvbdcuyf9ejwrygn87e3rn9pd6nyx7ot7v4.jpeg\" title=\"lion-animal-nature-predator-40835.jpeg\" alt=\"lion-animal-nature-predator-40835.jpeg\" loading=\"lazy\" \/>\t\t\t\t\t\t\t\t\t\t\t\t\t\t\t<\/div>\n\t\t\t\t<div class=\"elementor-element elementor-element-31a56748 elementor-widget elementor-widget-image\" data-id=\"31a56748\" data-element_type=\"widget\" data-e-type=\"widget\" data-widget_type=\"image.default\">\n\t\t\t\t\t\t\t\t\t\t\t\t\t\t\t<img decoding=\"async\" src=\"https:\/\/hanfufrance.com\/wp-content\/uploads\/elementor\/thumbs\/zz-newsletter-1-raq9xh5h0igzb1ca1yumkivt61kkeaprb0w2duw780.jpg\" title=\"zz-newsletter-1.jpg\" alt=\"zz-newsletter-1.jpg\" loading=\"lazy\" \/>\t\t\t\t\t\t\t\t\t\t\t\t\t\t\t<\/div>\n\t\t\t\t<div class=\"elementor-element elementor-element-36e4360f elementor-widget elementor-widget-image\" data-id=\"36e4360f\" data-element_type=\"widget\" data-e-type=\"widget\" data-widget_type=\"image.default\">\n\t\t\t\t\t\t\t\t\t\t\t\t\t\t\t<img decoding=\"async\" src=\"https:\/\/hanfufrance.com\/wp-content\/uploads\/elementor\/thumbs\/aaron-burden-25846-unsplash-raq9xi3e8zeicozt9e0vrol4fjpzvxyvd7jb3uezws.jpg\" title=\"aaron-burden-25846-unsplash.jpg\" alt=\"aaron-burden-25846-unsplash.jpg\" loading=\"lazy\" \/>\t\t\t\t\t\t\t\t\t\t\t\t\t\t\t<\/div>\n\t\t\t\t\t<\/div>\n\t\t<\/div>\n\t\t\t\t<div class=\"elementor-column elementor-col-25 elementor-inner-column elementor-element elementor-element-1711b7e\" data-id=\"1711b7e\" data-element_type=\"column\" data-e-type=\"column\">\n\t\t\t<div class=\"elementor-widget-wrap elementor-element-populated\">\n\t\t\t\t\t\t<div class=\"elementor-element elementor-element-31f835a8 elementor-widget elementor-widget-image\" data-id=\"31f835a8\" data-element_type=\"widget\" data-e-type=\"widget\" data-widget_type=\"image.default\">\n\t\t\t\t\t\t\t\t\t\t\t\t\t\t\t<img decoding=\"async\" src=\"https:\/\/hanfufrance.com\/wp-content\/uploads\/elementor\/thumbs\/kane-reinholdtsen-188778-unsplash-raq9xj15e6jjy99jqznvpieqctbatox7za71cetevk.jpg\" title=\"kane-reinholdtsen-188778-unsplash.jpg\" alt=\"kane-reinholdtsen-188778-unsplash.jpg\" loading=\"lazy\" \/>\t\t\t\t\t\t\t\t\t\t\t\t\t\t\t<\/div>\n\t\t\t\t<div class=\"elementor-element elementor-element-e14ac9c elementor-widget elementor-widget-image\" data-id=\"e14ac9c\" data-element_type=\"widget\" data-e-type=\"widget\" data-widget_type=\"image.default\">\n\t\t\t\t\t\t\t\t\t\t\t\t\t\t\t<img decoding=\"async\" src=\"https:\/\/hanfufrance.com\/wp-content\/uploads\/elementor\/thumbs\/zz-featured-raq9xj18ftfsoayg3wfic6cl0xld3n2lpc6sl4dlqk.jpg\" title=\"zz-featured.jpg\" alt=\"zz-featured.jpg\" loading=\"lazy\" \/>\t\t\t\t\t\t\t\t\t\t\t\t\t\t\t<\/div>\n\t\t\t\t<div class=\"elementor-element elementor-element-39299e22 elementor-widget elementor-widget-image\" data-id=\"39299e22\" data-element_type=\"widget\" data-e-type=\"widget\" data-widget_type=\"image.default\">\n\t\t\t\t\t\t\t\t\t\t\t\t\t\t\t<img decoding=\"async\" src=\"https:\/\/hanfufrance.com\/wp-content\/uploads\/elementor\/thumbs\/zz-about-raq9xjz2mnii5e9sslja8fp2kxl8i24aj6kv4snn68.jpg\" title=\"zz-about.jpg\" alt=\"zz-about.jpg\" loading=\"lazy\" \/>\t\t\t\t\t\t\t\t\t\t\t\t\t\t\t<\/div>\n\t\t\t\t\t<\/div>\n\t\t<\/div>\n\t\t\t\t<div class=\"elementor-column elementor-col-25 elementor-inner-column elementor-element elementor-element-40cfcd88\" data-id=\"40cfcd88\" data-element_type=\"column\" data-e-type=\"column\">\n\t\t\t<div class=\"elementor-widget-wrap elementor-element-populated\">\n\t\t\t\t\t\t<div class=\"elementor-element elementor-element-626771db elementor-widget elementor-widget-image\" data-id=\"626771db\" data-element_type=\"widget\" data-e-type=\"widget\" data-widget_type=\"image.default\">\n\t\t\t\t\t\t\t\t\t\t\t\t\t\t\t<img decoding=\"async\" src=\"https:\/\/hanfufrance.com\/wp-content\/uploads\/elementor\/thumbs\/pexels-photo-667205-raq9xlunyonex35gaivrezp44yxegs8ezo5hs8p8cw.jpeg\" title=\"pexels-photo-667205.jpeg\" alt=\"pexels-photo-667205.jpeg\" loading=\"lazy\" \/>\t\t\t\t\t\t\t\t\t\t\t\t\t\t\t<\/div>\n\t\t\t\t<div class=\"elementor-element elementor-element-60a4f42d elementor-widget elementor-widget-image\" data-id=\"60a4f42d\" data-element_type=\"widget\" data-e-type=\"widget\" data-widget_type=\"image.default\">\n\t\t\t\t\t\t\t\t\t\t\t\t\t\t\t<img decoding=\"async\" src=\"https:\/\/hanfufrance.com\/wp-content\/uploads\/elementor\/thumbs\/ricardo-gomez-angel-223077-unsplash-raq9xlur0bl2sm72hmcjdf7zrpbyxgbr7fvu3ckuts.jpg\" title=\"ricardo-gomez-angel-223077-unsplash.jpg\" alt=\"ricardo-gomez-angel-223077-unsplash.jpg\" loading=\"lazy\" \/>\t\t\t\t\t\t\t\t\t\t\t\t\t\t\t<\/div>\n\t\t\t\t<div class=\"elementor-element elementor-element-7deeda09 elementor-widget elementor-widget-image\" data-id=\"7deeda09\" data-element_type=\"widget\" data-e-type=\"widget\" data-widget_type=\"image.default\">\n\t\t\t\t\t\t\t\t\t\t\t\t\t\t\t<img decoding=\"async\" src=\"https:\/\/hanfufrance.com\/wp-content\/uploads\/elementor\/thumbs\/zz-newsletter-2-raq9xnqfdzm8acrmcggn6n5vzuy764l9dzg7zi6mvg.jpg\" title=\"zz-newsletter-2.jpg\" alt=\"zz-newsletter-2.jpg\" loading=\"lazy\" \/>\t\t\t\t\t\t\t\t\t\t\t\t\t\t\t<\/div>\n\t\t\t\t\t<\/div>\n\t\t<\/div>\n\t\t\t\t<div class=\"elementor-column elementor-col-25 elementor-inner-column elementor-element elementor-element-53475d5a\" data-id=\"53475d5a\" data-element_type=\"column\" data-e-type=\"column\">\n\t\t\t<div class=\"elementor-widget-wrap elementor-element-populated\">\n\t\t\t\t\t\t<div class=\"elementor-element elementor-element-5212c6fe elementor-widget elementor-widget-image\" data-id=\"5212c6fe\" data-element_type=\"widget\" data-e-type=\"widget\" data-widget_type=\"image.default\">\n\t\t\t\t\t\t\t\t\t\t\t\t\t\t\t<img decoding=\"async\" src=\"https:\/\/hanfufrance.com\/wp-content\/uploads\/elementor\/thumbs\/caroline-grondin-95056-unsplash-raq9xpm3rnosxkow1h9wbmot6moxlisq28r6y23uj0.jpg\" title=\"caroline-grondin-95056-unsplash.jpg\" alt=\"caroline-grondin-95056-unsplash.jpg\" loading=\"lazy\" \/>\t\t\t\t\t\t\t\t\t\t\t\t\t\t\t<\/div>\n\t\t\t\t<div class=\"elementor-element elementor-element-1da60ef8 elementor-widget elementor-widget-image\" data-id=\"1da60ef8\" data-element_type=\"widget\" data-e-type=\"widget\" data-widget_type=\"image.default\">\n\t\t\t\t\t\t\t\t\t\t\t\t\t\t\t\t<a href=\"https:\/\/hanfufrance.com\/wp-content\/uploads\/2025\/08\/austin-johnson-275715-unsplash.jpg\" data-elementor-open-lightbox=\"yes\" data-elementor-lightbox-title=\"austin-johnson-275715-unsplash.jpg\" data-e-action-hash=\"#elementor-action%3Aaction%3Dlightbox%26settings%3DeyJpZCI6IjcwNiIsInVybCI6Imh0dHBzOlwvXC9oYW5mdWZyYW5jZS5jb21cL3dwLWNvbnRlbnRcL3VwbG9hZHNcLzIwMjVcLzA4XC9hdXN0aW4tam9obnNvbi0yNzU3MTUtdW5zcGxhc2guanBnIn0%3D\">\n\t\t\t\t\t\t\t<img decoding=\"async\" src=\"https:\/\/hanfufrance.com\/wp-content\/uploads\/elementor\/thumbs\/austin-johnson-275715-unsplash-raq9xqjxyhrieo08q6do7w1aqmoszxuew359hqdvyo.jpg\" title=\"austin-johnson-275715-unsplash.jpg\" alt=\"austin-johnson-275715-unsplash.jpg\" loading=\"lazy\" \/>\t\t\t\t\t\t\t\t<\/a>\n\t\t\t\t\t\t\t\t\t\t\t\t\t\t\t<\/div>\n\t\t\t\t<div class=\"elementor-element elementor-element-5ac720c6 elementor-widget elementor-widget-image\" data-id=\"5ac720c6\" data-element_type=\"widget\" data-e-type=\"widget\" data-widget_type=\"image.default\">\n\t\t\t\t\t\t\t\t\t\t\t\t\t\t\t<img decoding=\"async\" src=\"https:\/\/hanfufrance.com\/wp-content\/uploads\/elementor\/thumbs\/lion-animal-nature-predator-40835-raq9xg7hcbvgi3zp6b7i84epppirkr5p72ue7silqg.jpeg\" title=\"lion-animal-nature-predator-40835.jpeg\" alt=\"lion-animal-nature-predator-40835.jpeg\" loading=\"lazy\" \/>\t\t\t\t\t\t\t\t\t\t\t\t\t\t\t<\/div>\n\t\t\t\t\t<\/div>\n\t\t<\/div>\n\t\t\t\t\t<\/div>\n\t\t<\/section>\n\t\t\t\t\t<\/div>\n\t\t<\/div>\n\t\t\t\t\t<\/div>\n\t\t<\/section>\n\t\t\t\t<\/div>","protected":false},"excerpt":{"rendered":"<p>Un voyage en images au c\u0153ur de nos activit\u00e9s Galerie de l\u2019Association Boyan D\u00e9couvrez en images la vie de notre association : nos \u00e9v\u00e9nements culturels, nos ateliers, nos rencontres et les moments de partage qui rythment notre communaut\u00e9. Cette galerie refl\u00e8te l\u2019\u00e9nergie, la diversit\u00e9 et la passion de nos membres, r\u00e9unis autour d\u2019un m\u00eame esprit [&hellip;]<\/p>","protected":false},"author":1,"featured_media":0,"parent":0,"menu_order":0,"comment_status":"closed","ping_status":"closed","template":"","meta":{"ocean_post_layout":"full-screen","ocean_both_sidebars_style":"","ocean_both_sidebars_content_width":0,"ocean_both_sidebars_sidebars_width":0,"ocean_sidebar":"","ocean_second_sidebar":"","ocean_disable_margins":"enable","ocean_add_body_class":"","ocean_shortcode_before_top_bar":"","ocean_shortcode_after_top_bar":"","ocean_shortcode_before_header":"","ocean_shortcode_after_header":"","ocean_has_shortcode":"","ocean_shortcode_after_title":"","ocean_shortcode_before_footer_widgets":"","ocean_shortcode_after_footer_widgets":"","ocean_shortcode_before_footer_bottom":"","ocean_shortcode_after_footer_bottom":"","ocean_display_top_bar":"default","ocean_display_header":"default","ocean_header_style":"","ocean_center_header_left_menu":"","ocean_custom_header_template":"","ocean_custom_logo":0,"ocean_custom_retina_logo":0,"ocean_custom_logo_max_width":0,"ocean_custom_logo_tablet_max_width":0,"ocean_custom_logo_mobile_max_width":0,"ocean_custom_logo_max_height":0,"ocean_custom_logo_tablet_max_height":0,"ocean_custom_logo_mobile_max_height":0,"ocean_header_custom_menu":"","ocean_menu_typo_font_family":"","ocean_menu_typo_font_subset":"","ocean_menu_typo_font_size":0,"ocean_menu_typo_font_size_tablet":0,"ocean_menu_typo_font_size_mobile":0,"ocean_menu_typo_font_size_unit":"px","ocean_menu_typo_font_weight":"","ocean_menu_typo_font_weight_tablet":"","ocean_menu_typo_font_weight_mobile":"","ocean_menu_typo_transform":"","ocean_menu_typo_transform_tablet":"","ocean_menu_typo_transform_mobile":"","ocean_menu_typo_line_height":0,"ocean_menu_typo_line_height_tablet":0,"ocean_menu_typo_line_height_mobile":0,"ocean_menu_typo_line_height_unit":"","ocean_menu_typo_spacing":0,"ocean_menu_typo_spacing_tablet":0,"ocean_menu_typo_spacing_mobile":0,"ocean_menu_typo_spacing_unit":"","ocean_menu_link_color":"","ocean_menu_link_color_hover":"","ocean_menu_link_color_active":"","ocean_menu_link_background":"","ocean_menu_link_hover_background":"","ocean_menu_link_active_background":"","ocean_menu_social_links_bg":"","ocean_menu_social_hover_links_bg":"","ocean_menu_social_links_color":"","ocean_menu_social_hover_links_color":"","ocean_disable_title":"on","ocean_disable_heading":"default","ocean_post_title":"","ocean_post_subheading":"","ocean_post_title_style":"","ocean_post_title_background_color":"","ocean_post_title_background":0,"ocean_post_title_bg_image_position":"","ocean_post_title_bg_image_attachment":"","ocean_post_title_bg_image_repeat":"","ocean_post_title_bg_image_size":"","ocean_post_title_height":0,"ocean_post_title_bg_overlay":0.5,"ocean_post_title_bg_overlay_color":"","ocean_disable_breadcrumbs":"default","ocean_breadcrumbs_color":"","ocean_breadcrumbs_separator_color":"","ocean_breadcrumbs_links_color":"","ocean_breadcrumbs_links_hover_color":"","ocean_display_footer_widgets":"off","ocean_display_footer_bottom":"off","ocean_custom_footer_template":"","footnotes":""},"class_list":["post-174","page","type-page","status-publish","hentry","entry"],"_links":{"self":[{"href":"https:\/\/hanfufrance.com\/zh\/wp-json\/wp\/v2\/pages\/174","targetHints":{"allow":["GET"]}}],"collection":[{"href":"https:\/\/hanfufrance.com\/zh\/wp-json\/wp\/v2\/pages"}],"about":[{"href":"https:\/\/hanfufrance.com\/zh\/wp-json\/wp\/v2\/types\/page"}],"author":[{"embeddable":true,"href":"https:\/\/hanfufrance.com\/zh\/wp-json\/wp\/v2\/users\/1"}],"replies":[{"embeddable":true,"href":"https:\/\/hanfufrance.com\/zh\/wp-json\/wp\/v2\/comments?post=174"}],"version-history":[{"count":4,"href":"https:\/\/hanfufrance.com\/zh\/wp-json\/wp\/v2\/pages\/174\/revisions"}],"predecessor-version":[{"id":712,"href":"https:\/\/hanfufrance.com\/zh\/wp-json\/wp\/v2\/pages\/174\/revisions\/712"}],"wp:attachment":[{"href":"https:\/\/hanfufrance.com\/zh\/wp-json\/wp\/v2\/media?parent=174"}],"curies":[{"name":"wp","href":"https:\/\/api.w.org\/{rel}","templated":true}]}}