{"id":198,"date":"2025-08-20T14:05:01","date_gmt":"2025-08-20T14:05:01","guid":{"rendered":"https:\/\/hanfufrance.com\/?page_id=198"},"modified":"2025-08-28T21:43:28","modified_gmt":"2025-08-28T21:43:28","slug":"evenements-recents","status":"publish","type":"page","link":"https:\/\/hanfufrance.com\/zh\/evenements-recents\/","title":{"rendered":"\u00c9v\u00e9nements r\u00e9cents"},"content":{"rendered":"<div data-elementor-type=\"wp-page\" data-elementor-id=\"198\" class=\"elementor elementor-198\">\n\t\t\t\t<div class=\"elementor-element elementor-element-b92f2be animated-slow e-flex e-con-boxed elementor-invisible e-con e-parent\" data-id=\"b92f2be\" data-element_type=\"container\" data-e-type=\"container\" data-settings=\"{&quot;background_background&quot;:&quot;classic&quot;,&quot;animation&quot;:&quot;fadeIn&quot;}\">\n\t\t\t\t\t<div class=\"e-con-inner\">\n\t\t\t\t<div class=\"elementor-element elementor-element-5833d76 elementor-widget elementor-widget-heading\" data-id=\"5833d76\" data-element_type=\"widget\" data-e-type=\"widget\" data-widget_type=\"heading.default\">\n\t\t\t\t\t<h2 class=\"elementor-heading-title elementor-size-default\">Nos \u00e9v\u00e9nements r\u00e9cents<\/h2>\t\t\t\t<\/div>\n\t\t\t\t\t<\/div>\n\t\t\t\t<\/div>\n\t\t<div class=\"elementor-element elementor-element-dd06d5c animated-slow e-flex e-con-boxed elementor-invisible e-con e-parent\" data-id=\"dd06d5c\" data-element_type=\"container\" data-e-type=\"container\" data-settings=\"{&quot;background_background&quot;:&quot;classic&quot;,&quot;animation&quot;:&quot;fadeIn&quot;}\">\n\t\t\t\t\t<div class=\"e-con-inner\">\n\t\t<div class=\"elementor-element elementor-element-8c15f19 e-con-full e-flex e-con e-child\" data-id=\"8c15f19\" data-element_type=\"container\" data-e-type=\"container\">\n\t\t\t\t<div class=\"elementor-element elementor-element-253f5e5 elementor-widget elementor-widget-video\" data-id=\"253f5e5\" data-element_type=\"widget\" data-e-type=\"widget\" data-settings=\"{&quot;youtube_url&quot;:&quot;https:\\\/\\\/youtu.be\\\/8rTUbIguFL4?si=ZOcex1Ug2zqXINfS&quot;,&quot;video_type&quot;:&quot;youtube&quot;,&quot;controls&quot;:&quot;yes&quot;}\" data-widget_type=\"video.default\">\n\t\t\t\t\t\t\t<div class=\"elementor-wrapper elementor-open-inline\">\n\t\t\t<div class=\"elementor-video\"><\/div>\t\t<\/div>\n\t\t\t\t\t\t<\/div>\n\t\t\t\t<div class=\"elementor-element elementor-element-2a793ba elementor-widget elementor-widget-text-editor\" data-id=\"2a793ba\" data-element_type=\"widget\" data-e-type=\"widget\" data-widget_type=\"text-editor.default\">\n\t\t\t\t\t\t\t\t\t<p>Nouvel An Chinois 2025<\/p><p data-start=\"53\" data-end=\"338\"><strong data-start=\"53\" data-end=\"140\">Happy New Year 2025 in Paris \u2013 parade, music &amp; dance by Association Boyan in Hanfu.<\/strong><br data-start=\"140\" data-end=\"143\" \/>Tous les acteurs et b\u00e9n\u00e9voles vous accueilleront en splendides costumes traditionnels chinois, le Hanfu. Venez c\u00e9l\u00e9brer le Nouvel An chinois avec nous et essayez ce magnifique habit ancestral !<\/p>\t\t\t\t\t\t\t\t<\/div>\n\t\t\t\t<\/div>\n\t\t<div class=\"elementor-element elementor-element-8242aa1 e-con-full e-flex e-con e-child\" data-id=\"8242aa1\" data-element_type=\"container\" data-e-type=\"container\">\n\t\t\t\t<div class=\"elementor-element elementor-element-cf134e5 elementor-widget elementor-widget-video\" data-id=\"cf134e5\" data-element_type=\"widget\" data-e-type=\"widget\" data-settings=\"{&quot;youtube_url&quot;:&quot;https:\\\/\\\/youtu.be\\\/tPgKcbAkT-M?si=Z3Tut-3ROeJIxyw_&quot;,&quot;video_type&quot;:&quot;youtube&quot;,&quot;controls&quot;:&quot;yes&quot;}\" data-widget_type=\"video.default\">\n\t\t\t\t\t\t\t<div class=\"elementor-wrapper elementor-open-inline\">\n\t\t\t<div class=\"elementor-video\"><\/div>\t\t<\/div>\n\t\t\t\t\t\t<\/div>\n\t\t\t\t<div class=\"elementor-element elementor-element-514d42b elementor-widget elementor-widget-text-editor\" data-id=\"514d42b\" data-element_type=\"widget\" data-e-type=\"widget\" data-widget_type=\"text-editor.default\">\n\t\t\t\t\t\t\t\t\t<p><strong>40e F\u00eate M\u00e9di\u00e9vale de Provins &#8211; La troupe en hanfu est de retour !\u00a0<\/strong><\/p><p>Pour la 6e fois, l&rsquo;Association Boyan a particip\u00e9 \u00e0 ce grand \u00e9v\u00e9nement, en partageant l&rsquo;\u00e9l\u00e9gance du hanfu, v\u00eatement traditionnel chinois, au milieu des parades costum\u00e9es, des \u00e9choppes anciennes et des festivit\u00e9s d&rsquo;\u00e9poque *<\/p>\t\t\t\t\t\t\t\t<\/div>\n\t\t\t\t<\/div>\n\t\t<div class=\"elementor-element elementor-element-be633e7 e-con-full e-flex e-con e-child\" data-id=\"be633e7\" data-element_type=\"container\" data-e-type=\"container\">\n\t\t\t\t<div class=\"elementor-element elementor-element-a73b2bd elementor-widget elementor-widget-video\" data-id=\"a73b2bd\" data-element_type=\"widget\" data-e-type=\"widget\" data-settings=\"{&quot;youtube_url&quot;:&quot;https:\\\/\\\/youtu.be\\\/A3rd1veE1Ds?si=jm_FW8RGeIpfbdEQ&quot;,&quot;video_type&quot;:&quot;youtube&quot;,&quot;controls&quot;:&quot;yes&quot;}\" data-widget_type=\"video.default\">\n\t\t\t\t\t\t\t<div class=\"elementor-wrapper elementor-open-inline\">\n\t\t\t<div class=\"elementor-video\"><\/div>\t\t<\/div>\n\t\t\t\t\t\t<\/div>\n\t\t\t\t<div class=\"elementor-element elementor-element-7a29df5 elementor-widget elementor-widget-text-editor\" data-id=\"7a29df5\" data-element_type=\"widget\" data-e-type=\"widget\" data-widget_type=\"text-editor.default\">\n\t\t\t\t\t\t\t\t\t<p><strong>Concert des instruments chinois<\/strong><\/p><p>Pour la 6e fois, l&rsquo;Association Boyan a particip\u00e9 \u00e0 ce grand \u00e9v\u00e9nement, en partageant l&rsquo;\u00e9l\u00e9gance du hanfu, v\u00eatement traditionnel chinois, au milieu des parades costum\u00e9es, des \u00e9choppes anciennes et des festivit\u00e9s d&rsquo;\u00e9poque *<br \/><br \/><\/p>\t\t\t\t\t\t\t\t<\/div>\n\t\t\t\t<\/div>\n\t\t<div class=\"elementor-element elementor-element-33d2dcf e-con-full e-flex e-con e-child\" data-id=\"33d2dcf\" data-element_type=\"container\" data-e-type=\"container\">\n\t\t\t\t<div class=\"elementor-element elementor-element-dc84af8 elementor-widget elementor-widget-image\" data-id=\"dc84af8\" data-element_type=\"widget\" data-e-type=\"widget\" data-widget_type=\"image.default\">\n\t\t\t\t\t\t\t\t\t\t\t\t\t\t\t<img decoding=\"async\" src=\"https:\/\/hanfufrance.com\/wp-content\/uploads\/elementor\/thumbs\/420c4f199e92973e392ea142319b3885-ravz4j006fqqcuswbfzyc91jng6hf8v37d1jkogzp4.png\" title=\"420c4f199e92973e392ea142319b3885\" alt=\"420c4f199e92973e392ea142319b3885\" loading=\"lazy\" \/>\t\t\t\t\t\t\t\t\t\t\t\t\t\t\t<\/div>\n\t\t\t\t<div class=\"elementor-element elementor-element-1ad745c elementor-widget elementor-widget-text-editor\" data-id=\"1ad745c\" data-element_type=\"widget\" data-e-type=\"widget\" data-widget_type=\"text-editor.default\">\n\t\t\t\t\t\t\t\t\t<p><a href=\"https:\/\/www.instagram.com\/p\/DDe8q1QN-z5\/?igsh=aWF0OWpjM2FhajNz\"><span style=\"text-decoration: underline;\"><strong>D\u00e9fil\u00e9 de\u00a0Hanfu\u00a0<\/strong><\/span><\/a><br \/>16 janvier 2025 &#8211; 14h \u00e0 18h<\/p><p>hcbjqfjafbjeanfjaefsdbjabzdjb<br \/>dbjzdbjzbdjzd<br \/>bfjeazkfjqebfjbzehjfz&rsquo;eg&rsquo;fzebhfhzv<br \/>gdfygrezhjsgzvhvghgvhvghvghvhgv<\/p>\t\t\t\t\t\t\t\t<\/div>\n\t\t\t\t<\/div>\n\t\t<div class=\"elementor-element elementor-element-35b9874 e-con-full e-flex e-con e-child\" data-id=\"35b9874\" data-element_type=\"container\" data-e-type=\"container\">\n\t\t\t\t<div class=\"elementor-element elementor-element-fca90de elementor-widget elementor-widget-image\" data-id=\"fca90de\" data-element_type=\"widget\" data-e-type=\"widget\" data-widget_type=\"image.default\">\n\t\t\t\t\t\t\t\t\t\t\t\t\t\t\t<img decoding=\"async\" src=\"https:\/\/hanfufrance.com\/wp-content\/uploads\/elementor\/thumbs\/\u6a31\u82b1\u4e0a\u5df3\u82822015-3-scaled-ravz7j3g0dupg0fvs8q1szrjyrdp0fs7y82dri0ptk.jpg\" title=\"\u6a31\u82b1\u4e0a\u5df3\u82822015-3\" alt=\"\u6a31\u82b1\u4e0a\u5df3\u82822015-3\" loading=\"lazy\" \/>\t\t\t\t\t\t\t\t\t\t\t\t\t\t\t<\/div>\n\t\t\t\t<div class=\"elementor-element elementor-element-c52a670 elementor-widget elementor-widget-text-editor\" data-id=\"c52a670\" data-element_type=\"widget\" data-e-type=\"widget\" data-widget_type=\"text-editor.default\">\n\t\t\t\t\t\t\t\t\t<p><a href=\"https:\/\/www.instagram.com\/p\/DJzt5bKtkKi\/?igsh=cjdtcmpjYnRyN2xu\"><span style=\"text-decoration: underline;\"><strong>F\u00eate de Shangsi<\/strong><\/span><\/a><br \/>20 Avril 2025 &#8211; 13h<\/p><p>Un mois d\u00e9j\u00e0 depuis la 10e F\u00eate de Shangsi au parc de sceaux\u2026<br data-start=\"120\" data-end=\"123\" \/>Dix ans \u00e0 faire vivre le hanfu sous les p\u00e9tales, c\u00e9l\u00e9brer le geste et le th\u00e9 avec l&rsquo;Association Boyan.<br data-start=\"224\" data-end=\"227\" data-is-only-node=\"\" \/>Entre fleurs et soie, quelques instants de lumi\u00e8re d\u2019avril partag\u00e9s.<\/p>\t\t\t\t\t\t\t\t<\/div>\n\t\t\t\t<\/div>\n\t\t<div class=\"elementor-element elementor-element-7476aea e-con-full e-flex e-con e-child\" data-id=\"7476aea\" data-element_type=\"container\" data-e-type=\"container\">\n\t\t\t\t<div class=\"elementor-element elementor-element-e40106a elementor-widget elementor-widget-image\" data-id=\"e40106a\" data-element_type=\"widget\" data-e-type=\"widget\" data-widget_type=\"image.default\">\n\t\t\t\t\t\t\t\t\t\t\t\t\t\t\t<img decoding=\"async\" src=\"https:\/\/hanfufrance.com\/wp-content\/uploads\/elementor\/thumbs\/20eba153dcb0b24fcf949e3730df83a0-raxbgu8nqs3k20wh47cbbl7xysehsys653w3wq3dfc.jpg\" title=\"20eba153dcb0b24fcf949e3730df83a0\" alt=\"20eba153dcb0b24fcf949e3730df83a0\" loading=\"lazy\" \/>\t\t\t\t\t\t\t\t\t\t\t\t\t\t\t<\/div>\n\t\t\t\t<div class=\"elementor-element elementor-element-3432b62 elementor-widget elementor-widget-text-editor\" data-id=\"3432b62\" data-element_type=\"widget\" data-e-type=\"widget\" data-widget_type=\"text-editor.default\">\n\t\t\t\t\t\t\t\t\t<p><a href=\"https:\/\/www.instagram.com\/reel\/DNlM9PbIq0r\/?igsh=MTl4ZW5sOHBqbGwzaA==\"><span style=\"text-decoration: underline;\">10e F\u00eate du Duanwu en Hanfu avec l&rsquo;Association Boyan au Jardin Yili<\/span><\/a><br \/>8 Juin 2025 &#8211; 14h<\/p><p data-start=\"40\" data-end=\"386\">Une journ\u00e9e unique entre traditions et \u00e9l\u00e9gance : jardins chinois et bonsa\u00ef, d\u00e9gustation de th\u00e9 Oolong, art floral \u00e9ph\u00e9m\u00e8re, danses en hanfu, ta\u00efchi dans la bambouseraie, zongzi, essayage de hanfu et sachets parfum\u00e9s.<br data-start=\"305\" data-end=\"308\" data-is-only-node=\"\" \/>Th\u00e9, fleurs et manches flottantes : un instant comme une peinture \u00e0 l\u2019encre.<\/p>\t\t\t\t\t\t\t\t<\/div>\n\t\t\t\t<\/div>\n\t\t\t\t\t<\/div>\n\t\t\t\t<\/div>\n\t\t<div class=\"elementor-element elementor-element-047f974 e-flex e-con-boxed e-con e-parent\" data-id=\"047f974\" data-element_type=\"container\" data-e-type=\"container\">\n\t\t\t\t\t<div class=\"e-con-inner\">\n\t\t\t\t\t<\/div>\n\t\t\t\t<\/div>\n\t\t\t\t<\/div>","protected":false},"excerpt":{"rendered":"<p>Nos \u00e9v\u00e9nements r\u00e9cents https:\/\/youtu.be\/8rTUbIguFL4?si=ZOcex1Ug2zqXINfS Nouvel An Chinois 2025 Happy New Year 2025 in Paris \u2013 parade, music &amp; dance by Association Boyan in Hanfu.Tous les acteurs et b\u00e9n\u00e9voles vous accueilleront en splendides costumes traditionnels chinois, le Hanfu. Venez c\u00e9l\u00e9brer le Nouvel An chinois avec nous et essayez ce magnifique habit ancestral ! https:\/\/youtu.be\/tPgKcbAkT-M?si=Z3Tut-3ROeJIxyw_ 40e F\u00eate [&hellip;]<\/p>","protected":false},"author":1,"featured_media":0,"parent":0,"menu_order":0,"comment_status":"closed","ping_status":"closed","template":"","meta":{"ocean_post_layout":"full-screen","ocean_both_sidebars_style":"","ocean_both_sidebars_content_width":0,"ocean_both_sidebars_sidebars_width":0,"ocean_sidebar":"","ocean_second_sidebar":"","ocean_disable_margins":"enable","ocean_add_body_class":"","ocean_shortcode_before_top_bar":"","ocean_shortcode_after_top_bar":"","ocean_shortcode_before_header":"","ocean_shortcode_after_header":"","ocean_has_shortcode":"","ocean_shortcode_after_title":"","ocean_shortcode_before_footer_widgets":"","ocean_shortcode_after_footer_widgets":"","ocean_shortcode_before_footer_bottom":"","ocean_shortcode_after_footer_bottom":"","ocean_display_top_bar":"default","ocean_display_header":"default","ocean_header_style":"","ocean_center_header_left_menu":"","ocean_custom_header_template":"","ocean_custom_logo":0,"ocean_custom_retina_logo":0,"ocean_custom_logo_max_width":0,"ocean_custom_logo_tablet_max_width":0,"ocean_custom_logo_mobile_max_width":0,"ocean_custom_logo_max_height":0,"ocean_custom_logo_tablet_max_height":0,"ocean_custom_logo_mobile_max_height":0,"ocean_header_custom_menu":"","ocean_menu_typo_font_family":"","ocean_menu_typo_font_subset":"","ocean_menu_typo_font_size":0,"ocean_menu_typo_font_size_tablet":0,"ocean_menu_typo_font_size_mobile":0,"ocean_menu_typo_font_size_unit":"px","ocean_menu_typo_font_weight":"","ocean_menu_typo_font_weight_tablet":"","ocean_menu_typo_font_weight_mobile":"","ocean_menu_typo_transform":"","ocean_menu_typo_transform_tablet":"","ocean_menu_typo_transform_mobile":"","ocean_menu_typo_line_height":0,"ocean_menu_typo_line_height_tablet":0,"ocean_menu_typo_line_height_mobile":0,"ocean_menu_typo_line_height_unit":"","ocean_menu_typo_spacing":0,"ocean_menu_typo_spacing_tablet":0,"ocean_menu_typo_spacing_mobile":0,"ocean_menu_typo_spacing_unit":"","ocean_menu_link_color":"","ocean_menu_link_color_hover":"","ocean_menu_link_color_active":"","ocean_menu_link_background":"","ocean_menu_link_hover_background":"","ocean_menu_link_active_background":"","ocean_menu_social_links_bg":"","ocean_menu_social_hover_links_bg":"","ocean_menu_social_links_color":"","ocean_menu_social_hover_links_color":"","ocean_disable_title":"on","ocean_disable_heading":"default","ocean_post_title":"","ocean_post_subheading":"","ocean_post_title_style":"","ocean_post_title_background_color":"","ocean_post_title_background":0,"ocean_post_title_bg_image_position":"","ocean_post_title_bg_image_attachment":"","ocean_post_title_bg_image_repeat":"","ocean_post_title_bg_image_size":"","ocean_post_title_height":0,"ocean_post_title_bg_overlay":0.5,"ocean_post_title_bg_overlay_color":"","ocean_disable_breadcrumbs":"default","ocean_breadcrumbs_color":"","ocean_breadcrumbs_separator_color":"","ocean_breadcrumbs_links_color":"","ocean_breadcrumbs_links_hover_color":"","ocean_display_footer_widgets":"off","ocean_display_footer_bottom":"off","ocean_custom_footer_template":"","footnotes":""},"class_list":["post-198","page","type-page","status-publish","hentry","entry"],"_links":{"self":[{"href":"https:\/\/hanfufrance.com\/zh\/wp-json\/wp\/v2\/pages\/198","targetHints":{"allow":["GET"]}}],"collection":[{"href":"https:\/\/hanfufrance.com\/zh\/wp-json\/wp\/v2\/pages"}],"about":[{"href":"https:\/\/hanfufrance.com\/zh\/wp-json\/wp\/v2\/types\/page"}],"author":[{"embeddable":true,"href":"https:\/\/hanfufrance.com\/zh\/wp-json\/wp\/v2\/users\/1"}],"replies":[{"embeddable":true,"href":"https:\/\/hanfufrance.com\/zh\/wp-json\/wp\/v2\/comments?post=198"}],"version-history":[{"count":72,"href":"https:\/\/hanfufrance.com\/zh\/wp-json\/wp\/v2\/pages\/198\/revisions"}],"predecessor-version":[{"id":1439,"href":"https:\/\/hanfufrance.com\/zh\/wp-json\/wp\/v2\/pages\/198\/revisions\/1439"}],"wp:attachment":[{"href":"https:\/\/hanfufrance.com\/zh\/wp-json\/wp\/v2\/media?parent=198"}],"curies":[{"name":"wp","href":"https:\/\/api.w.org\/{rel}","templated":true}]}}