{"id":228,"date":"2025-08-20T18:52:20","date_gmt":"2025-08-20T18:52:20","guid":{"rendered":"https:\/\/hanfufrance.com\/?page_id=228"},"modified":"2025-08-29T20:17:29","modified_gmt":"2025-08-29T20:17:29","slug":"evenements-recurrents","status":"publish","type":"page","link":"https:\/\/hanfufrance.com\/zh\/evenements-recurrents\/","title":{"rendered":"\u00c9v\u00e9nements r\u00e9currents"},"content":{"rendered":"<div data-elementor-type=\"wp-page\" data-elementor-id=\"228\" class=\"elementor elementor-228\">\n\t\t\t\t<div class=\"elementor-element elementor-element-e90679d e-flex e-con-boxed e-con e-parent\" data-id=\"e90679d\" data-element_type=\"container\" data-e-type=\"container\" data-settings=\"{&quot;background_background&quot;:&quot;classic&quot;}\">\n\t\t\t\t\t<div class=\"e-con-inner\">\n\t\t\t\t<div class=\"elementor-element elementor-element-ceb574b elementor-widget elementor-widget-spacer\" data-id=\"ceb574b\" data-element_type=\"widget\" data-e-type=\"widget\" data-widget_type=\"spacer.default\">\n\t\t\t\t\t\t\t<div class=\"elementor-spacer\">\n\t\t\t<div class=\"elementor-spacer-inner\"><\/div>\n\t\t<\/div>\n\t\t\t\t\t\t<\/div>\n\t\t\t\t<div class=\"elementor-element elementor-element-b0503bb elementor-widget elementor-widget-heading\" data-id=\"b0503bb\" data-element_type=\"widget\" data-e-type=\"widget\" data-widget_type=\"heading.default\">\n\t\t\t\t\t<h2 class=\"elementor-heading-title elementor-size-default\"><u>Nos \u00c9v\u00e8nements R\u00e9currents<\/u><\/h2>\t\t\t\t<\/div>\n\t\t\t\t<div class=\"elementor-element elementor-element-83395ab elementor-widget__width-initial elementor-widget elementor-widget-text-editor\" data-id=\"83395ab\" data-element_type=\"widget\" data-e-type=\"widget\" data-widget_type=\"text-editor.default\">\n\t\t\t\t\t\t\t\t\t<p data-start=\"97\" data-end=\"507\">Nos <strong data-start=\"101\" data-end=\"126\">\u00e9v\u00e8nements r\u00e9currents<\/strong> sont des rendez-vous incontournables organis\u00e9s chaque ann\u00e9e par l\u2019Association Boyan. Ils ont pour objectif de c\u00e9l\u00e9brer et de transmettre la richesse de la culture traditionnelle chinoise \u00e0 travers des activit\u00e9s culturelles, artistiques et festives. Ces moments conviviaux rassemblent membres, amis et passionn\u00e9s pour partager ensemble des exp\u00e9riences uniques, ann\u00e9e apr\u00e8s ann\u00e9e.<\/p>\t\t\t\t\t\t\t\t<\/div>\n\t\t<div class=\"elementor-element elementor-element-c31d735 e-con-full e-flex e-con e-child\" data-id=\"c31d735\" data-element_type=\"container\" data-e-type=\"container\">\n\t\t<div class=\"elementor-element elementor-element-9de8db1 e-con-full animated-slow e-flex elementor-invisible e-con e-child\" data-id=\"9de8db1\" data-element_type=\"container\" data-e-type=\"container\" data-settings=\"{&quot;background_background&quot;:&quot;classic&quot;,&quot;animation&quot;:&quot;fadeInRight&quot;,&quot;animation_delay&quot;:0}\">\n\t\t<div class=\"elementor-element elementor-element-cb0a5be e-con-full e-flex e-con e-child\" data-id=\"cb0a5be\" data-element_type=\"container\" data-e-type=\"container\">\n\t\t\t\t<div class=\"elementor-element elementor-element-2a43169 elementor-widget elementor-widget-image\" data-id=\"2a43169\" data-element_type=\"widget\" data-e-type=\"widget\" data-widget_type=\"image.default\">\n\t\t\t\t\t\t\t\t\t\t\t\t\t\t\t<img fetchpriority=\"high\" decoding=\"async\" width=\"1024\" height=\"706\" src=\"https:\/\/hanfufrance.com\/wp-content\/uploads\/2025\/08\/IMG_9777-1024x706.jpg\" class=\"attachment-large size-large wp-image-1235\" alt=\"\" srcset=\"https:\/\/hanfufrance.com\/wp-content\/uploads\/2025\/08\/IMG_9777-1024x706.jpg 1024w, https:\/\/hanfufrance.com\/wp-content\/uploads\/2025\/08\/IMG_9777-300x207.jpg 300w, https:\/\/hanfufrance.com\/wp-content\/uploads\/2025\/08\/IMG_9777-768x529.jpg 768w, https:\/\/hanfufrance.com\/wp-content\/uploads\/2025\/08\/IMG_9777-18x12.jpg 18w, https:\/\/hanfufrance.com\/wp-content\/uploads\/2025\/08\/IMG_9777.jpg 1103w\" sizes=\"(max-width: 1024px) 100vw, 1024px\" \/>\t\t\t\t\t\t\t\t\t\t\t\t\t\t\t<\/div>\n\t\t\t\t<\/div>\n\t\t<div class=\"elementor-element elementor-element-47ac118 e-con-full e-flex e-con e-child\" data-id=\"47ac118\" data-element_type=\"container\" data-e-type=\"container\">\n\t\t\t\t<div class=\"elementor-element elementor-element-9650749 elementor-widget elementor-widget-heading\" data-id=\"9650749\" data-element_type=\"widget\" data-e-type=\"widget\" data-widget_type=\"heading.default\">\n\t\t\t\t\t<h2 class=\"elementor-heading-title elementor-size-default\">Nouvel An Chinois \ud83c\udf8a<\/h2>\t\t\t\t<\/div>\n\t\t\t\t<div class=\"elementor-element elementor-element-e8aef82 elementor-widget elementor-widget-text-editor\" data-id=\"e8aef82\" data-element_type=\"widget\" data-e-type=\"widget\" data-widget_type=\"text-editor.default\">\n\t\t\t\t\t\t\t\t\t<p>Le <strong data-start=\"103\" data-end=\"124\">Nouvel An chinois<\/strong> (\u6625\u8282 <em data-start=\"129\" data-end=\"138\">Ch\u016bnji\u00e9<\/em>), c\u00e9l\u00e9br\u00e9 le <strong data-start=\"158\" data-end=\"204\">1er jour du 1er mois du calendrier lunaire<\/strong>, est l\u2019un des \u00e9v\u00e8nements majeurs organis\u00e9s chaque ann\u00e9e par l\u2019Association Boyan. \u00c0 cette occasion, nous accueillons la nouvelle ann\u00e9e lunaire avec faste et convivialit\u00e9, \u00e0 travers des d\u00e9fil\u00e9s en <strong data-start=\"334\" data-end=\"343\">hanfu<\/strong>, des danses du lion et du dragon, des spectacles traditionnels, ainsi que des ateliers culturels.<\/p>\t\t\t\t\t\t\t\t<\/div>\n\t\t\t\t<\/div>\n\t\t\t\t<\/div>\n\t\t<div class=\"elementor-element elementor-element-f68fde2 e-con-full animated-slow e-flex elementor-invisible e-con e-child\" data-id=\"f68fde2\" data-element_type=\"container\" data-e-type=\"container\" data-settings=\"{&quot;background_background&quot;:&quot;classic&quot;,&quot;animation&quot;:&quot;fadeInRight&quot;}\">\n\t\t<div class=\"elementor-element elementor-element-95b0ffb e-con-full e-flex e-con e-child\" data-id=\"95b0ffb\" data-element_type=\"container\" data-e-type=\"container\">\n\t\t\t\t<div class=\"elementor-element elementor-element-45dcfb8 elementor-widget elementor-widget-image\" data-id=\"45dcfb8\" data-element_type=\"widget\" data-e-type=\"widget\" data-widget_type=\"image.default\">\n\t\t\t\t\t\t\t\t\t\t\t\t\t\t\t<img decoding=\"async\" width=\"1024\" height=\"683\" src=\"https:\/\/hanfufrance.com\/wp-content\/uploads\/2025\/08\/\u6a31\u82b1\u4e0a\u5df32015\u5408\u5f71-1024x683.jpg\" class=\"attachment-large size-large wp-image-1068\" alt=\"\" srcset=\"https:\/\/hanfufrance.com\/wp-content\/uploads\/2025\/08\/\u6a31\u82b1\u4e0a\u5df32015\u5408\u5f71-1024x683.jpg 1024w, https:\/\/hanfufrance.com\/wp-content\/uploads\/2025\/08\/\u6a31\u82b1\u4e0a\u5df32015\u5408\u5f71-300x200.jpg 300w, https:\/\/hanfufrance.com\/wp-content\/uploads\/2025\/08\/\u6a31\u82b1\u4e0a\u5df32015\u5408\u5f71-768x512.jpg 768w, https:\/\/hanfufrance.com\/wp-content\/uploads\/2025\/08\/\u6a31\u82b1\u4e0a\u5df32015\u5408\u5f71-1536x1024.jpg 1536w, https:\/\/hanfufrance.com\/wp-content\/uploads\/2025\/08\/\u6a31\u82b1\u4e0a\u5df32015\u5408\u5f71-2048x1365.jpg 2048w, https:\/\/hanfufrance.com\/wp-content\/uploads\/2025\/08\/\u6a31\u82b1\u4e0a\u5df32015\u5408\u5f71-18x12.jpg 18w\" sizes=\"(max-width: 1024px) 100vw, 1024px\" \/>\t\t\t\t\t\t\t\t\t\t\t\t\t\t\t<\/div>\n\t\t\t\t<\/div>\n\t\t<div class=\"elementor-element elementor-element-216d60b e-con-full e-flex e-con e-child\" data-id=\"216d60b\" data-element_type=\"container\" data-e-type=\"container\">\n\t\t\t\t<div class=\"elementor-element elementor-element-d812015 elementor-widget elementor-widget-heading\" data-id=\"d812015\" data-element_type=\"widget\" data-e-type=\"widget\" data-widget_type=\"heading.default\">\n\t\t\t\t\t<h2 class=\"elementor-heading-title elementor-size-default\">F\u00eate de Shang-Si \ud83c\udf38<\/h2>\t\t\t\t<\/div>\n\t\t\t\t<div class=\"elementor-element elementor-element-d18d5a8 elementor-widget elementor-widget-text-editor\" data-id=\"d18d5a8\" data-element_type=\"widget\" data-e-type=\"widget\" data-widget_type=\"text-editor.default\">\n\t\t\t\t\t\t\t\t\t<p>La <strong data-start=\"85\" data-end=\"104\">F\u00eate de Shangsi<\/strong> (\u4e0a\u5df3\u8282), c\u00e9l\u00e9br\u00e9e chaque ann\u00e9e le <strong data-start=\"137\" data-end=\"167\">3\u1d49 jour du 3\u1d49 mois lunaire<\/strong>, se tient au <strong data-start=\"181\" data-end=\"199\">Parc de Sceaux<\/strong>. V\u00eatus de <strong data-start=\"210\" data-end=\"219\">hanfu<\/strong>, les participants se retrouvent pour partager pique-nique, jeux traditionnels et activit\u00e9s culturelles, dans l\u2019esprit du printemps et du renouveau.<\/p>\t\t\t\t\t\t\t\t<\/div>\n\t\t\t\t<\/div>\n\t\t\t\t<\/div>\n\t\t<div class=\"elementor-element elementor-element-3666721 e-con-full animated-slow e-flex elementor-invisible e-con e-child\" data-id=\"3666721\" data-element_type=\"container\" data-e-type=\"container\" data-settings=\"{&quot;background_background&quot;:&quot;classic&quot;,&quot;animation&quot;:&quot;fadeInRight&quot;}\">\n\t\t<div class=\"elementor-element elementor-element-3375e73 e-con-full e-flex e-con e-child\" data-id=\"3375e73\" data-element_type=\"container\" data-e-type=\"container\">\n\t\t\t\t<div class=\"elementor-element elementor-element-284b978 elementor-widget elementor-widget-image\" data-id=\"284b978\" data-element_type=\"widget\" data-e-type=\"widget\" data-widget_type=\"image.default\">\n\t\t\t\t\t\t\t\t\t\t\t\t\t\t\t<img decoding=\"async\" src=\"https:\/\/hanfufrance.com\/wp-content\/uploads\/elementor\/thumbs\/20eba153dcb0b24fcf949e3730df83a0-raxbgu8ocphy006mmhdmxre4lm1kilzdv1u1lbah5k.jpg\" title=\"20eba153dcb0b24fcf949e3730df83a0\" alt=\"20eba153dcb0b24fcf949e3730df83a0\" loading=\"lazy\" \/>\t\t\t\t\t\t\t\t\t\t\t\t\t\t\t<\/div>\n\t\t\t\t<\/div>\n\t\t<div class=\"elementor-element elementor-element-40e81d1 e-con-full e-flex e-con e-child\" data-id=\"40e81d1\" data-element_type=\"container\" data-e-type=\"container\">\n\t\t\t\t<div class=\"elementor-element elementor-element-fcf411a elementor-widget elementor-widget-heading\" data-id=\"fcf411a\" data-element_type=\"widget\" data-e-type=\"widget\" data-widget_type=\"heading.default\">\n\t\t\t\t\t<h2 class=\"elementor-heading-title elementor-size-default\">F\u00eate de Duanwu \ud83d\udef6<\/h2>\t\t\t\t<\/div>\n\t\t\t\t<div class=\"elementor-element elementor-element-4afbaed elementor-widget elementor-widget-text-editor\" data-id=\"4afbaed\" data-element_type=\"widget\" data-e-type=\"widget\" data-widget_type=\"text-editor.default\">\n\t\t\t\t\t\t\t\t\t<p>La <strong data-start=\"86\" data-end=\"104\">F\u00eate de Duanwu<\/strong> (\u7aef\u5348\u8282), c\u00e9l\u00e9br\u00e9e le <strong data-start=\"124\" data-end=\"154\">5\u1d49 jour du 5\u1d49 mois lunaire<\/strong>, se tient chaque ann\u00e9e au <strong data-start=\"181\" data-end=\"196\">Jardin Yili<\/strong>. Cet \u00e9v\u00e8nement met \u00e0 l\u2019honneur les traditions du festival des bateaux-dragons : d\u00e9gustation de <strong data-start=\"292\" data-end=\"302\">zongzi<\/strong>, animations culturelles et d\u00e9couvertes autour du patrimoine chinois, dans une ambiance conviviale et festive.<\/p>\t\t\t\t\t\t\t\t<\/div>\n\t\t\t\t<\/div>\n\t\t\t\t<\/div>\n\t\t<div class=\"elementor-element elementor-element-8f1115f e-con-full animated-slow e-flex elementor-invisible e-con e-child\" data-id=\"8f1115f\" data-element_type=\"container\" data-e-type=\"container\" data-settings=\"{&quot;background_background&quot;:&quot;classic&quot;,&quot;animation&quot;:&quot;fadeInRight&quot;}\">\n\t\t<div class=\"elementor-element elementor-element-8c4e968 e-con-full e-flex e-con e-child\" data-id=\"8c4e968\" data-element_type=\"container\" data-e-type=\"container\">\n\t\t\t\t<div class=\"elementor-element elementor-element-ac1394d elementor-widget elementor-widget-image\" data-id=\"ac1394d\" data-element_type=\"widget\" data-e-type=\"widget\" data-widget_type=\"image.default\">\n\t\t\t\t\t\t\t\t\t\t\t\t\t\t\t<img decoding=\"async\" src=\"https:\/\/hanfufrance.com\/wp-content\/uploads\/elementor\/thumbs\/2014\u5e74\u4e2d\u79cb\u6e38\u8239-\u62dc\u6708-scaled-raxclc4csqxo77cz5hjzv1i1y8fv55r2fho4xh8v2w.jpg\" title=\"2014\u5e74\u4e2d\u79cb\u6e38\u8239 \u62dc\u6708\" alt=\"2014\u5e74\u4e2d\u79cb\u6e38\u8239 \u62dc\u6708\" loading=\"lazy\" \/>\t\t\t\t\t\t\t\t\t\t\t\t\t\t\t<\/div>\n\t\t\t\t<\/div>\n\t\t<div class=\"elementor-element elementor-element-11dd997 e-con-full e-flex e-con e-child\" data-id=\"11dd997\" data-element_type=\"container\" data-e-type=\"container\">\n\t\t\t\t<div class=\"elementor-element elementor-element-142a255 elementor-widget elementor-widget-heading\" data-id=\"142a255\" data-element_type=\"widget\" data-e-type=\"widget\" data-widget_type=\"heading.default\">\n\t\t\t\t\t<h2 class=\"elementor-heading-title elementor-size-default\">F\u00eate de la Lune \ud83c\udf19<\/h2>\t\t\t\t<\/div>\n\t\t\t\t<div class=\"elementor-element elementor-element-e70a832 elementor-widget elementor-widget-text-editor\" data-id=\"e70a832\" data-element_type=\"widget\" data-e-type=\"widget\" data-widget_type=\"text-editor.default\">\n\t\t\t\t\t\t\t\t\t<p>La <strong data-start=\"70\" data-end=\"89\">F\u00eate de la Lune<\/strong> (\u4e2d\u79cb\u8282), c\u00e9l\u00e9br\u00e9e le <strong data-start=\"109\" data-end=\"140\">15\u1d49 jour du 8\u1d49 mois lunaire<\/strong>, est un moment de retrouvailles et de partage. Chaque ann\u00e9e, l\u2019Association Boyan propose des activit\u00e9s culturelles et conviviales autour des <strong data-start=\"282\" data-end=\"295\">mooncakes<\/strong>, des l\u00e9gendes traditionnelles et de l\u2019observation de la lune, pour c\u00e9l\u00e9brer l\u2019harmonie et la prosp\u00e9rit\u00e9.<\/p>\t\t\t\t\t\t\t\t<\/div>\n\t\t\t\t<\/div>\n\t\t\t\t<\/div>\n\t\t\t\t<div class=\"elementor-element elementor-element-8976a52 elementor-widget elementor-widget-spacer\" data-id=\"8976a52\" data-element_type=\"widget\" data-e-type=\"widget\" data-widget_type=\"spacer.default\">\n\t\t\t\t\t\t\t<div class=\"elementor-spacer\">\n\t\t\t<div class=\"elementor-spacer-inner\"><\/div>\n\t\t<\/div>\n\t\t\t\t\t\t<\/div>\n\t\t\t\t<\/div>\n\t\t\t\t\t<\/div>\n\t\t\t\t<\/div>\n\t\t<div class=\"elementor-element elementor-element-fd04683 e-flex e-con-boxed e-con e-parent\" data-id=\"fd04683\" data-element_type=\"container\" data-e-type=\"container\">\n\t\t\t\t\t<div class=\"e-con-inner\">\n\t\t\t\t\t<\/div>\n\t\t\t\t<\/div>\n\t\t\t\t<\/div>","protected":false},"excerpt":{"rendered":"<p>Nos \u00c9v\u00e8nements R\u00e9currents Nos \u00e9v\u00e8nements r\u00e9currents sont des rendez-vous incontournables organis\u00e9s chaque ann\u00e9e par l\u2019Association Boyan. Ils ont pour objectif de c\u00e9l\u00e9brer et de transmettre la richesse de la culture traditionnelle chinoise \u00e0 travers des activit\u00e9s culturelles, artistiques et festives. Ces moments conviviaux rassemblent membres, amis et passionn\u00e9s pour partager ensemble des exp\u00e9riences uniques, ann\u00e9e [&hellip;]<\/p>","protected":false},"author":1,"featured_media":0,"parent":0,"menu_order":0,"comment_status":"closed","ping_status":"closed","template":"","meta":{"ocean_post_layout":"full-screen","ocean_both_sidebars_style":"","ocean_both_sidebars_content_width":0,"ocean_both_sidebars_sidebars_width":0,"ocean_sidebar":"","ocean_second_sidebar":"","ocean_disable_margins":"enable","ocean_add_body_class":"","ocean_shortcode_before_top_bar":"","ocean_shortcode_after_top_bar":"","ocean_shortcode_before_header":"","ocean_shortcode_after_header":"","ocean_has_shortcode":"","ocean_shortcode_after_title":"","ocean_shortcode_before_footer_widgets":"","ocean_shortcode_after_footer_widgets":"","ocean_shortcode_before_footer_bottom":"","ocean_shortcode_after_footer_bottom":"","ocean_display_top_bar":"default","ocean_display_header":"default","ocean_header_style":"","ocean_center_header_left_menu":"","ocean_custom_header_template":"","ocean_custom_logo":0,"ocean_custom_retina_logo":0,"ocean_custom_logo_max_width":0,"ocean_custom_logo_tablet_max_width":0,"ocean_custom_logo_mobile_max_width":0,"ocean_custom_logo_max_height":0,"ocean_custom_logo_tablet_max_height":0,"ocean_custom_logo_mobile_max_height":0,"ocean_header_custom_menu":"","ocean_menu_typo_font_family":"","ocean_menu_typo_font_subset":"","ocean_menu_typo_font_size":0,"ocean_menu_typo_font_size_tablet":0,"ocean_menu_typo_font_size_mobile":0,"ocean_menu_typo_font_size_unit":"px","ocean_menu_typo_font_weight":"","ocean_menu_typo_font_weight_tablet":"","ocean_menu_typo_font_weight_mobile":"","ocean_menu_typo_transform":"","ocean_menu_typo_transform_tablet":"","ocean_menu_typo_transform_mobile":"","ocean_menu_typo_line_height":0,"ocean_menu_typo_line_height_tablet":0,"ocean_menu_typo_line_height_mobile":0,"ocean_menu_typo_line_height_unit":"","ocean_menu_typo_spacing":0,"ocean_menu_typo_spacing_tablet":0,"ocean_menu_typo_spacing_mobile":0,"ocean_menu_typo_spacing_unit":"","ocean_menu_link_color":"","ocean_menu_link_color_hover":"","ocean_menu_link_color_active":"","ocean_menu_link_background":"","ocean_menu_link_hover_background":"","ocean_menu_link_active_background":"","ocean_menu_social_links_bg":"","ocean_menu_social_hover_links_bg":"","ocean_menu_social_links_color":"","ocean_menu_social_hover_links_color":"","ocean_disable_title":"on","ocean_disable_heading":"default","ocean_post_title":"","ocean_post_subheading":"","ocean_post_title_style":"","ocean_post_title_background_color":"","ocean_post_title_background":0,"ocean_post_title_bg_image_position":"","ocean_post_title_bg_image_attachment":"","ocean_post_title_bg_image_repeat":"","ocean_post_title_bg_image_size":"","ocean_post_title_height":0,"ocean_post_title_bg_overlay":0.5,"ocean_post_title_bg_overlay_color":"","ocean_disable_breadcrumbs":"default","ocean_breadcrumbs_color":"","ocean_breadcrumbs_separator_color":"","ocean_breadcrumbs_links_color":"","ocean_breadcrumbs_links_hover_color":"","ocean_display_footer_widgets":"off","ocean_display_footer_bottom":"off","ocean_custom_footer_template":"","footnotes":""},"class_list":["post-228","page","type-page","status-publish","hentry","entry"],"_links":{"self":[{"href":"https:\/\/hanfufrance.com\/zh\/wp-json\/wp\/v2\/pages\/228","targetHints":{"allow":["GET"]}}],"collection":[{"href":"https:\/\/hanfufrance.com\/zh\/wp-json\/wp\/v2\/pages"}],"about":[{"href":"https:\/\/hanfufrance.com\/zh\/wp-json\/wp\/v2\/types\/page"}],"author":[{"embeddable":true,"href":"https:\/\/hanfufrance.com\/zh\/wp-json\/wp\/v2\/users\/1"}],"replies":[{"embeddable":true,"href":"https:\/\/hanfufrance.com\/zh\/wp-json\/wp\/v2\/comments?post=228"}],"version-history":[{"count":56,"href":"https:\/\/hanfufrance.com\/zh\/wp-json\/wp\/v2\/pages\/228\/revisions"}],"predecessor-version":[{"id":1614,"href":"https:\/\/hanfufrance.com\/zh\/wp-json\/wp\/v2\/pages\/228\/revisions\/1614"}],"wp:attachment":[{"href":"https:\/\/hanfufrance.com\/zh\/wp-json\/wp\/v2\/media?parent=228"}],"curies":[{"name":"wp","href":"https:\/\/api.w.org\/{rel}","templated":true}]}}