{"id":434,"date":"2025-08-22T13:57:29","date_gmt":"2025-08-22T13:57:29","guid":{"rendered":"https:\/\/hanfufrance.com\/?page_id=434"},"modified":"2025-08-30T16:33:16","modified_gmt":"2025-08-30T16:33:16","slug":"donation","status":"publish","type":"page","link":"https:\/\/hanfufrance.com\/zh\/donation\/","title":{"rendered":"Donation"},"content":{"rendered":"<div data-elementor-type=\"wp-page\" data-elementor-id=\"434\" class=\"elementor elementor-434\">\n\t\t\t\t<div class=\"elementor-element elementor-element-0524244 e-flex e-con-boxed e-con e-parent\" data-id=\"0524244\" data-element_type=\"container\" data-e-type=\"container\" data-settings=\"{&quot;background_background&quot;:&quot;classic&quot;}\">\n\t\t\t\t\t<div class=\"e-con-inner\">\n\t\t<div class=\"elementor-element elementor-element-51d3f10 e-con-full e-flex e-con e-child\" data-id=\"51d3f10\" data-element_type=\"container\" data-e-type=\"container\">\n\t\t\t\t<div class=\"elementor-element elementor-element-35263ca elementor-widget elementor-widget-spacer\" data-id=\"35263ca\" data-element_type=\"widget\" data-e-type=\"widget\" data-widget_type=\"spacer.default\">\n\t\t\t\t\t\t\t<div class=\"elementor-spacer\">\n\t\t\t<div class=\"elementor-spacer-inner\"><\/div>\n\t\t<\/div>\n\t\t\t\t\t\t<\/div>\n\t\t\t\t<div class=\"elementor-element elementor-element-ec7f37b elementor-widget elementor-widget-heading\" data-id=\"ec7f37b\" data-element_type=\"widget\" data-e-type=\"widget\" data-settings=\"{&quot;_animation&quot;:&quot;none&quot;}\" data-widget_type=\"heading.default\">\n\t\t\t\t\t<h2 class=\"elementor-heading-title elementor-size-default\"><u>Donation<\/u><\/h2>\t\t\t\t<\/div>\n\t\t\t\t<div class=\"elementor-element elementor-element-16c9275 elementor-widget elementor-widget-spacer\" data-id=\"16c9275\" data-element_type=\"widget\" data-e-type=\"widget\" data-widget_type=\"spacer.default\">\n\t\t\t\t\t\t\t<div class=\"elementor-spacer\">\n\t\t\t<div class=\"elementor-spacer-inner\"><\/div>\n\t\t<\/div>\n\t\t\t\t\t\t<\/div>\n\t\t\t\t<div class=\"elementor-element elementor-element-e593251 elementor-widget elementor-widget-text-editor\" data-id=\"e593251\" data-element_type=\"widget\" data-e-type=\"widget\" data-settings=\"{&quot;_animation&quot;:&quot;none&quot;}\" data-widget_type=\"text-editor.default\">\n\t\t\t\t\t\t\t\t\t<p data-start=\"371\" data-end=\"430\"><strong data-start=\"371\" data-end=\"428\">Soutenez l\u2019Association Boyan et la promotion du Hanfu<\/strong><\/p><p data-start=\"432\" data-end=\"630\">L\u2019Association Boyan a pour mission de faire d\u00e9couvrir et de valoriser la richesse de la culture chinoise \u00e0 travers le <strong data-start=\"550\" data-end=\"559\">Hanfu<\/strong>, les <strong data-start=\"565\" data-end=\"592\">expositions culturelles<\/strong>, et les <strong data-start=\"601\" data-end=\"627\">ateliers traditionnels<\/strong>.<\/p><p data-start=\"632\" data-end=\"694\"><strong data-start=\"634\" data-end=\"655\">Pourquoi donner ?<\/strong><br data-start=\"655\" data-end=\"658\" \/>Votre soutien est essentiel pour :<\/p><p>&#8211; Organiser des <strong data-start=\"711\" data-end=\"735\">expositions de Hanfu<\/strong> et sensibiliser le public \u00e0 son histoire.<br \/>&#8211; Proposer des <strong data-start=\"795\" data-end=\"821\">ateliers traditionnels<\/strong> (calligraphie, artisanat, rites culturels\u2026).<br \/>&#8211; Pr\u00e9server et transmettre un <strong data-start=\"899\" data-end=\"948\">patrimoine vestimentaire et artistique unique<\/strong>.<\/p><p data-start=\"953\" data-end=\"1153\"><strong data-start=\"956\" data-end=\"1006\">Chaque don contribue \u00e0 faire vivre la culture.<\/strong><br data-start=\"1006\" data-end=\"1009\" \/>Gr\u00e2ce \u00e0 vous, nous pourrons toucher davantage de personnes, renforcer nos \u00e9v\u00e9nements et partager la beaut\u00e9 du Hanfu avec le plus grand nombre.<\/p><p data-start=\"1155\" data-end=\"1277\">Merci de nous aider \u00e0 faire rayonner la tradition tout en construisant des ponts culturels entre hier et aujourd\u2019hui.<\/p>\t\t\t\t\t\t\t\t<\/div>\n\t\t\t\t<div class=\"elementor-element elementor-element-87eb93b elementor-widget elementor-widget-spacer\" data-id=\"87eb93b\" data-element_type=\"widget\" data-e-type=\"widget\" data-widget_type=\"spacer.default\">\n\t\t\t\t\t\t\t<div class=\"elementor-spacer\">\n\t\t\t<div class=\"elementor-spacer-inner\"><\/div>\n\t\t<\/div>\n\t\t\t\t\t\t<\/div>\n\t\t\t\t<\/div>\n\t\t\t\t\t<\/div>\n\t\t\t\t<\/div>\n\t\t<div class=\"elementor-element elementor-element-9ad7a5d e-flex e-con-boxed e-con e-parent\" data-id=\"9ad7a5d\" data-element_type=\"container\" data-e-type=\"container\">\n\t\t\t\t\t<div class=\"e-con-inner\">\n\t\t\t\t\t<\/div>\n\t\t\t\t<\/div>\n\t\t\t\t<\/div>","protected":false},"excerpt":{"rendered":"<p>Donation Soutenez l\u2019Association Boyan et la promotion du Hanfu L\u2019Association Boyan a pour mission de faire d\u00e9couvrir et de valoriser la richesse de la culture chinoise \u00e0 travers le Hanfu, les expositions culturelles, et les ateliers traditionnels. Pourquoi donner ?Votre soutien est essentiel pour : &#8211; Organiser des expositions de Hanfu et sensibiliser le public [&hellip;]<\/p>","protected":false},"author":1,"featured_media":0,"parent":0,"menu_order":0,"comment_status":"closed","ping_status":"closed","template":"","meta":{"ocean_post_layout":"full-screen","ocean_both_sidebars_style":"","ocean_both_sidebars_content_width":0,"ocean_both_sidebars_sidebars_width":0,"ocean_sidebar":"","ocean_second_sidebar":"","ocean_disable_margins":"enable","ocean_add_body_class":"","ocean_shortcode_before_top_bar":"","ocean_shortcode_after_top_bar":"","ocean_shortcode_before_header":"","ocean_shortcode_after_header":"","ocean_has_shortcode":"","ocean_shortcode_after_title":"","ocean_shortcode_before_footer_widgets":"","ocean_shortcode_after_footer_widgets":"","ocean_shortcode_before_footer_bottom":"","ocean_shortcode_after_footer_bottom":"","ocean_display_top_bar":"default","ocean_display_header":"default","ocean_header_style":"","ocean_center_header_left_menu":"","ocean_custom_header_template":"","ocean_custom_logo":0,"ocean_custom_retina_logo":0,"ocean_custom_logo_max_width":0,"ocean_custom_logo_tablet_max_width":0,"ocean_custom_logo_mobile_max_width":0,"ocean_custom_logo_max_height":0,"ocean_custom_logo_tablet_max_height":0,"ocean_custom_logo_mobile_max_height":0,"ocean_header_custom_menu":"","ocean_menu_typo_font_family":"","ocean_menu_typo_font_subset":"","ocean_menu_typo_font_size":0,"ocean_menu_typo_font_size_tablet":0,"ocean_menu_typo_font_size_mobile":0,"ocean_menu_typo_font_size_unit":"px","ocean_menu_typo_font_weight":"","ocean_menu_typo_font_weight_tablet":"","ocean_menu_typo_font_weight_mobile":"","ocean_menu_typo_transform":"","ocean_menu_typo_transform_tablet":"","ocean_menu_typo_transform_mobile":"","ocean_menu_typo_line_height":0,"ocean_menu_typo_line_height_tablet":0,"ocean_menu_typo_line_height_mobile":0,"ocean_menu_typo_line_height_unit":"","ocean_menu_typo_spacing":0,"ocean_menu_typo_spacing_tablet":0,"ocean_menu_typo_spacing_mobile":0,"ocean_menu_typo_spacing_unit":"","ocean_menu_link_color":"","ocean_menu_link_color_hover":"","ocean_menu_link_color_active":"","ocean_menu_link_background":"","ocean_menu_link_hover_background":"","ocean_menu_link_active_background":"","ocean_menu_social_links_bg":"","ocean_menu_social_hover_links_bg":"","ocean_menu_social_links_color":"","ocean_menu_social_hover_links_color":"","ocean_disable_title":"on","ocean_disable_heading":"default","ocean_post_title":"","ocean_post_subheading":"","ocean_post_title_style":"","ocean_post_title_background_color":"","ocean_post_title_background":0,"ocean_post_title_bg_image_position":"","ocean_post_title_bg_image_attachment":"","ocean_post_title_bg_image_repeat":"","ocean_post_title_bg_image_size":"","ocean_post_title_height":0,"ocean_post_title_bg_overlay":0.5,"ocean_post_title_bg_overlay_color":"","ocean_disable_breadcrumbs":"default","ocean_breadcrumbs_color":"","ocean_breadcrumbs_separator_color":"","ocean_breadcrumbs_links_color":"","ocean_breadcrumbs_links_hover_color":"","ocean_display_footer_widgets":"off","ocean_display_footer_bottom":"off","ocean_custom_footer_template":"","footnotes":""},"class_list":["post-434","page","type-page","status-publish","hentry","entry"],"_links":{"self":[{"href":"https:\/\/hanfufrance.com\/zh\/wp-json\/wp\/v2\/pages\/434","targetHints":{"allow":["GET"]}}],"collection":[{"href":"https:\/\/hanfufrance.com\/zh\/wp-json\/wp\/v2\/pages"}],"about":[{"href":"https:\/\/hanfufrance.com\/zh\/wp-json\/wp\/v2\/types\/page"}],"author":[{"embeddable":true,"href":"https:\/\/hanfufrance.com\/zh\/wp-json\/wp\/v2\/users\/1"}],"replies":[{"embeddable":true,"href":"https:\/\/hanfufrance.com\/zh\/wp-json\/wp\/v2\/comments?post=434"}],"version-history":[{"count":28,"href":"https:\/\/hanfufrance.com\/zh\/wp-json\/wp\/v2\/pages\/434\/revisions"}],"predecessor-version":[{"id":1921,"href":"https:\/\/hanfufrance.com\/zh\/wp-json\/wp\/v2\/pages\/434\/revisions\/1921"}],"wp:attachment":[{"href":"https:\/\/hanfufrance.com\/zh\/wp-json\/wp\/v2\/media?parent=434"}],"curies":[{"name":"wp","href":"https:\/\/api.w.org\/{rel}","templated":true}]}}