{"id":575,"date":"2025-08-23T15:42:51","date_gmt":"2025-08-23T15:42:51","guid":{"rendered":"https:\/\/hanfufrance.com\/?page_id=575"},"modified":"2025-08-30T16:10:44","modified_gmt":"2025-08-30T16:10:44","slug":"formation","status":"publish","type":"page","link":"https:\/\/hanfufrance.com\/zh\/formation\/","title":{"rendered":"Formation"},"content":{"rendered":"<div data-elementor-type=\"wp-page\" data-elementor-id=\"575\" class=\"elementor elementor-575\">\n\t\t\t\t<div class=\"elementor-element elementor-element-1388eb8 e-flex e-con-boxed e-con e-parent\" data-id=\"1388eb8\" data-element_type=\"container\" data-e-type=\"container\" id=\"formation\" data-settings=\"{&quot;background_background&quot;:&quot;classic&quot;}\">\n\t\t\t\t\t<div class=\"e-con-inner\">\n\t\t<div class=\"elementor-element elementor-element-4c50682 e-con-full e-flex e-con e-child\" data-id=\"4c50682\" data-element_type=\"container\" data-e-type=\"container\" data-settings=\"{&quot;background_background&quot;:&quot;classic&quot;}\">\n\t\t<div class=\"elementor-element elementor-element-3be7f13 e-con-full e-flex e-con e-child\" data-id=\"3be7f13\" data-element_type=\"container\" data-e-type=\"container\">\n\t\t\t\t<div class=\"elementor-element elementor-element-20ee954 elementor-widget elementor-widget-heading\" data-id=\"20ee954\" data-element_type=\"widget\" data-e-type=\"widget\" data-widget_type=\"heading.default\">\n\t\t\t\t\t<h2 class=\"elementor-heading-title elementor-size-default\"><u>Nos formations :<\/u> <\/h2>\t\t\t\t<\/div>\n\t\t<div class=\"elementor-element elementor-element-3fe5f34 e-con-full e-flex e-con e-child\" data-id=\"3fe5f34\" data-element_type=\"container\" data-e-type=\"container\">\n\t\t<div class=\"elementor-element elementor-element-6ef34b8 e-con-full e-flex e-con e-child\" data-id=\"6ef34b8\" data-element_type=\"container\" data-e-type=\"container\">\n\t\t<div class=\"elementor-element elementor-element-c6ff18f e-con-full e-flex e-con e-child\" data-id=\"c6ff18f\" data-element_type=\"container\" data-e-type=\"container\">\n\t\t\t\t<div class=\"elementor-element elementor-element-12095a5 elementor-widget elementor-widget-image\" data-id=\"12095a5\" data-element_type=\"widget\" data-e-type=\"widget\" data-widget_type=\"image.default\">\n\t\t\t\t\t\t\t\t\t\t\t\t\t\t\t<img fetchpriority=\"high\" decoding=\"async\" width=\"1000\" height=\"1000\" src=\"https:\/\/hanfufrance.com\/wp-content\/uploads\/2025\/08\/Capture-decran-2025-08-30-a-15.42.06.png\" class=\"attachment-large size-large wp-image-1793\" alt=\"\" srcset=\"https:\/\/hanfufrance.com\/wp-content\/uploads\/2025\/08\/Capture-decran-2025-08-30-a-15.42.06.png 1000w, https:\/\/hanfufrance.com\/wp-content\/uploads\/2025\/08\/Capture-decran-2025-08-30-a-15.42.06-300x300.png 300w, https:\/\/hanfufrance.com\/wp-content\/uploads\/2025\/08\/Capture-decran-2025-08-30-a-15.42.06-150x150.png 150w, https:\/\/hanfufrance.com\/wp-content\/uploads\/2025\/08\/Capture-decran-2025-08-30-a-15.42.06-768x768.png 768w, https:\/\/hanfufrance.com\/wp-content\/uploads\/2025\/08\/Capture-decran-2025-08-30-a-15.42.06-12x12.png 12w, https:\/\/hanfufrance.com\/wp-content\/uploads\/2025\/08\/Capture-decran-2025-08-30-a-15.42.06-600x600.png 600w\" sizes=\"(max-width: 1000px) 100vw, 1000px\" \/>\t\t\t\t\t\t\t\t\t\t\t\t\t\t\t<\/div>\n\t\t\t\t<div class=\"elementor-element elementor-element-7cf5f5f elementor-widget elementor-widget-text-editor\" data-id=\"7cf5f5f\" data-element_type=\"widget\" data-e-type=\"widget\" data-widget_type=\"text-editor.default\">\n\t\t\t\t\t\t\t\t\t<p><span style=\"text-decoration: underline;\"><a href=\"https:\/\/hanfufrance.com\/art-du-the-chinois\/\"><strong>Art du Th\u00e9 Chinois<\/strong><\/a><\/span><\/p><p>Vous d\u00e9couvrirez son histoire, ses diff\u00e9rentes vari\u00e9t\u00e9s, ainsi que les secrets des m\u00e9thodes d\u2019infusion traditionnelles. Ce cours vous invite \u00e0 appr\u00e9cier le th\u00e9 comme un art de vivre, alliant saveur, harmonie et culture.<\/p>\t\t\t\t\t\t\t\t<\/div>\n\t\t\t\t<\/div>\n\t\t\t\t<\/div>\n\t\t<div class=\"elementor-element elementor-element-974462b e-con-full e-flex e-con e-child\" data-id=\"974462b\" data-element_type=\"container\" data-e-type=\"container\">\n\t\t<div class=\"elementor-element elementor-element-1861687 e-con-full e-flex e-con e-child\" data-id=\"1861687\" data-element_type=\"container\" data-e-type=\"container\">\n\t\t\t\t<div class=\"elementor-element elementor-element-de6e9dc elementor-widget elementor-widget-image\" data-id=\"de6e9dc\" data-element_type=\"widget\" data-e-type=\"widget\" data-widget_type=\"image.default\">\n\t\t\t\t\t\t\t\t\t\t\t\t\t\t\t<img decoding=\"async\" width=\"1024\" height=\"1024\" src=\"https:\/\/hanfufrance.com\/wp-content\/uploads\/2025\/08\/IMG_0218-1024x1024.jpg\" class=\"attachment-large size-large wp-image-529\" alt=\"\" srcset=\"https:\/\/hanfufrance.com\/wp-content\/uploads\/2025\/08\/IMG_0218-1024x1024.jpg 1024w, https:\/\/hanfufrance.com\/wp-content\/uploads\/2025\/08\/IMG_0218-300x300.jpg 300w, https:\/\/hanfufrance.com\/wp-content\/uploads\/2025\/08\/IMG_0218-150x150.jpg 150w, https:\/\/hanfufrance.com\/wp-content\/uploads\/2025\/08\/IMG_0218-768x768.jpg 768w, https:\/\/hanfufrance.com\/wp-content\/uploads\/2025\/08\/IMG_0218-12x12.jpg 12w, https:\/\/hanfufrance.com\/wp-content\/uploads\/2025\/08\/IMG_0218-600x600.jpg 600w, https:\/\/hanfufrance.com\/wp-content\/uploads\/2025\/08\/IMG_0218.jpg 1179w\" sizes=\"(max-width: 1024px) 100vw, 1024px\" \/>\t\t\t\t\t\t\t\t\t\t\t\t\t\t\t<\/div>\n\t\t\t\t<div class=\"elementor-element elementor-element-f9a2c89 elementor-widget elementor-widget-text-editor\" data-id=\"f9a2c89\" data-element_type=\"widget\" data-e-type=\"widget\" data-widget_type=\"text-editor.default\">\n\t\t\t\t\t\t\t\t\t<p data-start=\"61\" data-end=\"83\"><a href=\"https:\/\/hanfufrance.com\/art-des-fleurs\/\"><span style=\"text-decoration: underline;\"><strong data-start=\"61\" data-end=\"81\">Art des Fleurs<\/strong><\/span><\/a><\/p><p data-start=\"85\" data-end=\"341\">Vous d\u00e9couvrirez son histoire, ses diff\u00e9rents styles, ainsi que les secrets des techniques de composition traditionnelles. Ce cours vous invite \u00e0 appr\u00e9cier l\u2019art floral comme une harmonie entre nature et culture, r\u00e9v\u00e9lant beaut\u00e9, \u00e9quilibre et cr\u00e9ativit\u00e9.<\/p>\t\t\t\t\t\t\t\t<\/div>\n\t\t\t\t<\/div>\n\t\t\t\t<\/div>\n\t\t<div class=\"elementor-element elementor-element-b1051b7 e-con-full e-flex e-con e-child\" data-id=\"b1051b7\" data-element_type=\"container\" data-e-type=\"container\">\n\t\t<div class=\"elementor-element elementor-element-ec6e13c e-con-full e-flex e-con e-child\" data-id=\"ec6e13c\" data-element_type=\"container\" data-e-type=\"container\">\n\t\t\t\t<div class=\"elementor-element elementor-element-7b7f43f elementor-widget elementor-widget-image\" data-id=\"7b7f43f\" data-element_type=\"widget\" data-e-type=\"widget\" data-widget_type=\"image.default\">\n\t\t\t\t\t\t\t\t\t\t\t\t\t\t\t<img decoding=\"async\" width=\"1024\" height=\"1024\" src=\"https:\/\/hanfufrance.com\/wp-content\/uploads\/2025\/08\/IMG_0219-1024x1024.jpg\" class=\"attachment-large size-large wp-image-531\" alt=\"\" srcset=\"https:\/\/hanfufrance.com\/wp-content\/uploads\/2025\/08\/IMG_0219-1024x1024.jpg 1024w, https:\/\/hanfufrance.com\/wp-content\/uploads\/2025\/08\/IMG_0219-300x300.jpg 300w, https:\/\/hanfufrance.com\/wp-content\/uploads\/2025\/08\/IMG_0219-150x150.jpg 150w, https:\/\/hanfufrance.com\/wp-content\/uploads\/2025\/08\/IMG_0219-768x768.jpg 768w, https:\/\/hanfufrance.com\/wp-content\/uploads\/2025\/08\/IMG_0219-12x12.jpg 12w, https:\/\/hanfufrance.com\/wp-content\/uploads\/2025\/08\/IMG_0219-600x600.jpg 600w, https:\/\/hanfufrance.com\/wp-content\/uploads\/2025\/08\/IMG_0219.jpg 1179w\" sizes=\"(max-width: 1024px) 100vw, 1024px\" \/>\t\t\t\t\t\t\t\t\t\t\t\t\t\t\t<\/div>\n\t\t\t\t<div class=\"elementor-element elementor-element-08ba8cb elementor-widget elementor-widget-text-editor\" data-id=\"08ba8cb\" data-element_type=\"widget\" data-e-type=\"widget\" data-widget_type=\"text-editor.default\">\n\t\t\t\t\t\t\t\t\t<p data-start=\"41\" data-end=\"67\"><a href=\"https:\/\/hanfufrance.com\/art-du-parfum\/\"><span style=\"text-decoration: underline;\"><strong data-start=\"41\" data-end=\"65\">Art du Parfum<\/strong><\/span><\/a><\/p><p data-start=\"69\" data-end=\"317\">Vous d\u00e9couvrirez son histoire, ses traditions raffin\u00e9es, ainsi que les secrets des rituels li\u00e9s aux encens. Ce cours vous invite \u00e0 appr\u00e9cier l\u2019art du parfum comme une pratique de m\u00e9ditation et d\u2019\u00e9l\u00e9gance, alliant s\u00e9r\u00e9nit\u00e9, culture et sensibilit\u00e9.<\/p><hr data-start=\"354\" data-end=\"359\" \/>\t\t\t\t\t\t\t\t<\/div>\n\t\t\t\t<\/div>\n\t\t\t\t<\/div>\n\t\t\t\t<\/div>\n\t\t<div class=\"elementor-element elementor-element-ff76051 e-con-full e-flex e-con e-child\" data-id=\"ff76051\" data-element_type=\"container\" data-e-type=\"container\">\n\t\t<div class=\"elementor-element elementor-element-579c315 e-con-full e-flex e-con e-child\" data-id=\"579c315\" data-element_type=\"container\" data-e-type=\"container\">\n\t\t<div class=\"elementor-element elementor-element-6e89267 e-con-full e-flex e-con e-child\" data-id=\"6e89267\" data-element_type=\"container\" data-e-type=\"container\">\n\t\t\t\t<div class=\"elementor-element elementor-element-d01eda9 elementor-widget elementor-widget-image\" data-id=\"d01eda9\" data-element_type=\"widget\" data-e-type=\"widget\" data-widget_type=\"image.default\">\n\t\t\t\t\t\t\t\t\t\t\t\t\t\t\t<img loading=\"lazy\" decoding=\"async\" width=\"1001\" height=\"1001\" src=\"https:\/\/hanfufrance.com\/wp-content\/uploads\/2025\/08\/IMG_0214.jpg\" class=\"attachment-large size-large wp-image-525\" alt=\"\" srcset=\"https:\/\/hanfufrance.com\/wp-content\/uploads\/2025\/08\/IMG_0214.jpg 1001w, https:\/\/hanfufrance.com\/wp-content\/uploads\/2025\/08\/IMG_0214-300x300.jpg 300w, https:\/\/hanfufrance.com\/wp-content\/uploads\/2025\/08\/IMG_0214-150x150.jpg 150w, https:\/\/hanfufrance.com\/wp-content\/uploads\/2025\/08\/IMG_0214-768x768.jpg 768w, https:\/\/hanfufrance.com\/wp-content\/uploads\/2025\/08\/IMG_0214-12x12.jpg 12w, https:\/\/hanfufrance.com\/wp-content\/uploads\/2025\/08\/IMG_0214-600x600.jpg 600w\" sizes=\"(max-width: 1001px) 100vw, 1001px\" \/>\t\t\t\t\t\t\t\t\t\t\t\t\t\t\t<\/div>\n\t\t\t\t<div class=\"elementor-element elementor-element-a6fe014 elementor-widget elementor-widget-text-editor\" data-id=\"a6fe014\" data-element_type=\"widget\" data-e-type=\"widget\" data-widget_type=\"text-editor.default\">\n\t\t\t\t\t\t\t\t\t<p data-start=\"55\" data-end=\"84\"><a href=\"https:\/\/hanfufrance.com\/linstrument-traditionnel-guqin\/\"><span style=\"text-decoration: underline;\"><strong data-start=\"55\" data-end=\"82\">Instrument traditionnel Guqin\u00a0<\/strong><\/span><\/a><\/p><p data-start=\"86\" data-end=\"350\">Vous d\u00e9couvrirez son histoire mill\u00e9naire, ses sonorit\u00e9s uniques, ainsi que les secrets des techniques de jeu traditionnelles. Ce cours vous invite \u00e0 appr\u00e9cier le guqin comme un instrument de m\u00e9ditation et de raffinement, alliant musique, culture et spiritualit\u00e9.<\/p>\t\t\t\t\t\t\t\t<\/div>\n\t\t\t\t<\/div>\n\t\t\t\t<\/div>\n\t\t<div class=\"elementor-element elementor-element-10baad9 e-con-full e-flex e-con e-child\" data-id=\"10baad9\" data-element_type=\"container\" data-e-type=\"container\">\n\t\t<div class=\"elementor-element elementor-element-775d252 e-con-full e-flex e-con e-child\" data-id=\"775d252\" data-element_type=\"container\" data-e-type=\"container\">\n\t\t\t\t<div class=\"elementor-element elementor-element-99adda8 elementor-widget elementor-widget-image\" data-id=\"99adda8\" data-element_type=\"widget\" data-e-type=\"widget\" data-widget_type=\"image.default\">\n\t\t\t\t\t\t\t\t\t\t\t\t\t\t\t<img loading=\"lazy\" decoding=\"async\" width=\"1024\" height=\"1024\" src=\"https:\/\/hanfufrance.com\/wp-content\/uploads\/2025\/08\/IMG_0220-1024x1024.jpg\" class=\"attachment-large size-large wp-image-532\" alt=\"\" srcset=\"https:\/\/hanfufrance.com\/wp-content\/uploads\/2025\/08\/IMG_0220-1024x1024.jpg 1024w, https:\/\/hanfufrance.com\/wp-content\/uploads\/2025\/08\/IMG_0220-300x300.jpg 300w, https:\/\/hanfufrance.com\/wp-content\/uploads\/2025\/08\/IMG_0220-150x150.jpg 150w, https:\/\/hanfufrance.com\/wp-content\/uploads\/2025\/08\/IMG_0220-768x768.jpg 768w, https:\/\/hanfufrance.com\/wp-content\/uploads\/2025\/08\/IMG_0220-12x12.jpg 12w, https:\/\/hanfufrance.com\/wp-content\/uploads\/2025\/08\/IMG_0220-600x600.jpg 600w, https:\/\/hanfufrance.com\/wp-content\/uploads\/2025\/08\/IMG_0220.jpg 1179w\" sizes=\"(max-width: 1024px) 100vw, 1024px\" \/>\t\t\t\t\t\t\t\t\t\t\t\t\t\t\t<\/div>\n\t\t\t\t<div class=\"elementor-element elementor-element-929a4bf elementor-widget elementor-widget-text-editor\" data-id=\"929a4bf\" data-element_type=\"widget\" data-e-type=\"widget\" data-widget_type=\"text-editor.default\">\n\t\t\t\t\t\t\t\t\t<p data-start=\"44\" data-end=\"82\"><a href=\"https:\/\/hanfufrance.com\/la-danse-traditionnelle-chinoise\/\"><span style=\"text-decoration: underline;\"><strong data-start=\"44\" data-end=\"80\">Danse Traditionnelle Chinoise<\/strong><\/span><\/a><\/p><p data-start=\"84\" data-end=\"352\">Vous d\u00e9couvrirez son histoire, ses diff\u00e9rents styles, ainsi que les secrets des mouvements empreints de gr\u00e2ce et de symbolisme. Ce cours vous invite \u00e0 appr\u00e9cier la danse traditionnelle comme une expression artistique alliant esth\u00e9tique, culture et harmonie du corps.<\/p><hr data-start=\"354\" data-end=\"359\" \/>\t\t\t\t\t\t\t\t<\/div>\n\t\t\t\t<\/div>\n\t\t\t\t<\/div>\n\t\t<div class=\"elementor-element elementor-element-378cfc3 e-con-full e-flex e-con e-child\" data-id=\"378cfc3\" data-element_type=\"container\" data-e-type=\"container\">\n\t\t<div class=\"elementor-element elementor-element-a205605 e-con-full e-flex e-con e-child\" data-id=\"a205605\" data-element_type=\"container\" data-e-type=\"container\">\n\t\t\t\t<div class=\"elementor-element elementor-element-db57842 elementor-widget elementor-widget-image\" data-id=\"db57842\" data-element_type=\"widget\" data-e-type=\"widget\" data-widget_type=\"image.default\">\n\t\t\t\t\t\t\t\t\t\t\t\t\t\t\t<img loading=\"lazy\" decoding=\"async\" width=\"904\" height=\"882\" src=\"https:\/\/hanfufrance.com\/wp-content\/uploads\/2025\/08\/Capture-decran-2025-08-23-a-16.04.37.png\" class=\"attachment-large size-large wp-image-523\" alt=\"\" srcset=\"https:\/\/hanfufrance.com\/wp-content\/uploads\/2025\/08\/Capture-decran-2025-08-23-a-16.04.37.png 904w, https:\/\/hanfufrance.com\/wp-content\/uploads\/2025\/08\/Capture-decran-2025-08-23-a-16.04.37-300x293.png 300w, https:\/\/hanfufrance.com\/wp-content\/uploads\/2025\/08\/Capture-decran-2025-08-23-a-16.04.37-768x749.png 768w, https:\/\/hanfufrance.com\/wp-content\/uploads\/2025\/08\/Capture-decran-2025-08-23-a-16.04.37-12x12.png 12w\" sizes=\"(max-width: 904px) 100vw, 904px\" \/>\t\t\t\t\t\t\t\t\t\t\t\t\t\t\t<\/div>\n\t\t\t\t<div class=\"elementor-element elementor-element-ed333f7 elementor-widget elementor-widget-text-editor\" data-id=\"ed333f7\" data-element_type=\"widget\" data-e-type=\"widget\" data-widget_type=\"text-editor.default\">\n\t\t\t\t\t\t\t\t\t<p data-start=\"53\" data-end=\"89\"><a href=\"https:\/\/hanfufrance.com\/la-langue-et-culture-mandarine\/\"><span style=\"text-decoration: underline;\"><strong data-start=\"53\" data-end=\"87\">Langue et Culture Mandarine<\/strong><\/span><\/a><\/p><p data-start=\"91\" data-end=\"346\">Vous d\u00e9couvrirez la richesse du mandarin \u00e0 travers son histoire, son \u00e9criture unique et ses sonorit\u00e9s m\u00e9lodieuses. Ce cours vous invite \u00e0 apprendre la langue comme un pont vers la culture chinoise, alliant communication, tradition et ouverture au monde.<\/p><hr data-start=\"354\" data-end=\"359\" \/>\t\t\t\t\t\t\t\t<\/div>\n\t\t\t\t<\/div>\n\t\t\t\t<\/div>\n\t\t\t\t<\/div>\n\t\t\t\t<\/div>\n\t\t\t\t<\/div>\n\t\t\t\t\t<\/div>\n\t\t\t\t<\/div>\n\t\t\t\t<\/div>","protected":false},"excerpt":{"rendered":"<p>Nos formations : Art du Th\u00e9 Chinois Vous d\u00e9couvrirez son histoire, ses diff\u00e9rentes vari\u00e9t\u00e9s, ainsi que les secrets des m\u00e9thodes d\u2019infusion traditionnelles. Ce cours vous invite \u00e0 appr\u00e9cier le th\u00e9 comme un art de vivre, alliant saveur, harmonie et culture. Art des Fleurs Vous d\u00e9couvrirez son histoire, ses diff\u00e9rents styles, ainsi que les secrets des [&hellip;]<\/p>","protected":false},"author":1,"featured_media":0,"parent":0,"menu_order":0,"comment_status":"closed","ping_status":"closed","template":"","meta":{"ocean_post_layout":"full-screen","ocean_both_sidebars_style":"","ocean_both_sidebars_content_width":0,"ocean_both_sidebars_sidebars_width":0,"ocean_sidebar":"","ocean_second_sidebar":"","ocean_disable_margins":"enable","ocean_add_body_class":"","ocean_shortcode_before_top_bar":"","ocean_shortcode_after_top_bar":"","ocean_shortcode_before_header":"","ocean_shortcode_after_header":"","ocean_has_shortcode":"","ocean_shortcode_after_title":"","ocean_shortcode_before_footer_widgets":"","ocean_shortcode_after_footer_widgets":"","ocean_shortcode_before_footer_bottom":"","ocean_shortcode_after_footer_bottom":"","ocean_display_top_bar":"default","ocean_display_header":"default","ocean_header_style":"","ocean_center_header_left_menu":"","ocean_custom_header_template":"","ocean_custom_logo":0,"ocean_custom_retina_logo":0,"ocean_custom_logo_max_width":0,"ocean_custom_logo_tablet_max_width":0,"ocean_custom_logo_mobile_max_width":0,"ocean_custom_logo_max_height":0,"ocean_custom_logo_tablet_max_height":0,"ocean_custom_logo_mobile_max_height":0,"ocean_header_custom_menu":"","ocean_menu_typo_font_family":"","ocean_menu_typo_font_subset":"","ocean_menu_typo_font_size":0,"ocean_menu_typo_font_size_tablet":0,"ocean_menu_typo_font_size_mobile":0,"ocean_menu_typo_font_size_unit":"px","ocean_menu_typo_font_weight":"","ocean_menu_typo_font_weight_tablet":"","ocean_menu_typo_font_weight_mobile":"","ocean_menu_typo_transform":"","ocean_menu_typo_transform_tablet":"","ocean_menu_typo_transform_mobile":"","ocean_menu_typo_line_height":0,"ocean_menu_typo_line_height_tablet":0,"ocean_menu_typo_line_height_mobile":0,"ocean_menu_typo_line_height_unit":"","ocean_menu_typo_spacing":0,"ocean_menu_typo_spacing_tablet":0,"ocean_menu_typo_spacing_mobile":0,"ocean_menu_typo_spacing_unit":"","ocean_menu_link_color":"","ocean_menu_link_color_hover":"","ocean_menu_link_color_active":"","ocean_menu_link_background":"","ocean_menu_link_hover_background":"","ocean_menu_link_active_background":"","ocean_menu_social_links_bg":"","ocean_menu_social_hover_links_bg":"","ocean_menu_social_links_color":"","ocean_menu_social_hover_links_color":"","ocean_disable_title":"on","ocean_disable_heading":"default","ocean_post_title":"","ocean_post_subheading":"","ocean_post_title_style":"","ocean_post_title_background_color":"","ocean_post_title_background":0,"ocean_post_title_bg_image_position":"","ocean_post_title_bg_image_attachment":"","ocean_post_title_bg_image_repeat":"","ocean_post_title_bg_image_size":"","ocean_post_title_height":0,"ocean_post_title_bg_overlay":0.5,"ocean_post_title_bg_overlay_color":"","ocean_disable_breadcrumbs":"default","ocean_breadcrumbs_color":"","ocean_breadcrumbs_separator_color":"","ocean_breadcrumbs_links_color":"","ocean_breadcrumbs_links_hover_color":"","ocean_display_footer_widgets":"off","ocean_display_footer_bottom":"off","ocean_custom_footer_template":"","footnotes":""},"class_list":["post-575","page","type-page","status-publish","hentry","entry"],"_links":{"self":[{"href":"https:\/\/hanfufrance.com\/zh\/wp-json\/wp\/v2\/pages\/575","targetHints":{"allow":["GET"]}}],"collection":[{"href":"https:\/\/hanfufrance.com\/zh\/wp-json\/wp\/v2\/pages"}],"about":[{"href":"https:\/\/hanfufrance.com\/zh\/wp-json\/wp\/v2\/types\/page"}],"author":[{"embeddable":true,"href":"https:\/\/hanfufrance.com\/zh\/wp-json\/wp\/v2\/users\/1"}],"replies":[{"embeddable":true,"href":"https:\/\/hanfufrance.com\/zh\/wp-json\/wp\/v2\/comments?post=575"}],"version-history":[{"count":34,"href":"https:\/\/hanfufrance.com\/zh\/wp-json\/wp\/v2\/pages\/575\/revisions"}],"predecessor-version":[{"id":1881,"href":"https:\/\/hanfufrance.com\/zh\/wp-json\/wp\/v2\/pages\/575\/revisions\/1881"}],"wp:attachment":[{"href":"https:\/\/hanfufrance.com\/zh\/wp-json\/wp\/v2\/media?parent=575"}],"curies":[{"name":"wp","href":"https:\/\/api.w.org\/{rel}","templated":true}]}}