{"id":577,"date":"2025-08-23T15:43:21","date_gmt":"2025-08-23T15:43:21","guid":{"rendered":"https:\/\/hanfufrance.com\/?page_id=577"},"modified":"2025-08-30T16:12:12","modified_gmt":"2025-08-30T16:12:12","slug":"atelier","status":"publish","type":"page","link":"https:\/\/hanfufrance.com\/zh\/atelier\/","title":{"rendered":"Atelier"},"content":{"rendered":"<div data-elementor-type=\"wp-page\" data-elementor-id=\"577\" class=\"elementor elementor-577\">\n\t\t\t\t<div class=\"elementor-element elementor-element-30e1083 e-flex e-con-boxed e-con e-parent\" data-id=\"30e1083\" data-element_type=\"container\" data-e-type=\"container\" id=\"atelier\" data-settings=\"{&quot;background_background&quot;:&quot;classic&quot;}\">\n\t\t\t\t\t<div class=\"e-con-inner\">\n\t\t<div class=\"elementor-element elementor-element-d09e7ea e-con-full e-flex e-con e-child\" data-id=\"d09e7ea\" data-element_type=\"container\" data-e-type=\"container\" data-settings=\"{&quot;background_background&quot;:&quot;classic&quot;}\">\n\t\t<div class=\"elementor-element elementor-element-a28ef81 e-con-full e-flex e-con e-child\" data-id=\"a28ef81\" data-element_type=\"container\" data-e-type=\"container\">\n\t\t\t\t<div class=\"elementor-element elementor-element-99c21a7 elementor-widget elementor-widget-heading\" data-id=\"99c21a7\" data-element_type=\"widget\" data-e-type=\"widget\" data-widget_type=\"heading.default\">\n\t\t\t\t\t<h2 class=\"elementor-heading-title elementor-size-default\"><u>Nos ateliers<\/u><\/h2>\t\t\t\t<\/div>\n\t\t<div class=\"elementor-element elementor-element-69e31af e-con-full e-flex e-con e-child\" data-id=\"69e31af\" data-element_type=\"container\" data-e-type=\"container\">\n\t\t<div class=\"elementor-element elementor-element-12de7af e-con-full e-flex e-con e-child\" data-id=\"12de7af\" data-element_type=\"container\" data-e-type=\"container\">\n\t\t<div class=\"elementor-element elementor-element-5c0a0a8 e-con-full e-flex e-con e-child\" data-id=\"5c0a0a8\" data-element_type=\"container\" data-e-type=\"container\">\n\t\t<div class=\"elementor-element elementor-element-6bccac9 e-con-full e-flex e-con e-child\" data-id=\"6bccac9\" data-element_type=\"container\" data-e-type=\"container\">\n\t\t\t\t<div class=\"elementor-element elementor-element-5782e7e elementor-widget elementor-widget-image\" data-id=\"5782e7e\" data-element_type=\"widget\" data-e-type=\"widget\" data-widget_type=\"image.default\">\n\t\t\t\t\t\t\t\t\t\t\t\t\t\t\t<img fetchpriority=\"high\" decoding=\"async\" width=\"1024\" height=\"1024\" src=\"https:\/\/hanfufrance.com\/wp-content\/uploads\/2025\/08\/IMG_0221-1024x1024.jpg\" class=\"attachment-large size-large wp-image-539\" alt=\"\" srcset=\"https:\/\/hanfufrance.com\/wp-content\/uploads\/2025\/08\/IMG_0221-1024x1024.jpg 1024w, https:\/\/hanfufrance.com\/wp-content\/uploads\/2025\/08\/IMG_0221-300x300.jpg 300w, https:\/\/hanfufrance.com\/wp-content\/uploads\/2025\/08\/IMG_0221-150x150.jpg 150w, https:\/\/hanfufrance.com\/wp-content\/uploads\/2025\/08\/IMG_0221-768x768.jpg 768w, https:\/\/hanfufrance.com\/wp-content\/uploads\/2025\/08\/IMG_0221-12x12.jpg 12w, https:\/\/hanfufrance.com\/wp-content\/uploads\/2025\/08\/IMG_0221-600x600.jpg 600w, https:\/\/hanfufrance.com\/wp-content\/uploads\/2025\/08\/IMG_0221.jpg 1179w\" sizes=\"(max-width: 1024px) 100vw, 1024px\" \/>\t\t\t\t\t\t\t\t\t\t\t\t\t\t\t<\/div>\n\t\t\t\t<div class=\"elementor-element elementor-element-5a1cd8f elementor-widget elementor-widget-text-editor\" data-id=\"5a1cd8f\" data-element_type=\"widget\" data-e-type=\"widget\" data-widget_type=\"text-editor.default\">\n\t\t\t\t\t\t\t\t\t<p data-start=\"77\" data-end=\"114\"><a href=\"https:\/\/hanfufrance.com\/leventail-laque\/\"><span style=\"text-decoration: underline;\"><strong data-start=\"77\" data-end=\"112\">L\u2019\u00c9ventail Laqu\u00e9<\/strong><\/span><\/a><\/p><p data-start=\"116\" data-end=\"421\">Vous d\u00e9couvrirez l\u2019histoire de cet artisanat raffin\u00e9, les diff\u00e9rentes techniques de laquage ainsi que les secrets de cr\u00e9ation d\u2019un \u00e9ventail unique. Cet atelier vous invite \u00e0 exp\u00e9rimenter l\u2019art du\u6f06\u6247 comme une rencontre entre tradition et cr\u00e9ativit\u00e9, alliant esth\u00e9tique, culture et savoir-faire artisanal.<\/p>\t\t\t\t\t\t\t\t<\/div>\n\t\t\t\t<\/div>\n\t\t\t\t<\/div>\n\t\t<div class=\"elementor-element elementor-element-fa1c3b5 e-con-full e-flex e-con e-child\" data-id=\"fa1c3b5\" data-element_type=\"container\" data-e-type=\"container\">\n\t\t<div class=\"elementor-element elementor-element-1cc12da e-con-full e-flex e-con e-child\" data-id=\"1cc12da\" data-element_type=\"container\" data-e-type=\"container\">\n\t\t\t\t<div class=\"elementor-element elementor-element-68fa11c elementor-widget elementor-widget-image\" data-id=\"68fa11c\" data-element_type=\"widget\" data-e-type=\"widget\" data-widget_type=\"image.default\">\n\t\t\t\t\t\t\t\t\t\t\t\t\t\t\t<img decoding=\"async\" width=\"1024\" height=\"1024\" src=\"https:\/\/hanfufrance.com\/wp-content\/uploads\/2025\/08\/IMG_0223-1024x1024.jpg\" class=\"attachment-large size-large wp-image-538\" alt=\"\" srcset=\"https:\/\/hanfufrance.com\/wp-content\/uploads\/2025\/08\/IMG_0223-1024x1024.jpg 1024w, https:\/\/hanfufrance.com\/wp-content\/uploads\/2025\/08\/IMG_0223-300x300.jpg 300w, https:\/\/hanfufrance.com\/wp-content\/uploads\/2025\/08\/IMG_0223-150x150.jpg 150w, https:\/\/hanfufrance.com\/wp-content\/uploads\/2025\/08\/IMG_0223-768x768.jpg 768w, https:\/\/hanfufrance.com\/wp-content\/uploads\/2025\/08\/IMG_0223-12x12.jpg 12w, https:\/\/hanfufrance.com\/wp-content\/uploads\/2025\/08\/IMG_0223-600x600.jpg 600w, https:\/\/hanfufrance.com\/wp-content\/uploads\/2025\/08\/IMG_0223.jpg 1179w\" sizes=\"(max-width: 1024px) 100vw, 1024px\" \/>\t\t\t\t\t\t\t\t\t\t\t\t\t\t\t<\/div>\n\t\t\t\t<div class=\"elementor-element elementor-element-beb881e elementor-widget elementor-widget-text-editor\" data-id=\"beb881e\" data-element_type=\"widget\" data-e-type=\"widget\" data-widget_type=\"text-editor.default\">\n\t\t\t\t\t\t\t\t\t<p data-start=\"79\" data-end=\"122\"><span style=\"text-decoration: underline;\"><a href=\"https:\/\/hanfufrance.com\/atelier-pliage-et-decoupage\/\"><strong data-start=\"79\" data-end=\"120\">Atelier Pliage et D\u00e9coupage<\/strong><\/a><\/span><\/p><p data-start=\"124\" data-end=\"403\">Vous d\u00e9couvrirez l\u2019histoire et la symbolique de ces arts traditionnels, m\u00ealant cr\u00e9ativit\u00e9 et pr\u00e9cision. Cet atelier vous invite \u00e0 explorer diff\u00e9rentes techniques de pliage et de d\u00e9coupage pour r\u00e9aliser vos propres motifs, alliant imagination, culture et savoir-faire artisanal.<\/p>\t\t\t\t\t\t\t\t<\/div>\n\t\t\t\t<\/div>\n\t\t\t\t<\/div>\n\t\t<div class=\"elementor-element elementor-element-ba2d32d e-con-full e-flex e-con e-child\" data-id=\"ba2d32d\" data-element_type=\"container\" data-e-type=\"container\">\n\t\t<div class=\"elementor-element elementor-element-0b75069 e-con-full e-flex e-con e-child\" data-id=\"0b75069\" data-element_type=\"container\" data-e-type=\"container\">\n\t\t\t\t<div class=\"elementor-element elementor-element-73dc3ed elementor-widget elementor-widget-image\" data-id=\"73dc3ed\" data-element_type=\"widget\" data-e-type=\"widget\" data-widget_type=\"image.default\">\n\t\t\t\t\t\t\t\t\t\t\t\t\t\t\t<img decoding=\"async\" width=\"754\" height=\"746\" src=\"https:\/\/hanfufrance.com\/wp-content\/uploads\/2025\/08\/Capture-decran-2025-08-20-a-16.22.24.png\" class=\"attachment-large size-large wp-image-207\" alt=\"\" srcset=\"https:\/\/hanfufrance.com\/wp-content\/uploads\/2025\/08\/Capture-decran-2025-08-20-a-16.22.24.png 754w, https:\/\/hanfufrance.com\/wp-content\/uploads\/2025\/08\/Capture-decran-2025-08-20-a-16.22.24-300x297.png 300w\" sizes=\"(max-width: 754px) 100vw, 754px\" \/>\t\t\t\t\t\t\t\t\t\t\t\t\t\t\t<\/div>\n\t\t\t\t<div class=\"elementor-element elementor-element-437955b elementor-widget elementor-widget-text-editor\" data-id=\"437955b\" data-element_type=\"widget\" data-e-type=\"widget\" data-widget_type=\"text-editor.default\">\n\t\t\t\t\t\t\t\t\t<p data-start=\"62\" data-end=\"102\"><a href=\"https:\/\/hanfufrance.com\/essayage-de-hanfu\/\"><span style=\"text-decoration: underline;\"><strong data-start=\"62\" data-end=\"100\">Essayage de Hanfu\u00a0<\/strong><\/span><\/a><\/p><p data-start=\"104\" data-end=\"331\">Vous d\u00e9couvrirez l\u2019\u00e9l\u00e9gance du v\u00eatement traditionnel chinois, son histoire et sa symbolique culturelle. Cet atelier vous invite \u00e0 rev\u00eatir le Hanfu pour vivre une immersion unique, alliant esth\u00e9tique, tradition et raffinement.<\/p><hr data-start=\"354\" data-end=\"359\" \/>\t\t\t\t\t\t\t\t<\/div>\n\t\t\t\t<\/div>\n\t\t\t\t<\/div>\n\t\t\t\t<\/div>\n\t\t\t\t<\/div>\n\t\t\t\t<\/div>\n\t\t\t\t<\/div>\n\t\t\t\t\t<\/div>\n\t\t\t\t<\/div>\n\t\t\t\t<\/div>","protected":false},"excerpt":{"rendered":"<p>Nos ateliers L\u2019\u00c9ventail Laqu\u00e9 Vous d\u00e9couvrirez l\u2019histoire de cet artisanat raffin\u00e9, les diff\u00e9rentes techniques de laquage ainsi que les secrets de cr\u00e9ation d\u2019un \u00e9ventail unique. Cet atelier vous invite \u00e0 exp\u00e9rimenter l\u2019art du\u6f06\u6247 comme une rencontre entre tradition et cr\u00e9ativit\u00e9, alliant esth\u00e9tique, culture et savoir-faire artisanal. Atelier Pliage et D\u00e9coupage Vous d\u00e9couvrirez l\u2019histoire et la [&hellip;]<\/p>","protected":false},"author":1,"featured_media":0,"parent":0,"menu_order":0,"comment_status":"closed","ping_status":"closed","template":"","meta":{"ocean_post_layout":"full-screen","ocean_both_sidebars_style":"","ocean_both_sidebars_content_width":0,"ocean_both_sidebars_sidebars_width":0,"ocean_sidebar":"","ocean_second_sidebar":"","ocean_disable_margins":"enable","ocean_add_body_class":"","ocean_shortcode_before_top_bar":"","ocean_shortcode_after_top_bar":"","ocean_shortcode_before_header":"","ocean_shortcode_after_header":"","ocean_has_shortcode":"","ocean_shortcode_after_title":"","ocean_shortcode_before_footer_widgets":"","ocean_shortcode_after_footer_widgets":"","ocean_shortcode_before_footer_bottom":"","ocean_shortcode_after_footer_bottom":"","ocean_display_top_bar":"default","ocean_display_header":"default","ocean_header_style":"","ocean_center_header_left_menu":"","ocean_custom_header_template":"","ocean_custom_logo":0,"ocean_custom_retina_logo":0,"ocean_custom_logo_max_width":0,"ocean_custom_logo_tablet_max_width":0,"ocean_custom_logo_mobile_max_width":0,"ocean_custom_logo_max_height":0,"ocean_custom_logo_tablet_max_height":0,"ocean_custom_logo_mobile_max_height":0,"ocean_header_custom_menu":"","ocean_menu_typo_font_family":"","ocean_menu_typo_font_subset":"","ocean_menu_typo_font_size":0,"ocean_menu_typo_font_size_tablet":0,"ocean_menu_typo_font_size_mobile":0,"ocean_menu_typo_font_size_unit":"px","ocean_menu_typo_font_weight":"","ocean_menu_typo_font_weight_tablet":"","ocean_menu_typo_font_weight_mobile":"","ocean_menu_typo_transform":"","ocean_menu_typo_transform_tablet":"","ocean_menu_typo_transform_mobile":"","ocean_menu_typo_line_height":0,"ocean_menu_typo_line_height_tablet":0,"ocean_menu_typo_line_height_mobile":0,"ocean_menu_typo_line_height_unit":"","ocean_menu_typo_spacing":0,"ocean_menu_typo_spacing_tablet":0,"ocean_menu_typo_spacing_mobile":0,"ocean_menu_typo_spacing_unit":"","ocean_menu_link_color":"","ocean_menu_link_color_hover":"","ocean_menu_link_color_active":"","ocean_menu_link_background":"","ocean_menu_link_hover_background":"","ocean_menu_link_active_background":"","ocean_menu_social_links_bg":"","ocean_menu_social_hover_links_bg":"","ocean_menu_social_links_color":"","ocean_menu_social_hover_links_color":"","ocean_disable_title":"on","ocean_disable_heading":"default","ocean_post_title":"","ocean_post_subheading":"","ocean_post_title_style":"","ocean_post_title_background_color":"","ocean_post_title_background":0,"ocean_post_title_bg_image_position":"","ocean_post_title_bg_image_attachment":"","ocean_post_title_bg_image_repeat":"","ocean_post_title_bg_image_size":"","ocean_post_title_height":0,"ocean_post_title_bg_overlay":0.5,"ocean_post_title_bg_overlay_color":"","ocean_disable_breadcrumbs":"default","ocean_breadcrumbs_color":"","ocean_breadcrumbs_separator_color":"","ocean_breadcrumbs_links_color":"","ocean_breadcrumbs_links_hover_color":"","ocean_display_footer_widgets":"off","ocean_display_footer_bottom":"off","ocean_custom_footer_template":"","footnotes":""},"class_list":["post-577","page","type-page","status-publish","hentry","entry"],"_links":{"self":[{"href":"https:\/\/hanfufrance.com\/zh\/wp-json\/wp\/v2\/pages\/577","targetHints":{"allow":["GET"]}}],"collection":[{"href":"https:\/\/hanfufrance.com\/zh\/wp-json\/wp\/v2\/pages"}],"about":[{"href":"https:\/\/hanfufrance.com\/zh\/wp-json\/wp\/v2\/types\/page"}],"author":[{"embeddable":true,"href":"https:\/\/hanfufrance.com\/zh\/wp-json\/wp\/v2\/users\/1"}],"replies":[{"embeddable":true,"href":"https:\/\/hanfufrance.com\/zh\/wp-json\/wp\/v2\/comments?post=577"}],"version-history":[{"count":7,"href":"https:\/\/hanfufrance.com\/zh\/wp-json\/wp\/v2\/pages\/577\/revisions"}],"predecessor-version":[{"id":1884,"href":"https:\/\/hanfufrance.com\/zh\/wp-json\/wp\/v2\/pages\/577\/revisions\/1884"}],"wp:attachment":[{"href":"https:\/\/hanfufrance.com\/zh\/wp-json\/wp\/v2\/media?parent=577"}],"curies":[{"name":"wp","href":"https:\/\/api.w.org\/{rel}","templated":true}]}}