{"id":653,"date":"2025-08-24T12:17:44","date_gmt":"2025-08-24T12:17:44","guid":{"rendered":"https:\/\/hanfufrance.com\/?page_id=653"},"modified":"2025-08-30T14:28:35","modified_gmt":"2025-08-30T14:28:35","slug":"art-du-the-chinois","status":"publish","type":"page","link":"https:\/\/hanfufrance.com\/zh\/art-du-the-chinois\/","title":{"rendered":"Art du th\u00e9 chinois"},"content":{"rendered":"<div data-elementor-type=\"wp-page\" data-elementor-id=\"653\" class=\"elementor elementor-653\">\n\t\t\t\t\t\t<section class=\"elementor-section elementor-top-section elementor-element elementor-element-1867992e elementor-section-content-middle elementor-section-boxed elementor-section-height-default elementor-section-height-default\" data-id=\"1867992e\" data-element_type=\"section\" data-e-type=\"section\" data-settings=\"{&quot;background_background&quot;:&quot;classic&quot;}\">\n\t\t\t\t\t\t\t<div class=\"elementor-background-overlay\"><\/div>\n\t\t\t\t\t\t\t<div class=\"elementor-container elementor-column-gap-default\">\n\t\t\t\t\t<div class=\"elementor-column elementor-col-100 elementor-top-column elementor-element elementor-element-1d8d13ca\" data-id=\"1d8d13ca\" data-element_type=\"column\" data-e-type=\"column\">\n\t\t\t<div class=\"elementor-widget-wrap elementor-element-populated\">\n\t\t\t\t\t\t<section class=\"elementor-section elementor-inner-section elementor-element elementor-element-43a2058e elementor-section-boxed elementor-section-height-default elementor-section-height-default\" data-id=\"43a2058e\" data-element_type=\"section\" data-e-type=\"section\">\n\t\t\t\t\t\t<div class=\"elementor-container elementor-column-gap-default\">\n\t\t\t\t\t<div class=\"elementor-column elementor-col-100 elementor-inner-column elementor-element elementor-element-61658853 elementor-invisible\" data-id=\"61658853\" data-element_type=\"column\" data-e-type=\"column\" data-settings=\"{&quot;animation&quot;:&quot;fadeInDown&quot;}\">\n\t\t\t<div class=\"elementor-widget-wrap elementor-element-populated\">\n\t\t\t\t\t\t<div class=\"elementor-element elementor-element-2f9d306 elementor-widget elementor-widget-spacer\" data-id=\"2f9d306\" data-element_type=\"widget\" data-e-type=\"widget\" data-widget_type=\"spacer.default\">\n\t\t\t\t\t\t\t<div class=\"elementor-spacer\">\n\t\t\t<div class=\"elementor-spacer-inner\"><\/div>\n\t\t<\/div>\n\t\t\t\t\t\t<\/div>\n\t\t\t\t<div class=\"elementor-element elementor-element-307ecd46 elementor-widget elementor-widget-heading\" data-id=\"307ecd46\" data-element_type=\"widget\" data-e-type=\"widget\" data-widget_type=\"heading.default\">\n\t\t\t\t\t<h2 class=\"elementor-heading-title elementor-size-default\"><u>Art du Th\u00e9 Chinois<\/u><\/h2>\t\t\t\t<\/div>\n\t\t\t\t<div class=\"elementor-element elementor-element-57c63b30 elementor-widget elementor-widget-text-editor\" data-id=\"57c63b30\" data-element_type=\"widget\" data-e-type=\"widget\" data-widget_type=\"text-editor.default\">\n\t\t\t\t\t\t\t\t\t<p><strong>Plongez dans l\u2019univers raffin\u00e9 du th\u00e9 chinois. Cette formation vous invite \u00e0 d\u00e9couvrir l\u2019art ancestral de la d\u00e9gustation, \u00e0 comprendre les secrets de ses diff\u00e9rentes vari\u00e9t\u00e9s et \u00e0 exp\u00e9rimenter la s\u00e9r\u00e9nit\u00e9 d\u2019une v\u00e9ritable c\u00e9r\u00e9monie du th\u00e9.<\/strong><\/p>\t\t\t\t\t\t\t\t<\/div>\n\t\t\t\t<div class=\"elementor-element elementor-element-3d21b4b elementor-widget elementor-widget-spacer\" data-id=\"3d21b4b\" data-element_type=\"widget\" data-e-type=\"widget\" data-widget_type=\"spacer.default\">\n\t\t\t\t\t\t\t<div class=\"elementor-spacer\">\n\t\t\t<div class=\"elementor-spacer-inner\"><\/div>\n\t\t<\/div>\n\t\t\t\t\t\t<\/div>\n\t\t\t\t<div class=\"elementor-element elementor-element-67192437 elementor-widget-divider--view-line elementor-widget elementor-widget-divider\" data-id=\"67192437\" data-element_type=\"widget\" data-e-type=\"widget\" data-widget_type=\"divider.default\">\n\t\t\t\t\t\t\t<div class=\"elementor-divider\">\n\t\t\t<span class=\"elementor-divider-separator\">\n\t\t\t\t\t\t<\/span>\n\t\t<\/div>\n\t\t\t\t\t\t<\/div>\n\t\t\t\t\t<\/div>\n\t\t<\/div>\n\t\t\t\t\t<\/div>\n\t\t<\/section>\n\t\t\t\t\t<\/div>\n\t\t<\/div>\n\t\t\t\t\t<\/div>\n\t\t<\/section>\n\t\t<div class=\"elementor-element elementor-element-73a94c7 e-flex e-con-boxed e-con e-parent\" data-id=\"73a94c7\" data-element_type=\"container\" data-e-type=\"container\" data-settings=\"{&quot;background_background&quot;:&quot;classic&quot;}\">\n\t\t\t\t\t<div class=\"e-con-inner\">\n\t\t<div class=\"elementor-element elementor-element-bab7759 e-con-full e-flex e-con e-child\" data-id=\"bab7759\" data-element_type=\"container\" data-e-type=\"container\">\n\t\t<div class=\"elementor-element elementor-element-daf3bbb e-con-full animated-slow e-flex elementor-invisible e-con e-child\" data-id=\"daf3bbb\" data-element_type=\"container\" data-e-type=\"container\" data-settings=\"{&quot;animation&quot;:&quot;fadeInLeft&quot;}\">\n\t\t<div class=\"elementor-element elementor-element-07b3234 e-con-full e-flex e-con e-child\" data-id=\"07b3234\" data-element_type=\"container\" data-e-type=\"container\">\n\t\t\t\t<div class=\"elementor-element elementor-element-2b8a82f elementor-widget elementor-widget-text-editor\" data-id=\"2b8a82f\" data-element_type=\"widget\" data-e-type=\"widget\" data-widget_type=\"text-editor.default\">\n\t\t\t\t\t\t\t\t\t<p style=\"font-weight: 400;\">Le cours de base de la Formation de l\u2019Art du Th\u00e9 chinois, est constitu\u00e9e par 8 s\u00e9ances obligatoires et 4 s\u00e9ances en option, de 1h30-2h tous les samedis apr\u00e8s-midi \u00e0 l&rsquo;adresse :\u00a0<span style=\"font-family: Calibri; font-size: 12pt; letter-spacing: normal; text-align: var(--text-align);\"><strong>5 rue de braque 75003 Paris<\/strong> <\/span>partir du mi-octobre 2023.\u00a0<\/p><p><strong><span style=\"text-decoration: underline;\">Formatrice<\/span><\/strong> : Mme Aline Yueru ZHONG, PhD, ma\u00eetre de th\u00e9 sup\u00e9rieur, pr\u00e9sidente de l\u2019Association Boyan, fondatrice du Syst\u00e8me de Notation du Th\u00e9 Fleur de Lys en France d\u00e9di\u00e9 aux Th\u00e9s Grands Crus.<\/p>\t\t\t\t\t\t\t\t<\/div>\n\t\t\t\t<\/div>\n\t\t<div class=\"elementor-element elementor-element-38e1698 e-con-full e-flex e-con e-child\" data-id=\"38e1698\" data-element_type=\"container\" data-e-type=\"container\">\n\t\t\t\t<div class=\"elementor-element elementor-element-782b847 elementor-widget elementor-widget-image\" data-id=\"782b847\" data-element_type=\"widget\" data-e-type=\"widget\" data-widget_type=\"image.default\">\n\t\t\t\t\t\t\t\t\t\t\t\t\t\t\t<img fetchpriority=\"high\" decoding=\"async\" width=\"1024\" height=\"715\" src=\"https:\/\/hanfufrance.com\/wp-content\/uploads\/2025\/08\/Capture-decran-2025-08-30-a-15.54.09-1024x715.png\" class=\"attachment-large size-large wp-image-1808\" alt=\"\" srcset=\"https:\/\/hanfufrance.com\/wp-content\/uploads\/2025\/08\/Capture-decran-2025-08-30-a-15.54.09-1024x715.png 1024w, https:\/\/hanfufrance.com\/wp-content\/uploads\/2025\/08\/Capture-decran-2025-08-30-a-15.54.09-300x210.png 300w, https:\/\/hanfufrance.com\/wp-content\/uploads\/2025\/08\/Capture-decran-2025-08-30-a-15.54.09-768x536.png 768w, https:\/\/hanfufrance.com\/wp-content\/uploads\/2025\/08\/Capture-decran-2025-08-30-a-15.54.09-18x12.png 18w, https:\/\/hanfufrance.com\/wp-content\/uploads\/2025\/08\/Capture-decran-2025-08-30-a-15.54.09.png 1406w\" sizes=\"(max-width: 1024px) 100vw, 1024px\" \/>\t\t\t\t\t\t\t\t\t\t\t\t\t\t\t<\/div>\n\t\t\t\t<\/div>\n\t\t\t\t<\/div>\n\t\t<div class=\"elementor-element elementor-element-f386baf e-con-full animated-slow e-flex elementor-invisible e-con e-child\" data-id=\"f386baf\" data-element_type=\"container\" data-e-type=\"container\" data-settings=\"{&quot;animation&quot;:&quot;fadeInRight&quot;}\">\n\t\t<div class=\"elementor-element elementor-element-a78a35b e-con-full e-flex e-con e-child\" data-id=\"a78a35b\" data-element_type=\"container\" data-e-type=\"container\">\n\t\t\t\t<div class=\"elementor-element elementor-element-089e050 elementor-widget elementor-widget-image\" data-id=\"089e050\" data-element_type=\"widget\" data-e-type=\"widget\" data-widget_type=\"image.default\">\n\t\t\t\t\t\t\t\t\t\t\t\t\t\t\t<img decoding=\"async\" width=\"1024\" height=\"682\" src=\"https:\/\/hanfufrance.com\/wp-content\/uploads\/2025\/08\/Capture-decran-2025-08-30-a-16.03.33-1024x682.png\" class=\"attachment-large size-large wp-image-1810\" alt=\"\" srcset=\"https:\/\/hanfufrance.com\/wp-content\/uploads\/2025\/08\/Capture-decran-2025-08-30-a-16.03.33-1024x682.png 1024w, https:\/\/hanfufrance.com\/wp-content\/uploads\/2025\/08\/Capture-decran-2025-08-30-a-16.03.33-300x200.png 300w, https:\/\/hanfufrance.com\/wp-content\/uploads\/2025\/08\/Capture-decran-2025-08-30-a-16.03.33-768x511.png 768w, https:\/\/hanfufrance.com\/wp-content\/uploads\/2025\/08\/Capture-decran-2025-08-30-a-16.03.33-18x12.png 18w, https:\/\/hanfufrance.com\/wp-content\/uploads\/2025\/08\/Capture-decran-2025-08-30-a-16.03.33.png 1238w\" sizes=\"(max-width: 1024px) 100vw, 1024px\" \/>\t\t\t\t\t\t\t\t\t\t\t\t\t\t\t<\/div>\n\t\t\t\t<\/div>\n\t\t<div class=\"elementor-element elementor-element-88505da e-con-full e-flex e-con e-child\" data-id=\"88505da\" data-element_type=\"container\" data-e-type=\"container\">\n\t\t\t\t<div class=\"elementor-element elementor-element-21e76cf elementor-widget elementor-widget-text-editor\" data-id=\"21e76cf\" data-element_type=\"widget\" data-e-type=\"widget\" data-widget_type=\"text-editor.default\">\n\t\t\t\t\t\t\t\t\t<div>&gt; Un dipl\u00f4me vous sera d\u00e9livr\u00e9 par Association Boyan si vous avez suivi tous les cours et vous concevez et r\u00e9alisez<\/div><div>une session de th\u00e9 dans la derni\u00e8re s\u00e9ance du programme, c\u2019est-\u00e0-dire, le salon de fin du stage. Les initi\u00e9s, les<\/div><div>amis et les membres de votre famille seront invit\u00e9s \u00e0 venir \u00e9valuer votre pr\u00e9sentation.<\/div>\t\t\t\t\t\t\t\t<\/div>\n\t\t\t\t<\/div>\n\t\t\t\t<\/div>\n\t\t\t\t<div class=\"elementor-element elementor-element-d12165d elementor-widget elementor-widget-spacer\" data-id=\"d12165d\" data-element_type=\"widget\" data-e-type=\"widget\" data-widget_type=\"spacer.default\">\n\t\t\t\t\t\t\t<div class=\"elementor-spacer\">\n\t\t\t<div class=\"elementor-spacer-inner\"><\/div>\n\t\t<\/div>\n\t\t\t\t\t\t<\/div>\n\t\t<div class=\"elementor-element elementor-element-480a4f9 e-con-full animated-slow e-flex elementor-invisible e-con e-child\" data-id=\"480a4f9\" data-element_type=\"container\" data-e-type=\"container\" data-settings=\"{&quot;animation&quot;:&quot;zoomIn&quot;}\">\n\t\t<div class=\"elementor-element elementor-element-00d667d e-con-full e-flex e-con e-child\" data-id=\"00d667d\" data-element_type=\"container\" data-e-type=\"container\" data-settings=\"{&quot;background_background&quot;:&quot;classic&quot;}\">\n\t\t\t\t<div class=\"elementor-element elementor-element-105a228 elementor-widget elementor-widget-image\" data-id=\"105a228\" data-element_type=\"widget\" data-e-type=\"widget\" data-widget_type=\"image.default\">\n\t\t\t\t\t\t\t\t\t\t\t\t\t\t\t<img decoding=\"async\" width=\"1024\" height=\"674\" src=\"https:\/\/hanfufrance.com\/wp-content\/uploads\/2025\/08\/Capture-decran-2025-08-30-a-16.06.42-1024x674.png\" class=\"attachment-large size-large wp-image-1813\" alt=\"\" srcset=\"https:\/\/hanfufrance.com\/wp-content\/uploads\/2025\/08\/Capture-decran-2025-08-30-a-16.06.42-1024x674.png 1024w, https:\/\/hanfufrance.com\/wp-content\/uploads\/2025\/08\/Capture-decran-2025-08-30-a-16.06.42-300x197.png 300w, https:\/\/hanfufrance.com\/wp-content\/uploads\/2025\/08\/Capture-decran-2025-08-30-a-16.06.42-768x506.png 768w, https:\/\/hanfufrance.com\/wp-content\/uploads\/2025\/08\/Capture-decran-2025-08-30-a-16.06.42-18x12.png 18w, https:\/\/hanfufrance.com\/wp-content\/uploads\/2025\/08\/Capture-decran-2025-08-30-a-16.06.42.png 1264w\" sizes=\"(max-width: 1024px) 100vw, 1024px\" \/>\t\t\t\t\t\t\t\t\t\t\t\t\t\t\t<\/div>\n\t\t\t\t<\/div>\n\t\t<div class=\"elementor-element elementor-element-77c938c e-con-full e-flex e-con e-child\" data-id=\"77c938c\" data-element_type=\"container\" data-e-type=\"container\" data-settings=\"{&quot;background_background&quot;:&quot;classic&quot;}\">\n\t\t\t\t<div class=\"elementor-element elementor-element-f0b27ba elementor-widget elementor-widget-image\" data-id=\"f0b27ba\" data-element_type=\"widget\" data-e-type=\"widget\" data-widget_type=\"image.default\">\n\t\t\t\t\t\t\t\t\t\t\t\t\t\t\t<img loading=\"lazy\" decoding=\"async\" width=\"1024\" height=\"683\" src=\"https:\/\/hanfufrance.com\/wp-content\/uploads\/2025\/08\/Capture-decran-2025-08-30-a-16.06.08-1024x683.png\" class=\"attachment-large size-large wp-image-1812\" alt=\"\" srcset=\"https:\/\/hanfufrance.com\/wp-content\/uploads\/2025\/08\/Capture-decran-2025-08-30-a-16.06.08-1024x683.png 1024w, https:\/\/hanfufrance.com\/wp-content\/uploads\/2025\/08\/Capture-decran-2025-08-30-a-16.06.08-300x200.png 300w, https:\/\/hanfufrance.com\/wp-content\/uploads\/2025\/08\/Capture-decran-2025-08-30-a-16.06.08-768x512.png 768w, https:\/\/hanfufrance.com\/wp-content\/uploads\/2025\/08\/Capture-decran-2025-08-30-a-16.06.08-18x12.png 18w, https:\/\/hanfufrance.com\/wp-content\/uploads\/2025\/08\/Capture-decran-2025-08-30-a-16.06.08.png 1184w\" sizes=\"(max-width: 1024px) 100vw, 1024px\" \/>\t\t\t\t\t\t\t\t\t\t\t\t\t\t\t<\/div>\n\t\t\t\t<\/div>\n\t\t<div class=\"elementor-element elementor-element-04db52f e-con-full e-flex e-con e-child\" data-id=\"04db52f\" data-element_type=\"container\" data-e-type=\"container\" data-settings=\"{&quot;background_background&quot;:&quot;classic&quot;}\">\n\t\t\t\t<div class=\"elementor-element elementor-element-f20b6a0 elementor-widget elementor-widget-image\" data-id=\"f20b6a0\" data-element_type=\"widget\" data-e-type=\"widget\" data-widget_type=\"image.default\">\n\t\t\t\t\t\t\t\t\t\t\t\t\t\t\t<img loading=\"lazy\" decoding=\"async\" width=\"1024\" height=\"639\" src=\"https:\/\/hanfufrance.com\/wp-content\/uploads\/2025\/08\/Capture-decran-2025-08-30-a-16.05.09-1024x639.png\" class=\"attachment-large size-large wp-image-1811\" alt=\"\" srcset=\"https:\/\/hanfufrance.com\/wp-content\/uploads\/2025\/08\/Capture-decran-2025-08-30-a-16.05.09-1024x639.png 1024w, https:\/\/hanfufrance.com\/wp-content\/uploads\/2025\/08\/Capture-decran-2025-08-30-a-16.05.09-300x187.png 300w, https:\/\/hanfufrance.com\/wp-content\/uploads\/2025\/08\/Capture-decran-2025-08-30-a-16.05.09-768x479.png 768w, https:\/\/hanfufrance.com\/wp-content\/uploads\/2025\/08\/Capture-decran-2025-08-30-a-16.05.09-1536x958.png 1536w, https:\/\/hanfufrance.com\/wp-content\/uploads\/2025\/08\/Capture-decran-2025-08-30-a-16.05.09-18x12.png 18w, https:\/\/hanfufrance.com\/wp-content\/uploads\/2025\/08\/Capture-decran-2025-08-30-a-16.05.09.png 1642w\" sizes=\"(max-width: 1024px) 100vw, 1024px\" \/>\t\t\t\t\t\t\t\t\t\t\t\t\t\t\t<\/div>\n\t\t\t\t<\/div>\n\t\t\t\t<\/div>\n\t\t\t\t<\/div>\n\t\t\t\t<div class=\"elementor-element elementor-element-badb421 elementor-widget elementor-widget-spacer\" data-id=\"badb421\" data-element_type=\"widget\" data-e-type=\"widget\" data-widget_type=\"spacer.default\">\n\t\t\t\t\t\t\t<div class=\"elementor-spacer\">\n\t\t\t<div class=\"elementor-spacer-inner\"><\/div>\n\t\t<\/div>\n\t\t\t\t\t\t<\/div>\n\t\t<div class=\"elementor-element elementor-element-a92ee64 e-con-full e-flex elementor-invisible e-con e-child\" data-id=\"a92ee64\" data-element_type=\"container\" data-e-type=\"container\" data-settings=\"{&quot;background_background&quot;:&quot;slideshow&quot;,&quot;background_slideshow_gallery&quot;:[{&quot;id&quot;:1810,&quot;url&quot;:&quot;https:\\\/\\\/hanfufrance.com\\\/wp-content\\\/uploads\\\/2025\\\/08\\\/Capture-decran-2025-08-30-a-16.03.33.png&quot;}],&quot;animation&quot;:&quot;bounce&quot;,&quot;background_slideshow_loop&quot;:&quot;yes&quot;,&quot;background_slideshow_slide_duration&quot;:5000,&quot;background_slideshow_slide_transition&quot;:&quot;fade&quot;,&quot;background_slideshow_transition_duration&quot;:500}\">\n\t\t\t\t<div class=\"elementor-element elementor-element-d2bb418 elementor-widget elementor-widget-spacer\" data-id=\"d2bb418\" data-element_type=\"widget\" data-e-type=\"widget\" data-widget_type=\"spacer.default\">\n\t\t\t\t\t\t\t<div class=\"elementor-spacer\">\n\t\t\t<div class=\"elementor-spacer-inner\"><\/div>\n\t\t<\/div>\n\t\t\t\t\t\t<\/div>\n\t\t\t\t<div class=\"elementor-element elementor-element-b0e146e elementor-widget elementor-widget-heading\" data-id=\"b0e146e\" data-element_type=\"widget\" data-e-type=\"widget\" data-widget_type=\"heading.default\">\n\t\t\t\t\t<h2 class=\"elementor-heading-title elementor-size-default\">Cours de base  - Programme<\/h2>\t\t\t\t<\/div>\n\t\t\t\t<div class=\"elementor-element elementor-element-f9dff26 elementor-widget__width-initial elementor-widget elementor-widget-text-editor\" data-id=\"f9dff26\" data-element_type=\"widget\" data-e-type=\"widget\" data-widget_type=\"text-editor.default\">\n\t\t\t\t\t\t\t\t\t<div>N\u00b0 1 : Premier pas dans le monde du th\u00e9<\/div><div>&#8211; Les diff\u00e9rents types de th\u00e9 et la culture agricole des th\u00e9s en Chine-\u00a0<\/div><div><br \/>N\u00b0 2 : L\u2019art du th\u00e9 vert<br \/><br \/><\/div><div>N\u00b0 3 : L\u2019art du th\u00e9 blanc, th\u00e9 jaune\u00a0<br \/><br \/><\/div><div>N\u00b0 4: L\u2019art du th\u00e9 Oolong\u00a0<br \/><br \/><\/div><div>N\u00b0 5: L\u2019art du th\u00e9 rouge\u00a0<br \/><br \/><\/div><div>N\u00b0 6: L\u2019art du th\u00e9 noir\u00a0<br \/><br \/><\/div><div>N\u00b0 7: L\u2019art du th\u00e9 Pu Erh\u00a0<br \/><br \/><\/div><div>N\u00b0 8: L\u2019art du Th\u00e9 retravaill\u00e9\u00a0<br \/>-Les pratiques en option-<br \/><br \/><\/div><div>N\u00b0 9 : Composition de la table du th\u00e9<\/div><div>\u00a0<\/div><div>N\u00b0 10-11 : Entrainement C\u00e9r\u00e9monie du th\u00e9<\/div><div>\u00a0<\/div><div>N\u00b0 12 : Salon de Fin du Stage : compte rendu<\/div><div>\u00a0<\/div>\t\t\t\t\t\t\t\t<\/div>\n\t\t\t\t<\/div>\n\t\t\t\t<div class=\"elementor-element elementor-element-c6c34a4 elementor-widget-divider--view-line elementor-widget elementor-widget-divider\" data-id=\"c6c34a4\" data-element_type=\"widget\" data-e-type=\"widget\" data-widget_type=\"divider.default\">\n\t\t\t\t\t\t\t<div class=\"elementor-divider\">\n\t\t\t<span class=\"elementor-divider-separator\">\n\t\t\t\t\t\t<\/span>\n\t\t<\/div>\n\t\t\t\t\t\t<\/div>\n\t\t\t\t\t<\/div>\n\t\t\t\t<\/div>\n\t\t<div class=\"elementor-element elementor-element-3a7402e e-flex e-con-boxed e-con e-parent\" data-id=\"3a7402e\" data-element_type=\"container\" data-e-type=\"container\">\n\t\t\t\t\t<div class=\"e-con-inner\">\n\t\t\t\t\t<\/div>\n\t\t\t\t<\/div>\n\t\t\t\t<\/div>","protected":false},"excerpt":{"rendered":"<p>Art du Th\u00e9 Chinois Plongez dans l\u2019univers raffin\u00e9 du th\u00e9 chinois. Cette formation vous invite \u00e0 d\u00e9couvrir l\u2019art ancestral de la d\u00e9gustation, \u00e0 comprendre les secrets de ses diff\u00e9rentes vari\u00e9t\u00e9s et \u00e0 exp\u00e9rimenter la s\u00e9r\u00e9nit\u00e9 d\u2019une v\u00e9ritable c\u00e9r\u00e9monie du th\u00e9. Le cours de base de la Formation de l\u2019Art du Th\u00e9 chinois, est constitu\u00e9e par [&hellip;]<\/p>","protected":false},"author":1,"featured_media":0,"parent":0,"menu_order":0,"comment_status":"closed","ping_status":"closed","template":"","meta":{"ocean_post_layout":"full-screen","ocean_both_sidebars_style":"","ocean_both_sidebars_content_width":0,"ocean_both_sidebars_sidebars_width":0,"ocean_sidebar":"","ocean_second_sidebar":"","ocean_disable_margins":"enable","ocean_add_body_class":"","ocean_shortcode_before_top_bar":"","ocean_shortcode_after_top_bar":"","ocean_shortcode_before_header":"","ocean_shortcode_after_header":"","ocean_has_shortcode":"","ocean_shortcode_after_title":"","ocean_shortcode_before_footer_widgets":"","ocean_shortcode_after_footer_widgets":"","ocean_shortcode_before_footer_bottom":"","ocean_shortcode_after_footer_bottom":"","ocean_display_top_bar":"default","ocean_display_header":"default","ocean_header_style":"","ocean_center_header_left_menu":"","ocean_custom_header_template":"","ocean_custom_logo":0,"ocean_custom_retina_logo":0,"ocean_custom_logo_max_width":0,"ocean_custom_logo_tablet_max_width":0,"ocean_custom_logo_mobile_max_width":0,"ocean_custom_logo_max_height":0,"ocean_custom_logo_tablet_max_height":0,"ocean_custom_logo_mobile_max_height":0,"ocean_header_custom_menu":"","ocean_menu_typo_font_family":"","ocean_menu_typo_font_subset":"","ocean_menu_typo_font_size":0,"ocean_menu_typo_font_size_tablet":0,"ocean_menu_typo_font_size_mobile":0,"ocean_menu_typo_font_size_unit":"px","ocean_menu_typo_font_weight":"","ocean_menu_typo_font_weight_tablet":"","ocean_menu_typo_font_weight_mobile":"","ocean_menu_typo_transform":"","ocean_menu_typo_transform_tablet":"","ocean_menu_typo_transform_mobile":"","ocean_menu_typo_line_height":0,"ocean_menu_typo_line_height_tablet":0,"ocean_menu_typo_line_height_mobile":0,"ocean_menu_typo_line_height_unit":"","ocean_menu_typo_spacing":0,"ocean_menu_typo_spacing_tablet":0,"ocean_menu_typo_spacing_mobile":0,"ocean_menu_typo_spacing_unit":"","ocean_menu_link_color":"","ocean_menu_link_color_hover":"","ocean_menu_link_color_active":"","ocean_menu_link_background":"","ocean_menu_link_hover_background":"","ocean_menu_link_active_background":"","ocean_menu_social_links_bg":"","ocean_menu_social_hover_links_bg":"","ocean_menu_social_links_color":"","ocean_menu_social_hover_links_color":"","ocean_disable_title":"on","ocean_disable_heading":"default","ocean_post_title":"","ocean_post_subheading":"","ocean_post_title_style":"","ocean_post_title_background_color":"","ocean_post_title_background":0,"ocean_post_title_bg_image_position":"","ocean_post_title_bg_image_attachment":"","ocean_post_title_bg_image_repeat":"","ocean_post_title_bg_image_size":"","ocean_post_title_height":0,"ocean_post_title_bg_overlay":0.5,"ocean_post_title_bg_overlay_color":"","ocean_disable_breadcrumbs":"default","ocean_breadcrumbs_color":"","ocean_breadcrumbs_separator_color":"","ocean_breadcrumbs_links_color":"","ocean_breadcrumbs_links_hover_color":"","ocean_display_footer_widgets":"off","ocean_display_footer_bottom":"off","ocean_custom_footer_template":"","footnotes":""},"class_list":["post-653","page","type-page","status-publish","hentry","entry"],"_links":{"self":[{"href":"https:\/\/hanfufrance.com\/zh\/wp-json\/wp\/v2\/pages\/653","targetHints":{"allow":["GET"]}}],"collection":[{"href":"https:\/\/hanfufrance.com\/zh\/wp-json\/wp\/v2\/pages"}],"about":[{"href":"https:\/\/hanfufrance.com\/zh\/wp-json\/wp\/v2\/types\/page"}],"author":[{"embeddable":true,"href":"https:\/\/hanfufrance.com\/zh\/wp-json\/wp\/v2\/users\/1"}],"replies":[{"embeddable":true,"href":"https:\/\/hanfufrance.com\/zh\/wp-json\/wp\/v2\/comments?post=653"}],"version-history":[{"count":56,"href":"https:\/\/hanfufrance.com\/zh\/wp-json\/wp\/v2\/pages\/653\/revisions"}],"predecessor-version":[{"id":1841,"href":"https:\/\/hanfufrance.com\/zh\/wp-json\/wp\/v2\/pages\/653\/revisions\/1841"}],"wp:attachment":[{"href":"https:\/\/hanfufrance.com\/zh\/wp-json\/wp\/v2\/media?parent=653"}],"curies":[{"name":"wp","href":"https:\/\/api.w.org\/{rel}","templated":true}]}}