{"id":756,"date":"2025-08-26T15:27:10","date_gmt":"2025-08-26T15:27:10","guid":{"rendered":"https:\/\/hanfufrance.com\/?page_id=756"},"modified":"2025-08-28T19:57:00","modified_gmt":"2025-08-28T19:57:00","slug":"art-du-parfum","status":"publish","type":"page","link":"https:\/\/hanfufrance.com\/zh\/art-du-parfum\/","title":{"rendered":"Art du parfum"},"content":{"rendered":"<div data-elementor-type=\"wp-page\" data-elementor-id=\"756\" class=\"elementor elementor-756\">\n\t\t\t\t<div class=\"elementor-element elementor-element-1202edc e-flex e-con-boxed e-con e-parent\" data-id=\"1202edc\" data-element_type=\"container\" data-e-type=\"container\" data-settings=\"{&quot;background_background&quot;:&quot;classic&quot;}\">\n\t\t\t\t\t<div class=\"e-con-inner\">\n\t\t<div class=\"elementor-element elementor-element-2e75459 e-con-full e-flex e-con e-child\" data-id=\"2e75459\" data-element_type=\"container\" data-e-type=\"container\">\n\t\t\t\t<div class=\"elementor-element elementor-element-631f13a elementor-widget elementor-widget-heading\" data-id=\"631f13a\" data-element_type=\"widget\" data-e-type=\"widget\" data-widget_type=\"heading.default\">\n\t\t\t\t\t<h2 class=\"elementor-heading-title elementor-size-default\">Art du Parfum<\/u><\/h2>\t\t\t\t<\/div>\n\t\t\t\t<div class=\"elementor-element elementor-element-0a41942 elementor-widget__width-initial elementor-widget elementor-widget-text-editor\" data-id=\"0a41942\" data-element_type=\"widget\" data-e-type=\"widget\" data-widget_type=\"text-editor.default\">\n\t\t\t\t\t\t\t\t\t<p>L\u2019art du parfum (<em data-start=\"127\" data-end=\"131\">\u9999\u9053<\/em>) est une tradition chinoise ancestrale qui allie culture et s\u00e9r\u00e9nit\u00e9. Bien plus qu\u2019un simple usage de l\u2019encens, il s\u2019agit d\u2019un art de vivre qui invite \u00e0 la m\u00e9ditation, \u00e0 l\u2019harmonie et au raffinement.<\/p>\t\t\t\t\t\t\t\t<\/div>\n\t\t<div class=\"elementor-element elementor-element-6738b76 e-con-full e-flex e-con e-child\" data-id=\"6738b76\" data-element_type=\"container\" data-e-type=\"container\">\n\t\t<div class=\"elementor-element elementor-element-c19f257 e-con-full e-flex e-con e-child\" data-id=\"c19f257\" data-element_type=\"container\" data-e-type=\"container\">\n\t\t\t\t<div class=\"elementor-element elementor-element-3551c80 elementor-widget elementor-widget-image\" data-id=\"3551c80\" data-element_type=\"widget\" data-e-type=\"widget\" data-widget_type=\"image.default\">\n\t\t\t\t\t\t\t\t\t\t\t\t\t\t\t<img fetchpriority=\"high\" decoding=\"async\" width=\"1179\" height=\"1562\" src=\"https:\/\/hanfufrance.com\/wp-content\/uploads\/2025\/08\/IMG_0338.jpg\" class=\"attachment-2048x2048 size-2048x2048 wp-image-769\" alt=\"\" srcset=\"https:\/\/hanfufrance.com\/wp-content\/uploads\/2025\/08\/IMG_0338.jpg 1179w, https:\/\/hanfufrance.com\/wp-content\/uploads\/2025\/08\/IMG_0338-226x300.jpg 226w, https:\/\/hanfufrance.com\/wp-content\/uploads\/2025\/08\/IMG_0338-773x1024.jpg 773w, https:\/\/hanfufrance.com\/wp-content\/uploads\/2025\/08\/IMG_0338-768x1017.jpg 768w, https:\/\/hanfufrance.com\/wp-content\/uploads\/2025\/08\/IMG_0338-1159x1536.jpg 1159w, https:\/\/hanfufrance.com\/wp-content\/uploads\/2025\/08\/IMG_0338-9x12.jpg 9w\" sizes=\"(max-width: 1179px) 100vw, 1179px\" \/>\t\t\t\t\t\t\t\t\t\t\t\t\t\t\t<\/div>\n\t\t\t\t<\/div>\n\t\t<div class=\"elementor-element elementor-element-b9da2d0 e-con-full e-flex e-con e-child\" data-id=\"b9da2d0\" data-element_type=\"container\" data-e-type=\"container\">\n\t\t\t\t<div class=\"elementor-element elementor-element-4675e80 elementor-widget elementor-widget-heading\" data-id=\"4675e80\" data-element_type=\"widget\" data-e-type=\"widget\" data-widget_type=\"heading.default\">\n\t\t\t\t\t<h2 class=\"elementor-heading-title elementor-size-default\">Contenu de la Formation<\/h2>\t\t\t\t<\/div>\n\t\t\t\t<div class=\"elementor-element elementor-element-63ba3c0 elementor-widget elementor-widget-text-editor\" data-id=\"63ba3c0\" data-element_type=\"widget\" data-e-type=\"widget\" data-widget_type=\"text-editor.default\">\n\t\t\t\t\t\t\t\t\t<p>D\u00e9couverte des fondements de l\u2019art du parfum chinois : <br \/>&#8211; histoire et symbolique de l\u2019encens, <br \/>&#8211; reconnaissance des diff\u00e9rentes essences naturelles, <br \/>&#8211; apprentissage des rituels de pr\u00e9paration et initiation aux pratiques m\u00e9ditatives li\u00e9es au parfum.<\/p>\t\t\t\t\t\t\t\t<\/div>\n\t\t\t\t<\/div>\n\t\t<div class=\"elementor-element elementor-element-d20a76f e-con-full e-flex e-con e-child\" data-id=\"d20a76f\" data-element_type=\"container\" data-e-type=\"container\">\n\t\t\t\t<div class=\"elementor-element elementor-element-0355e9f elementor-widget elementor-widget-heading\" data-id=\"0355e9f\" data-element_type=\"widget\" data-e-type=\"widget\" data-widget_type=\"heading.default\">\n\t\t\t\t\t<h2 class=\"elementor-heading-title elementor-size-default\">Organisation des Cours<\/h2>\t\t\t\t<\/div>\n\t\t\t\t<div class=\"elementor-element elementor-element-a66f3e8 elementor-widget elementor-widget-text-editor\" data-id=\"a66f3e8\" data-element_type=\"widget\" data-e-type=\"widget\" data-widget_type=\"text-editor.default\">\n\t\t\t\t\t\t\t\t\t<ul><li>Chaque dimanche<\/li><li>De 15h \u00e0 17h<\/li><li>4 s\u00e9ances au total pour 50\u20ac<\/li><\/ul>\t\t\t\t\t\t\t\t<\/div>\n\t\t\t\t<\/div>\n\t\t<div class=\"elementor-element elementor-element-ad4e6df e-con-full e-flex e-con e-child\" data-id=\"ad4e6df\" data-element_type=\"container\" data-e-type=\"container\">\n\t\t\t\t<div class=\"elementor-element elementor-element-c7e40ef elementor-widget elementor-widget-image\" data-id=\"c7e40ef\" data-element_type=\"widget\" data-e-type=\"widget\" data-widget_type=\"image.default\">\n\t\t\t\t\t\t\t\t\t\t\t\t\t\t\t<img decoding=\"async\" width=\"777\" height=\"1024\" src=\"https:\/\/hanfufrance.com\/wp-content\/uploads\/2025\/08\/IMG_0339-777x1024.jpg\" class=\"attachment-large size-large wp-image-770\" alt=\"\" srcset=\"https:\/\/hanfufrance.com\/wp-content\/uploads\/2025\/08\/IMG_0339-777x1024.jpg 777w, https:\/\/hanfufrance.com\/wp-content\/uploads\/2025\/08\/IMG_0339-228x300.jpg 228w, https:\/\/hanfufrance.com\/wp-content\/uploads\/2025\/08\/IMG_0339-768x1012.jpg 768w, https:\/\/hanfufrance.com\/wp-content\/uploads\/2025\/08\/IMG_0339-1166x1536.jpg 1166w, https:\/\/hanfufrance.com\/wp-content\/uploads\/2025\/08\/IMG_0339-9x12.jpg 9w, https:\/\/hanfufrance.com\/wp-content\/uploads\/2025\/08\/IMG_0339.jpg 1179w\" sizes=\"(max-width: 777px) 100vw, 777px\" \/>\t\t\t\t\t\t\t\t\t\t\t\t\t\t\t<\/div>\n\t\t\t\t<\/div>\n\t\t\t\t<\/div>\n\t\t\t\t<\/div>\n\t\t\t\t\t<\/div>\n\t\t\t\t<\/div>\n\t\t<div class=\"elementor-element elementor-element-d371967 e-flex e-con-boxed e-con e-parent\" data-id=\"d371967\" data-element_type=\"container\" data-e-type=\"container\">\n\t\t\t\t\t<div class=\"e-con-inner\">\n\t\t\t\t\t<\/div>\n\t\t\t\t<\/div>\n\t\t\t\t<\/div>","protected":false},"excerpt":{"rendered":"<p>Art du Parfum L\u2019art du parfum (\u9999\u9053) est une tradition chinoise ancestrale qui allie culture et s\u00e9r\u00e9nit\u00e9. Bien plus qu\u2019un simple usage de l\u2019encens, il s\u2019agit d\u2019un art de vivre qui invite \u00e0 la m\u00e9ditation, \u00e0 l\u2019harmonie et au raffinement. Contenu de la Formation D\u00e9couverte des fondements de l\u2019art du parfum chinois : &#8211; histoire [&hellip;]<\/p>","protected":false},"author":1,"featured_media":0,"parent":0,"menu_order":0,"comment_status":"closed","ping_status":"closed","template":"","meta":{"ocean_post_layout":"full-screen","ocean_both_sidebars_style":"","ocean_both_sidebars_content_width":0,"ocean_both_sidebars_sidebars_width":0,"ocean_sidebar":"","ocean_second_sidebar":"","ocean_disable_margins":"enable","ocean_add_body_class":"","ocean_shortcode_before_top_bar":"","ocean_shortcode_after_top_bar":"","ocean_shortcode_before_header":"","ocean_shortcode_after_header":"","ocean_has_shortcode":"","ocean_shortcode_after_title":"","ocean_shortcode_before_footer_widgets":"","ocean_shortcode_after_footer_widgets":"","ocean_shortcode_before_footer_bottom":"","ocean_shortcode_after_footer_bottom":"","ocean_display_top_bar":"default","ocean_display_header":"default","ocean_header_style":"","ocean_center_header_left_menu":"","ocean_custom_header_template":"","ocean_custom_logo":0,"ocean_custom_retina_logo":0,"ocean_custom_logo_max_width":0,"ocean_custom_logo_tablet_max_width":0,"ocean_custom_logo_mobile_max_width":0,"ocean_custom_logo_max_height":0,"ocean_custom_logo_tablet_max_height":0,"ocean_custom_logo_mobile_max_height":0,"ocean_header_custom_menu":"","ocean_menu_typo_font_family":"","ocean_menu_typo_font_subset":"","ocean_menu_typo_font_size":0,"ocean_menu_typo_font_size_tablet":0,"ocean_menu_typo_font_size_mobile":0,"ocean_menu_typo_font_size_unit":"px","ocean_menu_typo_font_weight":"","ocean_menu_typo_font_weight_tablet":"","ocean_menu_typo_font_weight_mobile":"","ocean_menu_typo_transform":"","ocean_menu_typo_transform_tablet":"","ocean_menu_typo_transform_mobile":"","ocean_menu_typo_line_height":0,"ocean_menu_typo_line_height_tablet":0,"ocean_menu_typo_line_height_mobile":0,"ocean_menu_typo_line_height_unit":"","ocean_menu_typo_spacing":0,"ocean_menu_typo_spacing_tablet":0,"ocean_menu_typo_spacing_mobile":0,"ocean_menu_typo_spacing_unit":"","ocean_menu_link_color":"","ocean_menu_link_color_hover":"","ocean_menu_link_color_active":"","ocean_menu_link_background":"","ocean_menu_link_hover_background":"","ocean_menu_link_active_background":"","ocean_menu_social_links_bg":"","ocean_menu_social_hover_links_bg":"","ocean_menu_social_links_color":"","ocean_menu_social_hover_links_color":"","ocean_disable_title":"on","ocean_disable_heading":"default","ocean_post_title":"","ocean_post_subheading":"","ocean_post_title_style":"","ocean_post_title_background_color":"","ocean_post_title_background":0,"ocean_post_title_bg_image_position":"","ocean_post_title_bg_image_attachment":"","ocean_post_title_bg_image_repeat":"","ocean_post_title_bg_image_size":"","ocean_post_title_height":0,"ocean_post_title_bg_overlay":0.5,"ocean_post_title_bg_overlay_color":"","ocean_disable_breadcrumbs":"default","ocean_breadcrumbs_color":"","ocean_breadcrumbs_separator_color":"","ocean_breadcrumbs_links_color":"","ocean_breadcrumbs_links_hover_color":"","ocean_display_footer_widgets":"off","ocean_display_footer_bottom":"off","ocean_custom_footer_template":"","footnotes":""},"class_list":["post-756","page","type-page","status-publish","hentry","entry"],"_links":{"self":[{"href":"https:\/\/hanfufrance.com\/zh\/wp-json\/wp\/v2\/pages\/756","targetHints":{"allow":["GET"]}}],"collection":[{"href":"https:\/\/hanfufrance.com\/zh\/wp-json\/wp\/v2\/pages"}],"about":[{"href":"https:\/\/hanfufrance.com\/zh\/wp-json\/wp\/v2\/types\/page"}],"author":[{"embeddable":true,"href":"https:\/\/hanfufrance.com\/zh\/wp-json\/wp\/v2\/users\/1"}],"replies":[{"embeddable":true,"href":"https:\/\/hanfufrance.com\/zh\/wp-json\/wp\/v2\/comments?post=756"}],"version-history":[{"count":29,"href":"https:\/\/hanfufrance.com\/zh\/wp-json\/wp\/v2\/pages\/756\/revisions"}],"predecessor-version":[{"id":924,"href":"https:\/\/hanfufrance.com\/zh\/wp-json\/wp\/v2\/pages\/756\/revisions\/924"}],"wp:attachment":[{"href":"https:\/\/hanfufrance.com\/zh\/wp-json\/wp\/v2\/media?parent=756"}],"curies":[{"name":"wp","href":"https:\/\/api.w.org\/{rel}","templated":true}]}}