{"id":810,"date":"2025-08-26T16:20:38","date_gmt":"2025-08-26T16:20:38","guid":{"rendered":"https:\/\/hanfufrance.com\/?page_id=810"},"modified":"2025-08-26T20:09:04","modified_gmt":"2025-08-26T20:09:04","slug":"linstrument-traditionnel-guqin","status":"publish","type":"page","link":"https:\/\/hanfufrance.com\/zh\/linstrument-traditionnel-guqin\/","title":{"rendered":"Instrument traditionnel Guqin\u00a0"},"content":{"rendered":"<div data-elementor-type=\"wp-page\" data-elementor-id=\"810\" class=\"elementor elementor-810\">\n\t\t\t\t\t\t<section class=\"elementor-section elementor-top-section elementor-element elementor-element-1867992e elementor-section-content-middle elementor-section-boxed elementor-section-height-default elementor-section-height-default\" data-id=\"1867992e\" data-element_type=\"section\" data-e-type=\"section\" data-settings=\"{&quot;background_background&quot;:&quot;classic&quot;}\">\n\t\t\t\t\t\t\t<div class=\"elementor-background-overlay\"><\/div>\n\t\t\t\t\t\t\t<div class=\"elementor-container elementor-column-gap-default\">\n\t\t\t\t\t<div class=\"elementor-column elementor-col-100 elementor-top-column elementor-element elementor-element-1d8d13ca\" data-id=\"1d8d13ca\" data-element_type=\"column\" data-e-type=\"column\">\n\t\t\t<div class=\"elementor-widget-wrap elementor-element-populated\">\n\t\t\t\t\t\t<section class=\"elementor-section elementor-inner-section elementor-element elementor-element-43a2058e elementor-section-boxed elementor-section-height-default elementor-section-height-default\" data-id=\"43a2058e\" data-element_type=\"section\" data-e-type=\"section\">\n\t\t\t\t\t\t<div class=\"elementor-container elementor-column-gap-default\">\n\t\t\t\t\t<div class=\"elementor-column elementor-col-100 elementor-inner-column elementor-element elementor-element-61658853\" data-id=\"61658853\" data-element_type=\"column\" data-e-type=\"column\">\n\t\t\t<div class=\"elementor-widget-wrap elementor-element-populated\">\n\t\t\t\t\t\t<div class=\"elementor-element elementor-element-307ecd46 elementor-widget elementor-widget-heading\" data-id=\"307ecd46\" data-element_type=\"widget\" data-e-type=\"widget\" data-widget_type=\"heading.default\">\n\t\t\t\t\t<h2 class=\"elementor-heading-title elementor-size-default\">Instrument traditionnel Guqin<\/h2>\t\t\t\t<\/div>\n\t\t\t\t<div class=\"elementor-element elementor-element-57c63b30 elementor-widget elementor-widget-text-editor\" data-id=\"57c63b30\" data-element_type=\"widget\" data-e-type=\"widget\" data-widget_type=\"text-editor.default\">\n\t\t\t\t\t\t\t\t\t<p>Plongez dans l\u2019univers raffin\u00e9 du th\u00e9 chinois. Cette formation vous invite \u00e0 d\u00e9couvrir l\u2019art ancestral de la d\u00e9gustation, \u00e0 comprendre les secrets de ses diff\u00e9rentes vari\u00e9t\u00e9s et \u00e0 exp\u00e9rimenter la s\u00e9r\u00e9nit\u00e9 d\u2019une v\u00e9ritable c\u00e9r\u00e9monie du th\u00e9.<\/p>\t\t\t\t\t\t\t\t<\/div>\n\t\t\t\t<div class=\"elementor-element elementor-element-67192437 elementor-widget-divider--view-line elementor-widget elementor-widget-divider\" data-id=\"67192437\" data-element_type=\"widget\" data-e-type=\"widget\" data-widget_type=\"divider.default\">\n\t\t\t\t\t\t\t<div class=\"elementor-divider\">\n\t\t\t<span class=\"elementor-divider-separator\">\n\t\t\t\t\t\t<\/span>\n\t\t<\/div>\n\t\t\t\t\t\t<\/div>\n\t\t\t\t\t<\/div>\n\t\t<\/div>\n\t\t\t\t\t<\/div>\n\t\t<\/section>\n\t\t\t\t<section class=\"elementor-section elementor-inner-section elementor-element elementor-element-6ee2a69a elementor-section-boxed elementor-section-height-default elementor-section-height-default\" data-id=\"6ee2a69a\" data-element_type=\"section\" data-e-type=\"section\">\n\t\t\t\t\t\t<div class=\"elementor-container elementor-column-gap-default\">\n\t\t\t\t\t<div class=\"elementor-column elementor-col-25 elementor-inner-column elementor-element elementor-element-291f5758\" data-id=\"291f5758\" data-element_type=\"column\" data-e-type=\"column\" data-settings=\"{&quot;background_background&quot;:&quot;classic&quot;}\">\n\t\t\t<div class=\"elementor-widget-wrap elementor-element-populated\">\n\t\t\t\t\t<div class=\"elementor-background-overlay\"><\/div>\n\t\t\t\t\t\t<div class=\"elementor-element elementor-element-59f80b08 elementor-widget elementor-widget-image\" data-id=\"59f80b08\" data-element_type=\"widget\" data-e-type=\"widget\" data-widget_type=\"image.default\">\n\t\t\t\t\t\t\t\t\t\t\t\t\t\t\t<img fetchpriority=\"high\" decoding=\"async\" width=\"512\" height=\"512\" src=\"https:\/\/hanfufrance.com\/wp-content\/uploads\/2025\/08\/brand_identity-01.png\" class=\"attachment-large size-large wp-image-656\" alt=\"\" srcset=\"https:\/\/hanfufrance.com\/wp-content\/uploads\/2025\/08\/brand_identity-01.png 512w, https:\/\/hanfufrance.com\/wp-content\/uploads\/2025\/08\/brand_identity-01-300x300.png 300w, https:\/\/hanfufrance.com\/wp-content\/uploads\/2025\/08\/brand_identity-01-150x150.png 150w, https:\/\/hanfufrance.com\/wp-content\/uploads\/2025\/08\/brand_identity-01-12x12.png 12w\" sizes=\"(max-width: 512px) 100vw, 512px\" \/>\t\t\t\t\t\t\t\t\t\t\t\t\t\t\t<\/div>\n\t\t\t\t\t<\/div>\n\t\t<\/div>\n\t\t\t\t<div class=\"elementor-column elementor-col-25 elementor-inner-column elementor-element elementor-element-2571cd14\" data-id=\"2571cd14\" data-element_type=\"column\" data-e-type=\"column\">\n\t\t\t<div class=\"elementor-widget-wrap elementor-element-populated\">\n\t\t\t\t\t\t<div class=\"elementor-element elementor-element-1c693c73 elementor-widget elementor-widget-heading\" data-id=\"1c693c73\" data-element_type=\"widget\" data-e-type=\"widget\" data-widget_type=\"heading.default\">\n\t\t\t\t\t<h5 class=\"elementor-heading-title elementor-size-default\"> D\u00e9couverte<\/h5>\t\t\t\t<\/div>\n\t\t\t\t<div class=\"elementor-element elementor-element-306dc0a1 elementor-widget elementor-widget-heading\" data-id=\"306dc0a1\" data-element_type=\"widget\" data-e-type=\"widget\" data-widget_type=\"heading.default\">\n\t\t\t\t\t<h3 class=\"elementor-heading-title elementor-size-default\">Contenu de la Formation<\/h3>\t\t\t\t<\/div>\n\t\t\t\t<div class=\"elementor-element elementor-element-27836dd3 elementor-widget elementor-widget-text-editor\" data-id=\"27836dd3\" data-element_type=\"widget\" data-e-type=\"widget\" data-widget_type=\"text-editor.default\">\n\t\t\t\t\t\t\t\t\t<p data-start=\"391\" data-end=\"421\">D\u00e9couverte de l\u2019histoire du th\u00e9, techniques d\u2019infusion, c\u00e9r\u00e9monies traditionnelles, et initiation aux diff\u00e9rents th\u00e9s chinois (vert, oolong, noir, blanc, pu-erh).<\/p>\t\t\t\t\t\t\t\t<\/div>\n\t\t\t\t\t<\/div>\n\t\t<\/div>\n\t\t\t\t<div class=\"elementor-column elementor-col-25 elementor-inner-column elementor-element elementor-element-40e5e322\" data-id=\"40e5e322\" data-element_type=\"column\" data-e-type=\"column\" data-settings=\"{&quot;background_background&quot;:&quot;classic&quot;}\">\n\t\t\t<div class=\"elementor-widget-wrap elementor-element-populated\">\n\t\t\t\t\t<div class=\"elementor-background-overlay\"><\/div>\n\t\t\t\t\t\t<div class=\"elementor-element elementor-element-2d70bf07 elementor-widget elementor-widget-image\" data-id=\"2d70bf07\" data-element_type=\"widget\" data-e-type=\"widget\" data-widget_type=\"image.default\">\n\t\t\t\t\t\t\t\t\t\t\t\t\t\t\t<img decoding=\"async\" width=\"512\" height=\"512\" src=\"https:\/\/hanfufrance.com\/wp-content\/uploads\/2025\/08\/migrate-02.png\" class=\"attachment-large size-large wp-image-657\" alt=\"\" srcset=\"https:\/\/hanfufrance.com\/wp-content\/uploads\/2025\/08\/migrate-02.png 512w, https:\/\/hanfufrance.com\/wp-content\/uploads\/2025\/08\/migrate-02-300x300.png 300w, https:\/\/hanfufrance.com\/wp-content\/uploads\/2025\/08\/migrate-02-150x150.png 150w, https:\/\/hanfufrance.com\/wp-content\/uploads\/2025\/08\/migrate-02-12x12.png 12w\" sizes=\"(max-width: 512px) 100vw, 512px\" \/>\t\t\t\t\t\t\t\t\t\t\t\t\t\t\t<\/div>\n\t\t\t\t\t<\/div>\n\t\t<\/div>\n\t\t\t\t<div class=\"elementor-column elementor-col-25 elementor-inner-column elementor-element elementor-element-d2da7f2\" data-id=\"d2da7f2\" data-element_type=\"column\" data-e-type=\"column\">\n\t\t\t<div class=\"elementor-widget-wrap elementor-element-populated\">\n\t\t\t\t\t\t<div class=\"elementor-element elementor-element-5f31ec04 elementor-widget elementor-widget-heading\" data-id=\"5f31ec04\" data-element_type=\"widget\" data-e-type=\"widget\" data-widget_type=\"heading.default\">\n\t\t\t\t\t<h5 class=\"elementor-heading-title elementor-size-default\">Bienfaits<\/h5>\t\t\t\t<\/div>\n\t\t\t\t<div class=\"elementor-element elementor-element-4455c7d5 elementor-widget elementor-widget-heading\" data-id=\"4455c7d5\" data-element_type=\"widget\" data-e-type=\"widget\" data-widget_type=\"heading.default\">\n\t\t\t\t\t<h3 class=\"elementor-heading-title elementor-size-default\">B\u00e9n\u00e9fices de la Formation<\/h3>\t\t\t\t<\/div>\n\t\t\t\t<div class=\"elementor-element elementor-element-cfa1706 elementor-widget elementor-widget-text-editor\" data-id=\"cfa1706\" data-element_type=\"widget\" data-e-type=\"widget\" data-widget_type=\"text-editor.default\">\n\t\t\t\t\t\t\t\t\t<p data-start=\"511\" data-end=\"561\">D\u00e9velopper une meilleure connaissance culturelle<\/p><p data-start=\"511\" data-end=\"561\">Apprendre \u00e0 reconna\u00eetre et pr\u00e9parer un th\u00e9 de qualit\u00e9<\/p><p data-start=\"622\" data-end=\"669\">Profiter d\u2019un moment de d\u00e9tente et de partage<\/p>\t\t\t\t\t\t\t\t<\/div>\n\t\t\t\t\t<\/div>\n\t\t<\/div>\n\t\t\t\t\t<\/div>\n\t\t<\/section>\n\t\t\t\t<section class=\"elementor-section elementor-inner-section elementor-element elementor-element-7d38ea88 elementor-section-boxed elementor-section-height-default elementor-section-height-default\" data-id=\"7d38ea88\" data-element_type=\"section\" data-e-type=\"section\">\n\t\t\t\t\t\t<div class=\"elementor-container elementor-column-gap-default\">\n\t\t\t\t\t<div class=\"elementor-column elementor-col-25 elementor-inner-column elementor-element elementor-element-13f4e134\" data-id=\"13f4e134\" data-element_type=\"column\" data-e-type=\"column\" data-settings=\"{&quot;background_background&quot;:&quot;classic&quot;}\">\n\t\t\t<div class=\"elementor-widget-wrap elementor-element-populated\">\n\t\t\t\t\t<div class=\"elementor-background-overlay\"><\/div>\n\t\t\t\t\t\t<div class=\"elementor-element elementor-element-78d567bd elementor-widget elementor-widget-image\" data-id=\"78d567bd\" data-element_type=\"widget\" data-e-type=\"widget\" data-widget_type=\"image.default\">\n\t\t\t\t\t\t\t\t\t\t\t\t\t\t\t<img decoding=\"async\" width=\"512\" height=\"512\" src=\"https:\/\/hanfufrance.com\/wp-content\/uploads\/2025\/08\/text-file-font.png\" class=\"attachment-large size-large wp-image-659\" alt=\"\" srcset=\"https:\/\/hanfufrance.com\/wp-content\/uploads\/2025\/08\/text-file-font.png 512w, https:\/\/hanfufrance.com\/wp-content\/uploads\/2025\/08\/text-file-font-300x300.png 300w, https:\/\/hanfufrance.com\/wp-content\/uploads\/2025\/08\/text-file-font-150x150.png 150w, https:\/\/hanfufrance.com\/wp-content\/uploads\/2025\/08\/text-file-font-12x12.png 12w\" sizes=\"(max-width: 512px) 100vw, 512px\" \/>\t\t\t\t\t\t\t\t\t\t\t\t\t\t\t<\/div>\n\t\t\t\t\t<\/div>\n\t\t<\/div>\n\t\t\t\t<div class=\"elementor-column elementor-col-25 elementor-inner-column elementor-element elementor-element-599cc08f\" data-id=\"599cc08f\" data-element_type=\"column\" data-e-type=\"column\">\n\t\t\t<div class=\"elementor-widget-wrap elementor-element-populated\">\n\t\t\t\t\t\t<div class=\"elementor-element elementor-element-7008d93b elementor-widget elementor-widget-heading\" data-id=\"7008d93b\" data-element_type=\"widget\" data-e-type=\"widget\" data-widget_type=\"heading.default\">\n\t\t\t\t\t<h5 class=\"elementor-heading-title elementor-size-default\">Organisation<\/h5>\t\t\t\t<\/div>\n\t\t\t\t<div class=\"elementor-element elementor-element-756af680 elementor-widget elementor-widget-heading\" data-id=\"756af680\" data-element_type=\"widget\" data-e-type=\"widget\" data-widget_type=\"heading.default\">\n\t\t\t\t\t<h3 class=\"elementor-heading-title elementor-size-default\">Organisation des Cours<\/h3>\t\t\t\t<\/div>\n\t\t\t\t<div class=\"elementor-element elementor-element-10e118f1 elementor-widget elementor-widget-text-editor\" data-id=\"10e118f1\" data-element_type=\"widget\" data-e-type=\"widget\" data-widget_type=\"text-editor.default\">\n\t\t\t\t\t\t\t\t\t<p data-start=\"391\" data-end=\"421\">\ud83d\udcc5 Chaque <strong data-start=\"401\" data-end=\"419\">mardi et jeudi<\/strong><\/p><p data-start=\"424\" data-end=\"445\">\ud83d\udd51 De <strong data-start=\"430\" data-end=\"443\">18h \u00e0 20h<\/strong><\/p><p data-start=\"424\" data-end=\"445\"><strong data-start=\"451\" data-end=\"464\">\u270d\ufe0f 4 s\u00e9ances<\/strong> au total\u00a0<\/p><p data-start=\"448\" data-end=\"475\"><span style=\"font-family: Hind, sans-serif; font-size: 15px; font-style: normal; font-variant-caps: normal;\">\ud83d\udccdxxxxx, xxxx<\/span><\/p>\t\t\t\t\t\t\t\t<\/div>\n\t\t\t\t\t<\/div>\n\t\t<\/div>\n\t\t\t\t<div class=\"elementor-column elementor-col-25 elementor-inner-column elementor-element elementor-element-6d9c81c8\" data-id=\"6d9c81c8\" data-element_type=\"column\" data-e-type=\"column\" data-settings=\"{&quot;background_background&quot;:&quot;classic&quot;}\">\n\t\t\t<div class=\"elementor-widget-wrap elementor-element-populated\">\n\t\t\t\t\t<div class=\"elementor-background-overlay\"><\/div>\n\t\t\t\t\t\t<div class=\"elementor-element elementor-element-e64b978 elementor-widget elementor-widget-image\" data-id=\"e64b978\" data-element_type=\"widget\" data-e-type=\"widget\" data-widget_type=\"image.default\">\n\t\t\t\t\t\t\t\t\t\t\t\t\t\t\t<img loading=\"lazy\" decoding=\"async\" width=\"512\" height=\"512\" src=\"https:\/\/hanfufrance.com\/wp-content\/uploads\/2025\/08\/ux-02.png\" class=\"attachment-large size-large wp-image-658\" alt=\"\" srcset=\"https:\/\/hanfufrance.com\/wp-content\/uploads\/2025\/08\/ux-02.png 512w, https:\/\/hanfufrance.com\/wp-content\/uploads\/2025\/08\/ux-02-300x300.png 300w, https:\/\/hanfufrance.com\/wp-content\/uploads\/2025\/08\/ux-02-150x150.png 150w, https:\/\/hanfufrance.com\/wp-content\/uploads\/2025\/08\/ux-02-12x12.png 12w\" sizes=\"(max-width: 512px) 100vw, 512px\" \/>\t\t\t\t\t\t\t\t\t\t\t\t\t\t\t<\/div>\n\t\t\t\t\t<\/div>\n\t\t<\/div>\n\t\t\t\t<div class=\"elementor-column elementor-col-25 elementor-inner-column elementor-element elementor-element-60e6004f\" data-id=\"60e6004f\" data-element_type=\"column\" data-e-type=\"column\">\n\t\t\t<div class=\"elementor-widget-wrap elementor-element-populated\">\n\t\t\t\t\t\t<div class=\"elementor-element elementor-element-2795508a elementor-widget elementor-widget-heading\" data-id=\"2795508a\" data-element_type=\"widget\" data-e-type=\"widget\" data-widget_type=\"heading.default\">\n\t\t\t\t\t<h5 class=\"elementor-heading-title elementor-size-default\">Public<\/h5>\t\t\t\t<\/div>\n\t\t\t\t<div class=\"elementor-element elementor-element-a283058 elementor-widget elementor-widget-heading\" data-id=\"a283058\" data-element_type=\"widget\" data-e-type=\"widget\" data-widget_type=\"heading.default\">\n\t\t\t\t\t<h3 class=\"elementor-heading-title elementor-size-default\">Pour Qui ?<\/h3>\t\t\t\t<\/div>\n\t\t\t\t<div class=\"elementor-element elementor-element-31d79a54 elementor-widget elementor-widget-text-editor\" data-id=\"31d79a54\" data-element_type=\"widget\" data-e-type=\"widget\" data-widget_type=\"text-editor.default\">\n\t\t\t\t\t\t\t\t\t<p>Ouvert \u00e0 tous les passionn\u00e9s de culture chinoise, aux amateurs de th\u00e9 et \u00e0 ceux qui souhaitent enrichir leur exp\u00e9rience sensorielle.<\/p>\t\t\t\t\t\t\t\t<\/div>\n\t\t\t\t\t<\/div>\n\t\t<\/div>\n\t\t\t\t\t<\/div>\n\t\t<\/section>\n\t\t\t\t\t<\/div>\n\t\t<\/div>\n\t\t\t\t\t<\/div>\n\t\t<\/section>\n\t\t\t\t<\/div>","protected":false},"excerpt":{"rendered":"<p>Instrument traditionnel Guqin Plongez dans l\u2019univers raffin\u00e9 du th\u00e9 chinois. Cette formation vous invite \u00e0 d\u00e9couvrir l\u2019art ancestral de la d\u00e9gustation, \u00e0 comprendre les secrets de ses diff\u00e9rentes vari\u00e9t\u00e9s et \u00e0 exp\u00e9rimenter la s\u00e9r\u00e9nit\u00e9 d\u2019une v\u00e9ritable c\u00e9r\u00e9monie du th\u00e9. D\u00e9couverte Contenu de la Formation D\u00e9couverte de l\u2019histoire du th\u00e9, techniques d\u2019infusion, c\u00e9r\u00e9monies traditionnelles, et initiation [&hellip;]<\/p>","protected":false},"author":1,"featured_media":0,"parent":0,"menu_order":0,"comment_status":"closed","ping_status":"closed","template":"","meta":{"ocean_post_layout":"full-screen","ocean_both_sidebars_style":"","ocean_both_sidebars_content_width":0,"ocean_both_sidebars_sidebars_width":0,"ocean_sidebar":"","ocean_second_sidebar":"","ocean_disable_margins":"enable","ocean_add_body_class":"","ocean_shortcode_before_top_bar":"","ocean_shortcode_after_top_bar":"","ocean_shortcode_before_header":"","ocean_shortcode_after_header":"","ocean_has_shortcode":"","ocean_shortcode_after_title":"","ocean_shortcode_before_footer_widgets":"","ocean_shortcode_after_footer_widgets":"","ocean_shortcode_before_footer_bottom":"","ocean_shortcode_after_footer_bottom":"","ocean_display_top_bar":"default","ocean_display_header":"default","ocean_header_style":"","ocean_center_header_left_menu":"","ocean_custom_header_template":"","ocean_custom_logo":0,"ocean_custom_retina_logo":0,"ocean_custom_logo_max_width":0,"ocean_custom_logo_tablet_max_width":0,"ocean_custom_logo_mobile_max_width":0,"ocean_custom_logo_max_height":0,"ocean_custom_logo_tablet_max_height":0,"ocean_custom_logo_mobile_max_height":0,"ocean_header_custom_menu":"","ocean_menu_typo_font_family":"","ocean_menu_typo_font_subset":"","ocean_menu_typo_font_size":0,"ocean_menu_typo_font_size_tablet":0,"ocean_menu_typo_font_size_mobile":0,"ocean_menu_typo_font_size_unit":"px","ocean_menu_typo_font_weight":"","ocean_menu_typo_font_weight_tablet":"","ocean_menu_typo_font_weight_mobile":"","ocean_menu_typo_transform":"","ocean_menu_typo_transform_tablet":"","ocean_menu_typo_transform_mobile":"","ocean_menu_typo_line_height":0,"ocean_menu_typo_line_height_tablet":0,"ocean_menu_typo_line_height_mobile":0,"ocean_menu_typo_line_height_unit":"","ocean_menu_typo_spacing":0,"ocean_menu_typo_spacing_tablet":0,"ocean_menu_typo_spacing_mobile":0,"ocean_menu_typo_spacing_unit":"","ocean_menu_link_color":"","ocean_menu_link_color_hover":"","ocean_menu_link_color_active":"","ocean_menu_link_background":"","ocean_menu_link_hover_background":"","ocean_menu_link_active_background":"","ocean_menu_social_links_bg":"","ocean_menu_social_hover_links_bg":"","ocean_menu_social_links_color":"","ocean_menu_social_hover_links_color":"","ocean_disable_title":"on","ocean_disable_heading":"default","ocean_post_title":"","ocean_post_subheading":"","ocean_post_title_style":"","ocean_post_title_background_color":"","ocean_post_title_background":0,"ocean_post_title_bg_image_position":"","ocean_post_title_bg_image_attachment":"","ocean_post_title_bg_image_repeat":"","ocean_post_title_bg_image_size":"","ocean_post_title_height":0,"ocean_post_title_bg_overlay":0.5,"ocean_post_title_bg_overlay_color":"","ocean_disable_breadcrumbs":"default","ocean_breadcrumbs_color":"","ocean_breadcrumbs_separator_color":"","ocean_breadcrumbs_links_color":"","ocean_breadcrumbs_links_hover_color":"","ocean_display_footer_widgets":"off","ocean_display_footer_bottom":"off","ocean_custom_footer_template":"","footnotes":""},"class_list":["post-810","page","type-page","status-publish","hentry","entry"],"_links":{"self":[{"href":"https:\/\/hanfufrance.com\/zh\/wp-json\/wp\/v2\/pages\/810","targetHints":{"allow":["GET"]}}],"collection":[{"href":"https:\/\/hanfufrance.com\/zh\/wp-json\/wp\/v2\/pages"}],"about":[{"href":"https:\/\/hanfufrance.com\/zh\/wp-json\/wp\/v2\/types\/page"}],"author":[{"embeddable":true,"href":"https:\/\/hanfufrance.com\/zh\/wp-json\/wp\/v2\/users\/1"}],"replies":[{"embeddable":true,"href":"https:\/\/hanfufrance.com\/zh\/wp-json\/wp\/v2\/comments?post=810"}],"version-history":[{"count":11,"href":"https:\/\/hanfufrance.com\/zh\/wp-json\/wp\/v2\/pages\/810\/revisions"}],"predecessor-version":[{"id":927,"href":"https:\/\/hanfufrance.com\/zh\/wp-json\/wp\/v2\/pages\/810\/revisions\/927"}],"wp:attachment":[{"href":"https:\/\/hanfufrance.com\/zh\/wp-json\/wp\/v2\/media?parent=810"}],"curies":[{"name":"wp","href":"https:\/\/api.w.org\/{rel}","templated":true}]}}