{"id":842,"date":"2025-08-26T18:52:45","date_gmt":"2025-08-26T18:52:45","guid":{"rendered":"https:\/\/hanfufrance.com\/?page_id=842"},"modified":"2025-08-26T19:21:17","modified_gmt":"2025-08-26T19:21:17","slug":"essayage-de-hanfu","status":"publish","type":"page","link":"https:\/\/hanfufrance.com\/zh\/essayage-de-hanfu\/","title":{"rendered":"Essayage de Hanfu\u00a0"},"content":{"rendered":"<div data-elementor-type=\"wp-page\" data-elementor-id=\"842\" class=\"elementor elementor-842\">\n\t\t\t\t<div class=\"elementor-element elementor-element-c090048 e-flex e-con-boxed e-con e-parent\" data-id=\"c090048\" data-element_type=\"container\" data-e-type=\"container\" data-settings=\"{&quot;background_background&quot;:&quot;classic&quot;}\">\n\t\t\t\t\t<div class=\"e-con-inner\">\n\t\t<div class=\"elementor-element elementor-element-b8a1031 e-con-full e-flex e-con e-child\" data-id=\"b8a1031\" data-element_type=\"container\" data-e-type=\"container\">\n\t\t\t\t<div class=\"elementor-element elementor-element-8b3450f elementor-widget elementor-widget-heading\" data-id=\"8b3450f\" data-element_type=\"widget\" data-e-type=\"widget\" data-widget_type=\"heading.default\">\n\t\t\t\t\t<h2 class=\"elementor-heading-title elementor-size-default\"><u>Essayage de Hanfu<\/u><\/h2>\t\t\t\t<\/div>\n\t\t\t\t<div class=\"elementor-element elementor-element-5a7b9fc elementor-widget__width-initial elementor-widget elementor-widget-heading\" data-id=\"5a7b9fc\" data-element_type=\"widget\" data-e-type=\"widget\" data-widget_type=\"heading.default\">\n\t\t\t\t\t<h2 class=\"elementor-heading-title elementor-size-default\">Plongez au c\u0153ur de la tradition chinoise en d\u00e9couvrant le Hanfu, v\u00eatement ancestral \u00e0 l\u2019\u00e9l\u00e9gance intemporelle.<\/h2>\t\t\t\t<\/div>\n\t\t\t\t<\/div>\n\t\t\t\t\t<\/div>\n\t\t\t\t<\/div>\n\t\t<div class=\"elementor-element elementor-element-5587655 e-flex e-con-boxed e-con e-parent\" data-id=\"5587655\" data-element_type=\"container\" data-e-type=\"container\" data-settings=\"{&quot;background_background&quot;:&quot;classic&quot;}\">\n\t\t\t\t\t<div class=\"e-con-inner\">\n\t\t<div class=\"elementor-element elementor-element-b6427b4 e-con-full e-flex e-con e-child\" data-id=\"b6427b4\" data-element_type=\"container\" data-e-type=\"container\">\n\t\t\t\t<div class=\"elementor-element elementor-element-dbab941 elementor-widget elementor-widget-image\" data-id=\"dbab941\" data-element_type=\"widget\" data-e-type=\"widget\" data-widget_type=\"image.default\">\n\t\t\t\t\t\t\t\t\t\t\t\t\t\t\t<img fetchpriority=\"high\" decoding=\"async\" width=\"754\" height=\"746\" src=\"https:\/\/hanfufrance.com\/wp-content\/uploads\/2025\/08\/Capture-decran-2025-08-20-a-16.22.24.png\" class=\"attachment-large size-large wp-image-207\" alt=\"\" srcset=\"https:\/\/hanfufrance.com\/wp-content\/uploads\/2025\/08\/Capture-decran-2025-08-20-a-16.22.24.png 754w, https:\/\/hanfufrance.com\/wp-content\/uploads\/2025\/08\/Capture-decran-2025-08-20-a-16.22.24-300x297.png 300w\" sizes=\"(max-width: 754px) 100vw, 754px\" \/>\t\t\t\t\t\t\t\t\t\t\t\t\t\t\t<\/div>\n\t\t\t\t<\/div>\n\t\t<div class=\"elementor-element elementor-element-386f726 e-con-full e-flex e-con e-child\" data-id=\"386f726\" data-element_type=\"container\" data-e-type=\"container\">\n\t\t<div class=\"elementor-element elementor-element-a3aaaf5 e-con-full e-flex e-con e-child\" data-id=\"a3aaaf5\" data-element_type=\"container\" data-e-type=\"container\">\n\t\t\t\t<div class=\"elementor-element elementor-element-49334fe elementor-widget elementor-widget-heading\" data-id=\"49334fe\" data-element_type=\"widget\" data-e-type=\"widget\" data-widget_type=\"heading.default\">\n\t\t\t\t\t<h2 class=\"elementor-heading-title elementor-size-default\">Contenu<\/h2>\t\t\t\t<\/div>\n\t\t\t\t<div class=\"elementor-element elementor-element-709dbeb elementor-widget elementor-widget-text-editor\" data-id=\"709dbeb\" data-element_type=\"widget\" data-e-type=\"widget\" data-widget_type=\"text-editor.default\">\n\t\t\t\t\t\t\t\t\t<p data-start=\"121\" data-end=\"413\">Lors de cet atelier ponctuel et immersif, vous aurez l\u2019occasion d\u2019essayer diff\u00e9rentes tenues, d\u2019apprendre leur symbolique et de vous initier aux gestes qui les accompagnent.<\/p><p data-start=\"415\" data-end=\"571\">Un moment unique pour voyager dans l\u2019histoire, ressentir l\u2019\u00e9l\u00e9gance d\u2019un costume traditionnel et immortaliser l\u2019exp\u00e9rience \u00e0 travers des photos souvenirs.<\/p>\t\t\t\t\t\t\t\t<\/div>\n\t\t\t\t<\/div>\n\t\t<div class=\"elementor-element elementor-element-ba9509b e-con-full e-flex e-con e-child\" data-id=\"ba9509b\" data-element_type=\"container\" data-e-type=\"container\">\n\t\t\t\t<div class=\"elementor-element elementor-element-49adfb1 elementor-widget elementor-widget-heading\" data-id=\"49adfb1\" data-element_type=\"widget\" data-e-type=\"widget\" data-widget_type=\"heading.default\">\n\t\t\t\t\t<h2 class=\"elementor-heading-title elementor-size-default\">Organisation<\/h2>\t\t\t\t<\/div>\n\t\t\t\t<div class=\"elementor-element elementor-element-abe5b75 elementor-widget elementor-widget-text-editor\" data-id=\"abe5b75\" data-element_type=\"widget\" data-e-type=\"widget\" data-widget_type=\"text-editor.default\">\n\t\t\t\t\t\t\t\t\t<p data-start=\"573\" data-end=\"699\">\ud83d\udccd <strong data-start=\"576\" data-end=\"584\">Lieu<\/strong> : [Nom du lieu \/ adresse]<br data-start=\"610\" data-end=\"613\" \/>\ud83d\udcc5 <strong data-start=\"616\" data-end=\"624\">Date<\/strong> : [Jour, mois, ann\u00e9e]<br data-start=\"646\" data-end=\"649\" \/>\ud83d\udd54 <strong data-start=\"652\" data-end=\"663\">Horaire<\/strong> : [Heure de d\u00e9but \u2013 Heure de fin]<\/p><p data-start=\"701\" data-end=\"794\">\u2728 <strong>Atelier ouvert \u00e0 tous<\/strong>, sans pr\u00e9requis, pour une d\u00e9couverte culturelle riche et m\u00e9morable.<\/p>\t\t\t\t\t\t\t\t<\/div>\n\t\t\t\t<\/div>\n\t\t\t\t<\/div>\n\t\t\t\t\t<\/div>\n\t\t\t\t<\/div>\n\t\t<div class=\"elementor-element elementor-element-8f12708 e-flex e-con-boxed e-con e-parent\" data-id=\"8f12708\" data-element_type=\"container\" data-e-type=\"container\">\n\t\t\t\t\t<div class=\"e-con-inner\">\n\t\t\t\t\t<\/div>\n\t\t\t\t<\/div>\n\t\t\t\t<\/div>","protected":false},"excerpt":{"rendered":"<p>Essayage de Hanfu Plongez au c\u0153ur de la tradition chinoise en d\u00e9couvrant le Hanfu, v\u00eatement ancestral \u00e0 l\u2019\u00e9l\u00e9gance intemporelle. Contenu Lors de cet atelier ponctuel et immersif, vous aurez l\u2019occasion d\u2019essayer diff\u00e9rentes tenues, d\u2019apprendre leur symbolique et de vous initier aux gestes qui les accompagnent. Un moment unique pour voyager dans l\u2019histoire, ressentir l\u2019\u00e9l\u00e9gance d\u2019un [&hellip;]<\/p>","protected":false},"author":1,"featured_media":0,"parent":0,"menu_order":0,"comment_status":"closed","ping_status":"closed","template":"","meta":{"ocean_post_layout":"full-screen","ocean_both_sidebars_style":"","ocean_both_sidebars_content_width":0,"ocean_both_sidebars_sidebars_width":0,"ocean_sidebar":"","ocean_second_sidebar":"","ocean_disable_margins":"enable","ocean_add_body_class":"","ocean_shortcode_before_top_bar":"","ocean_shortcode_after_top_bar":"","ocean_shortcode_before_header":"","ocean_shortcode_after_header":"","ocean_has_shortcode":"","ocean_shortcode_after_title":"","ocean_shortcode_before_footer_widgets":"","ocean_shortcode_after_footer_widgets":"","ocean_shortcode_before_footer_bottom":"","ocean_shortcode_after_footer_bottom":"","ocean_display_top_bar":"default","ocean_display_header":"default","ocean_header_style":"","ocean_center_header_left_menu":"","ocean_custom_header_template":"","ocean_custom_logo":0,"ocean_custom_retina_logo":0,"ocean_custom_logo_max_width":0,"ocean_custom_logo_tablet_max_width":0,"ocean_custom_logo_mobile_max_width":0,"ocean_custom_logo_max_height":0,"ocean_custom_logo_tablet_max_height":0,"ocean_custom_logo_mobile_max_height":0,"ocean_header_custom_menu":"","ocean_menu_typo_font_family":"","ocean_menu_typo_font_subset":"","ocean_menu_typo_font_size":0,"ocean_menu_typo_font_size_tablet":0,"ocean_menu_typo_font_size_mobile":0,"ocean_menu_typo_font_size_unit":"px","ocean_menu_typo_font_weight":"","ocean_menu_typo_font_weight_tablet":"","ocean_menu_typo_font_weight_mobile":"","ocean_menu_typo_transform":"","ocean_menu_typo_transform_tablet":"","ocean_menu_typo_transform_mobile":"","ocean_menu_typo_line_height":0,"ocean_menu_typo_line_height_tablet":0,"ocean_menu_typo_line_height_mobile":0,"ocean_menu_typo_line_height_unit":"","ocean_menu_typo_spacing":0,"ocean_menu_typo_spacing_tablet":0,"ocean_menu_typo_spacing_mobile":0,"ocean_menu_typo_spacing_unit":"","ocean_menu_link_color":"","ocean_menu_link_color_hover":"","ocean_menu_link_color_active":"","ocean_menu_link_background":"","ocean_menu_link_hover_background":"","ocean_menu_link_active_background":"","ocean_menu_social_links_bg":"","ocean_menu_social_hover_links_bg":"","ocean_menu_social_links_color":"","ocean_menu_social_hover_links_color":"","ocean_disable_title":"on","ocean_disable_heading":"default","ocean_post_title":"","ocean_post_subheading":"","ocean_post_title_style":"","ocean_post_title_background_color":"","ocean_post_title_background":0,"ocean_post_title_bg_image_position":"","ocean_post_title_bg_image_attachment":"","ocean_post_title_bg_image_repeat":"","ocean_post_title_bg_image_size":"","ocean_post_title_height":0,"ocean_post_title_bg_overlay":0.5,"ocean_post_title_bg_overlay_color":"","ocean_disable_breadcrumbs":"default","ocean_breadcrumbs_color":"","ocean_breadcrumbs_separator_color":"","ocean_breadcrumbs_links_color":"","ocean_breadcrumbs_links_hover_color":"","ocean_display_footer_widgets":"off","ocean_display_footer_bottom":"off","ocean_custom_footer_template":"","footnotes":""},"class_list":["post-842","page","type-page","status-publish","hentry","entry"],"_links":{"self":[{"href":"https:\/\/hanfufrance.com\/zh\/wp-json\/wp\/v2\/pages\/842","targetHints":{"allow":["GET"]}}],"collection":[{"href":"https:\/\/hanfufrance.com\/zh\/wp-json\/wp\/v2\/pages"}],"about":[{"href":"https:\/\/hanfufrance.com\/zh\/wp-json\/wp\/v2\/types\/page"}],"author":[{"embeddable":true,"href":"https:\/\/hanfufrance.com\/zh\/wp-json\/wp\/v2\/users\/1"}],"replies":[{"embeddable":true,"href":"https:\/\/hanfufrance.com\/zh\/wp-json\/wp\/v2\/comments?post=842"}],"version-history":[{"count":25,"href":"https:\/\/hanfufrance.com\/zh\/wp-json\/wp\/v2\/pages\/842\/revisions"}],"predecessor-version":[{"id":896,"href":"https:\/\/hanfufrance.com\/zh\/wp-json\/wp\/v2\/pages\/842\/revisions\/896"}],"wp:attachment":[{"href":"https:\/\/hanfufrance.com\/zh\/wp-json\/wp\/v2\/media?parent=842"}],"curies":[{"name":"wp","href":"https:\/\/api.w.org\/{rel}","templated":true}]}}