{"id":844,"date":"2025-08-26T18:53:20","date_gmt":"2025-08-26T18:53:20","guid":{"rendered":"https:\/\/hanfufrance.com\/?page_id=844"},"modified":"2025-08-26T19:08:56","modified_gmt":"2025-08-26T19:08:56","slug":"atelier-pliage-et-decoupage","status":"publish","type":"page","link":"https:\/\/hanfufrance.com\/zh\/atelier-pliage-et-decoupage\/","title":{"rendered":"Atelier Pliage et D\u00e9coupage"},"content":{"rendered":"<div data-elementor-type=\"wp-page\" data-elementor-id=\"844\" class=\"elementor elementor-844\">\n\t\t\t\t<div class=\"elementor-element elementor-element-1202edc e-flex e-con-boxed e-con e-parent\" data-id=\"1202edc\" data-element_type=\"container\" data-e-type=\"container\" data-settings=\"{&quot;background_background&quot;:&quot;classic&quot;}\">\n\t\t\t\t\t<div class=\"e-con-inner\">\n\t\t<div class=\"elementor-element elementor-element-2e75459 e-con-full e-flex e-con e-child\" data-id=\"2e75459\" data-element_type=\"container\" data-e-type=\"container\">\n\t\t\t\t<div class=\"elementor-element elementor-element-631f13a elementor-widget elementor-widget-heading\" data-id=\"631f13a\" data-element_type=\"widget\" data-e-type=\"widget\" data-widget_type=\"heading.default\">\n\t\t\t\t\t<h2 class=\"elementor-heading-title elementor-size-default\">Atelier Pliage et D\u00e9coupage<\/h2>\t\t\t\t<\/div>\n\t\t\t\t<div class=\"elementor-element elementor-element-0a41942 elementor-widget__width-initial elementor-widget elementor-widget-text-editor\" data-id=\"0a41942\" data-element_type=\"widget\" data-e-type=\"widget\" data-widget_type=\"text-editor.default\">\n\t\t\t\t\t\t\t\t\t<p>Laissez libre cours \u00e0 votre imagination lors de notre<br \/><strong data-start=\"210\" data-end=\"260\">atelier d\u2019initiation au pliage et au d\u00e9coupage<\/strong><\/p>\t\t\t\t\t\t\t\t<\/div>\n\t\t<div class=\"elementor-element elementor-element-6738b76 e-con-full e-flex e-con e-child\" data-id=\"6738b76\" data-element_type=\"container\" data-e-type=\"container\">\n\t\t<div class=\"elementor-element elementor-element-c19f257 e-con-full e-flex e-con e-child\" data-id=\"c19f257\" data-element_type=\"container\" data-e-type=\"container\">\n\t\t\t\t<div class=\"elementor-element elementor-element-3551c80 elementor-widget__width-initial elementor-widget elementor-widget-image\" data-id=\"3551c80\" data-element_type=\"widget\" data-e-type=\"widget\" data-widget_type=\"image.default\">\n\t\t\t\t\t\t\t\t\t\t\t\t\t\t\t<img decoding=\"async\" src=\"https:\/\/hanfufrance.com\/wp-content\/uploads\/2025\/08\/IMG_0343.jpg\" title=\"Screenshot\" alt=\"Screenshot\" loading=\"lazy\" \/>\t\t\t\t\t\t\t\t\t\t\t\t\t\t\t<\/div>\n\t\t\t\t<\/div>\n\t\t<div class=\"elementor-element elementor-element-b9da2d0 e-con-full e-flex e-con e-child\" data-id=\"b9da2d0\" data-element_type=\"container\" data-e-type=\"container\">\n\t\t\t\t<div class=\"elementor-element elementor-element-4675e80 elementor-widget elementor-widget-heading\" data-id=\"4675e80\" data-element_type=\"widget\" data-e-type=\"widget\" data-widget_type=\"heading.default\">\n\t\t\t\t\t<h2 class=\"elementor-heading-title elementor-size-default\">Contenu<\/h2>\t\t\t\t<\/div>\n\t\t\t\t<div class=\"elementor-element elementor-element-63ba3c0 elementor-widget elementor-widget-text-editor\" data-id=\"63ba3c0\" data-element_type=\"widget\" data-e-type=\"widget\" data-widget_type=\"text-editor.default\">\n\t\t\t\t\t\t\t\t\t<p data-start=\"156\" data-end=\"478\">D\u00e9couvrez, le temps d\u2019une exp\u00e9rience ludique et immersive, l\u2019art du pliage et du d\u00e9coupage. Transformez une simple feuille en motifs \u00e9l\u00e9gants et compositions originales, et laissez parler votre cr\u00e9ativit\u00e9 \u00e0 chaque pli et chaque d\u00e9coupe.<\/p>\t\t\t\t\t\t\t\t<\/div>\n\t\t\t\t<\/div>\n\t\t<div class=\"elementor-element elementor-element-d20a76f e-con-full e-flex e-con e-child\" data-id=\"d20a76f\" data-element_type=\"container\" data-e-type=\"container\">\n\t\t\t\t<div class=\"elementor-element elementor-element-0355e9f elementor-widget elementor-widget-heading\" data-id=\"0355e9f\" data-element_type=\"widget\" data-e-type=\"widget\" data-widget_type=\"heading.default\">\n\t\t\t\t\t<h2 class=\"elementor-heading-title elementor-size-default\">Organisation<\/h2>\t\t\t\t<\/div>\n\t\t\t\t<div class=\"elementor-element elementor-element-a66f3e8 elementor-widget elementor-widget-text-editor\" data-id=\"a66f3e8\" data-element_type=\"widget\" data-e-type=\"widget\" data-widget_type=\"text-editor.default\">\n\t\t\t\t\t\t\t\t\t<p>\ud83d\udccd <strong data-start=\"781\" data-end=\"789\">Lieu<\/strong> : [Nom du lieu \/ adresse]<br data-start=\"815\" data-end=\"818\" \/>\ud83d\udcc5 <strong data-start=\"821\" data-end=\"829\">Date<\/strong> : [Jour, mois, ann\u00e9e]<br data-start=\"851\" data-end=\"854\" \/>\ud83d\udd54 <strong data-start=\"857\" data-end=\"868\">Horaire<\/strong> : [Heure de d\u00e9but \u2013 Heure de fin]<\/p><p>\u2728 <strong data-start=\"908\" data-end=\"929\">Accessible \u00e0 tous<\/strong>, sans aucun pr\u00e9requis : il suffit d\u2019avoir l\u2019envie de d\u00e9couvrir, de s\u2019initier et de repartir avec ses propres cr\u00e9ations.<\/p>\t\t\t\t\t\t\t\t<\/div>\n\t\t\t\t<\/div>\n\t\t<div class=\"elementor-element elementor-element-ad4e6df e-con-full e-flex e-con e-child\" data-id=\"ad4e6df\" data-element_type=\"container\" data-e-type=\"container\">\n\t\t\t\t<div class=\"elementor-element elementor-element-c7e40ef elementor-widget elementor-widget-image\" data-id=\"c7e40ef\" data-element_type=\"widget\" data-e-type=\"widget\" data-widget_type=\"image.default\">\n\t\t\t\t\t\t\t\t\t\t\t\t\t\t\t<img fetchpriority=\"high\" decoding=\"async\" width=\"791\" height=\"1024\" src=\"https:\/\/hanfufrance.com\/wp-content\/uploads\/2025\/08\/IMG_0342-791x1024.jpg\" class=\"attachment-large size-large wp-image-865\" alt=\"\" srcset=\"https:\/\/hanfufrance.com\/wp-content\/uploads\/2025\/08\/IMG_0342-791x1024.jpg 791w, https:\/\/hanfufrance.com\/wp-content\/uploads\/2025\/08\/IMG_0342-232x300.jpg 232w, https:\/\/hanfufrance.com\/wp-content\/uploads\/2025\/08\/IMG_0342-768x994.jpg 768w, https:\/\/hanfufrance.com\/wp-content\/uploads\/2025\/08\/IMG_0342-9x12.jpg 9w, https:\/\/hanfufrance.com\/wp-content\/uploads\/2025\/08\/IMG_0342.jpg 1179w\" sizes=\"(max-width: 791px) 100vw, 791px\" \/>\t\t\t\t\t\t\t\t\t\t\t\t\t\t\t<\/div>\n\t\t\t\t<div class=\"elementor-element elementor-element-f536a7c elementor-widget elementor-widget-image\" data-id=\"f536a7c\" data-element_type=\"widget\" data-e-type=\"widget\" data-widget_type=\"image.default\">\n\t\t\t\t\t\t\t\t\t\t\t\t\t\t\t<img decoding=\"async\" width=\"782\" height=\"1024\" src=\"https:\/\/hanfufrance.com\/wp-content\/uploads\/2025\/08\/IMG_0344-782x1024.jpg\" class=\"attachment-large size-large wp-image-871\" alt=\"\" srcset=\"https:\/\/hanfufrance.com\/wp-content\/uploads\/2025\/08\/IMG_0344-782x1024.jpg 782w, https:\/\/hanfufrance.com\/wp-content\/uploads\/2025\/08\/IMG_0344-229x300.jpg 229w, https:\/\/hanfufrance.com\/wp-content\/uploads\/2025\/08\/IMG_0344-768x1006.jpg 768w, https:\/\/hanfufrance.com\/wp-content\/uploads\/2025\/08\/IMG_0344-1173x1536.jpg 1173w, https:\/\/hanfufrance.com\/wp-content\/uploads\/2025\/08\/IMG_0344-9x12.jpg 9w, https:\/\/hanfufrance.com\/wp-content\/uploads\/2025\/08\/IMG_0344.jpg 1179w\" sizes=\"(max-width: 782px) 100vw, 782px\" \/>\t\t\t\t\t\t\t\t\t\t\t\t\t\t\t<\/div>\n\t\t\t\t<\/div>\n\t\t\t\t<\/div>\n\t\t\t\t<\/div>\n\t\t\t\t\t<\/div>\n\t\t\t\t<\/div>\n\t\t<div class=\"elementor-element elementor-element-d371967 e-flex e-con-boxed e-con e-parent\" data-id=\"d371967\" data-element_type=\"container\" data-e-type=\"container\">\n\t\t\t\t\t<div class=\"e-con-inner\">\n\t\t\t\t\t<\/div>\n\t\t\t\t<\/div>\n\t\t\t\t<\/div>","protected":false},"excerpt":{"rendered":"<p>Atelier Pliage et D\u00e9coupage Laissez libre cours \u00e0 votre imagination lors de notreatelier d\u2019initiation au pliage et au d\u00e9coupage Contenu D\u00e9couvrez, le temps d\u2019une exp\u00e9rience ludique et immersive, l\u2019art du pliage et du d\u00e9coupage. Transformez une simple feuille en motifs \u00e9l\u00e9gants et compositions originales, et laissez parler votre cr\u00e9ativit\u00e9 \u00e0 chaque pli et chaque d\u00e9coupe. [&hellip;]<\/p>","protected":false},"author":1,"featured_media":0,"parent":0,"menu_order":0,"comment_status":"closed","ping_status":"closed","template":"","meta":{"ocean_post_layout":"full-screen","ocean_both_sidebars_style":"","ocean_both_sidebars_content_width":0,"ocean_both_sidebars_sidebars_width":0,"ocean_sidebar":"","ocean_second_sidebar":"","ocean_disable_margins":"enable","ocean_add_body_class":"","ocean_shortcode_before_top_bar":"","ocean_shortcode_after_top_bar":"","ocean_shortcode_before_header":"","ocean_shortcode_after_header":"","ocean_has_shortcode":"","ocean_shortcode_after_title":"","ocean_shortcode_before_footer_widgets":"","ocean_shortcode_after_footer_widgets":"","ocean_shortcode_before_footer_bottom":"","ocean_shortcode_after_footer_bottom":"","ocean_display_top_bar":"default","ocean_display_header":"default","ocean_header_style":"","ocean_center_header_left_menu":"","ocean_custom_header_template":"","ocean_custom_logo":0,"ocean_custom_retina_logo":0,"ocean_custom_logo_max_width":0,"ocean_custom_logo_tablet_max_width":0,"ocean_custom_logo_mobile_max_width":0,"ocean_custom_logo_max_height":0,"ocean_custom_logo_tablet_max_height":0,"ocean_custom_logo_mobile_max_height":0,"ocean_header_custom_menu":"","ocean_menu_typo_font_family":"","ocean_menu_typo_font_subset":"","ocean_menu_typo_font_size":0,"ocean_menu_typo_font_size_tablet":0,"ocean_menu_typo_font_size_mobile":0,"ocean_menu_typo_font_size_unit":"px","ocean_menu_typo_font_weight":"","ocean_menu_typo_font_weight_tablet":"","ocean_menu_typo_font_weight_mobile":"","ocean_menu_typo_transform":"","ocean_menu_typo_transform_tablet":"","ocean_menu_typo_transform_mobile":"","ocean_menu_typo_line_height":0,"ocean_menu_typo_line_height_tablet":0,"ocean_menu_typo_line_height_mobile":0,"ocean_menu_typo_line_height_unit":"","ocean_menu_typo_spacing":0,"ocean_menu_typo_spacing_tablet":0,"ocean_menu_typo_spacing_mobile":0,"ocean_menu_typo_spacing_unit":"","ocean_menu_link_color":"","ocean_menu_link_color_hover":"","ocean_menu_link_color_active":"","ocean_menu_link_background":"","ocean_menu_link_hover_background":"","ocean_menu_link_active_background":"","ocean_menu_social_links_bg":"","ocean_menu_social_hover_links_bg":"","ocean_menu_social_links_color":"","ocean_menu_social_hover_links_color":"","ocean_disable_title":"on","ocean_disable_heading":"default","ocean_post_title":"","ocean_post_subheading":"","ocean_post_title_style":"","ocean_post_title_background_color":"","ocean_post_title_background":0,"ocean_post_title_bg_image_position":"","ocean_post_title_bg_image_attachment":"","ocean_post_title_bg_image_repeat":"","ocean_post_title_bg_image_size":"","ocean_post_title_height":0,"ocean_post_title_bg_overlay":0.5,"ocean_post_title_bg_overlay_color":"","ocean_disable_breadcrumbs":"default","ocean_breadcrumbs_color":"","ocean_breadcrumbs_separator_color":"","ocean_breadcrumbs_links_color":"","ocean_breadcrumbs_links_hover_color":"","ocean_display_footer_widgets":"off","ocean_display_footer_bottom":"off","ocean_custom_footer_template":"","footnotes":""},"class_list":["post-844","page","type-page","status-publish","hentry","entry"],"_links":{"self":[{"href":"https:\/\/hanfufrance.com\/zh\/wp-json\/wp\/v2\/pages\/844","targetHints":{"allow":["GET"]}}],"collection":[{"href":"https:\/\/hanfufrance.com\/zh\/wp-json\/wp\/v2\/pages"}],"about":[{"href":"https:\/\/hanfufrance.com\/zh\/wp-json\/wp\/v2\/types\/page"}],"author":[{"embeddable":true,"href":"https:\/\/hanfufrance.com\/zh\/wp-json\/wp\/v2\/users\/1"}],"replies":[{"embeddable":true,"href":"https:\/\/hanfufrance.com\/zh\/wp-json\/wp\/v2\/comments?post=844"}],"version-history":[{"count":10,"href":"https:\/\/hanfufrance.com\/zh\/wp-json\/wp\/v2\/pages\/844\/revisions"}],"predecessor-version":[{"id":877,"href":"https:\/\/hanfufrance.com\/zh\/wp-json\/wp\/v2\/pages\/844\/revisions\/877"}],"wp:attachment":[{"href":"https:\/\/hanfufrance.com\/zh\/wp-json\/wp\/v2\/media?parent=844"}],"curies":[{"name":"wp","href":"https:\/\/api.w.org\/{rel}","templated":true}]}}